{"id":3442,"date":"2017-02-18T17:11:31","date_gmt":"2017-02-18T17:11:31","guid":{"rendered":"http:\/\/photostory.dk\/?page_id=3442"},"modified":"2017-02-18T17:11:31","modified_gmt":"2017-02-18T17:11:31","slug":"et-trae-har-groenne-blade","status":"publish","type":"page","link":"https:\/\/www.photostory.dk\/?page_id=3442","title":{"rendered":"Et tr\u00e6 har gr\u00f8nne blade"},"content":{"rendered":"<p><a href=\"http:\/\/photostory.dk\/wp-content\/uploads\/2017\/02\/co-99-et-trae_small.jpg\"><img decoding=\"async\" loading=\"lazy\" class=\"size-full wp-image-3443 aligncenter\" src=\"http:\/\/photostory.dk\/wp-content\/uploads\/2017\/02\/co-99-et-trae_small.jpg\" alt=\"\" width=\"400\" height=\"238\" srcset=\"https:\/\/www.photostory.dk\/wp-content\/uploads\/2017\/02\/co-99-et-trae_small.jpg 400w, https:\/\/www.photostory.dk\/wp-content\/uploads\/2017\/02\/co-99-et-trae_small-295x176.jpg 295w\" sizes=\"(max-width: 400px) 100vw, 400px\" \/><\/a><\/p>\n<p style=\"text-align: center;\"><strong>Costa Karlslunde Digte 1981\u00a0&#8220;Et tr\u00e6 har&#8230;.&#8221;<\/strong><\/p>\n<p style=\"text-align: center;\"><strong>Et tr\u00e6<\/strong><\/p>\n<p style=\"text-align: center;\">Et tr\u00e6 har gr\u00f8nne blade<br \/>\net tr\u00e6 har en stamme<br \/>\net tr\u00e6 har en rod<br \/>\net tr\u00e6 har grene<br \/>\net tr\u00e6 har alting<br \/>\nmen ikke et hjerte.<\/p>\n<p>\u201cCosta Karlslunde Digte 1981\u201d var en del af et undervisningsprojekt i 1981 p\u00e5 Karlslunde Skole om lokalmilj\u00f8er i bl.a. Aved\u00f8re, Lyngby og Karlslunde. De her gengivne digte m.m. er fra Karlslunde og omegn og udf\u00f8rt af eleverne fra 5, 6 og 7. klasse. De er efterf\u00f8lgende udgivet p\u00e5 internettet af Lars Bj\u00f8rnsten til inspiration for andre.<\/p>\n<p style=\"text-align: center;\"><a href=\"http:\/\/photostory.dk\/?page_id=835\">Oversigt Costa Karlslunde Digte 1981. Skoledigte<\/a><\/p>\n","protected":false},"excerpt":{"rendered":"<p>Costa Karlslunde Digte 1981\u00a0&#8220;Et tr\u00e6 har&#8230;.&#8221; Et tr\u00e6 Et tr\u00e6 har gr\u00f8nne blade et tr\u00e6 har en stamme et tr\u00e6 har en rod et tr\u00e6 har grene et tr\u00e6 har alting men ikke et hjerte. \u201cCosta Karlslunde Digte 1981\u201d var en del af et undervisningsprojekt i 1981 p\u00e5 Karlslunde Skole om lokalmilj\u00f8er i bl.a. Aved\u00f8re, &hellip; <a href=\"https:\/\/www.photostory.dk\/?page_id=3442\" class=\"more-link\">L\u00e6s mere <span class=\"screen-reader-text\">Et tr\u00e6 har gr\u00f8nne blade<\/span><\/a><\/p>\n","protected":false},"author":1,"featured_media":0,"parent":0,"menu_order":0,"comment_status":"closed","ping_status":"closed","template":"","meta":[],"_links":{"self":[{"href":"https:\/\/www.photostory.dk\/index.php?rest_route=\/wp\/v2\/pages\/3442"}],"collection":[{"href":"https:\/\/www.photostory.dk\/index.php?rest_route=\/wp\/v2\/pages"}],"about":[{"href":"https:\/\/www.photostory.dk\/index.php?rest_route=\/wp\/v2\/types\/page"}],"author":[{"embeddable":true,"href":"https:\/\/www.photostory.dk\/index.php?rest_route=\/wp\/v2\/users\/1"}],"replies":[{"embeddable":true,"href":"https:\/\/www.photostory.dk\/index.php?rest_route=%2Fwp%2Fv2%2Fcomments&post=3442"}],"version-history":[{"count":2,"href":"https:\/\/www.photostory.dk\/index.php?rest_route=\/wp\/v2\/pages\/3442\/revisions"}],"predecessor-version":[{"id":3446,"href":"https:\/\/www.photostory.dk\/index.php?rest_route=\/wp\/v2\/pages\/3442\/revisions\/3446"}],"wp:attachment":[{"href":"https:\/\/www.photostory.dk\/index.php?rest_route=%2Fwp%2Fv2%2Fmedia&parent=3442"}],"curies":[{"name":"wp","href":"https:\/\/api.w.org\/{rel}","templated":true}]}}