{"id":3437,"date":"2017-02-18T17:07:45","date_gmt":"2017-02-18T17:07:45","guid":{"rendered":"http:\/\/photostory.dk\/?page_id=3437"},"modified":"2017-02-18T17:07:45","modified_gmt":"2017-02-18T17:07:45","slug":"karlslunde-digte-1981-ud-at-cykle","status":"publish","type":"page","link":"https:\/\/www.photostory.dk\/?page_id=3437","title":{"rendered":"Karlslunde Digte 1981 &#8220;Ud at cykle&#8221;"},"content":{"rendered":"<p><a href=\"http:\/\/photostory.dk\/wp-content\/uploads\/2017\/02\/co-99-cykle_small.jpg\"><img decoding=\"async\" loading=\"lazy\" class=\"size-full wp-image-3438 aligncenter\" src=\"http:\/\/photostory.dk\/wp-content\/uploads\/2017\/02\/co-99-cykle_small.jpg\" alt=\"\" width=\"400\" height=\"487\" srcset=\"https:\/\/www.photostory.dk\/wp-content\/uploads\/2017\/02\/co-99-cykle_small.jpg 400w, https:\/\/www.photostory.dk\/wp-content\/uploads\/2017\/02\/co-99-cykle_small-181x220.jpg 181w\" sizes=\"(max-width: 400px) 100vw, 400px\" \/><\/a><\/p>\n<p style=\"text-align: center;\">Costa Karlslunde Digte 1981\u00a0&#8220;Ud at cykle&#8221;<\/p>\n<p style=\"text-align: center;\"><strong>Cykle<\/strong><\/p>\n<p style=\"text-align: center;\">Ud at cykle<br \/>\nrundt i svinget<br \/>\nud af vejen<br \/>\nendnu et sving<br \/>\nop ad bakke<br \/>\nned ad bakke<br \/>\net sving<br \/>\nog s\u00e5 hjemme.<\/p>\n<p>\u201cCosta Karlslunde Digte 1981\u201d var en del af et undervisningsprojekt i 1981 p\u00e5 Karlslunde Skole om lokalmilj\u00f8er i bl.a. Aved\u00f8re, Lyngby og Karlslunde. De her gengivne digte m.m. er fra Karlslunde og omegn og udf\u00f8rt af eleverne fra 5, 6 og 7. klasse. De er efterf\u00f8lgende udgivet p\u00e5 internettet af Lars Bj\u00f8rnsten til inspiration for andre.<\/p>\n<p style=\"text-align: center;\">Oversigt Costa Karlslunde Digte 1981. Skoledigte<\/p>\n","protected":false},"excerpt":{"rendered":"<p>Costa Karlslunde Digte 1981\u00a0&#8220;Ud at cykle&#8221; Cykle Ud at cykle rundt i svinget ud af vejen endnu et sving op ad bakke ned ad bakke et sving og s\u00e5 hjemme. \u201cCosta Karlslunde Digte 1981\u201d var en del af et undervisningsprojekt i 1981 p\u00e5 Karlslunde Skole om lokalmilj\u00f8er i bl.a. Aved\u00f8re, Lyngby og Karlslunde. De her &hellip; <a href=\"https:\/\/www.photostory.dk\/?page_id=3437\" class=\"more-link\">L\u00e6s mere <span class=\"screen-reader-text\">Karlslunde Digte 1981 &#8220;Ud at cykle&#8221;<\/span><\/a><\/p>\n","protected":false},"author":1,"featured_media":0,"parent":0,"menu_order":0,"comment_status":"closed","ping_status":"closed","template":"","meta":[],"_links":{"self":[{"href":"https:\/\/www.photostory.dk\/index.php?rest_route=\/wp\/v2\/pages\/3437"}],"collection":[{"href":"https:\/\/www.photostory.dk\/index.php?rest_route=\/wp\/v2\/pages"}],"about":[{"href":"https:\/\/www.photostory.dk\/index.php?rest_route=\/wp\/v2\/types\/page"}],"author":[{"embeddable":true,"href":"https:\/\/www.photostory.dk\/index.php?rest_route=\/wp\/v2\/users\/1"}],"replies":[{"embeddable":true,"href":"https:\/\/www.photostory.dk\/index.php?rest_route=%2Fwp%2Fv2%2Fcomments&post=3437"}],"version-history":[{"count":2,"href":"https:\/\/www.photostory.dk\/index.php?rest_route=\/wp\/v2\/pages\/3437\/revisions"}],"predecessor-version":[{"id":3441,"href":"https:\/\/www.photostory.dk\/index.php?rest_route=\/wp\/v2\/pages\/3437\/revisions\/3441"}],"wp:attachment":[{"href":"https:\/\/www.photostory.dk\/index.php?rest_route=%2Fwp%2Fv2%2Fmedia&parent=3437"}],"curies":[{"name":"wp","href":"https:\/\/api.w.org\/{rel}","templated":true}]}}