{"id":3429,"date":"2017-02-18T17:01:14","date_gmt":"2017-02-18T17:01:14","guid":{"rendered":"http:\/\/photostory.dk\/?page_id=3429"},"modified":"2017-02-18T17:02:33","modified_gmt":"2017-02-18T17:02:33","slug":"digt-om-livet-i-skoven","status":"publish","type":"page","link":"https:\/\/www.photostory.dk\/?page_id=3429","title":{"rendered":"Digt om livet i skoven"},"content":{"rendered":"<p><a href=\"http:\/\/photostory.dk\/wp-content\/uploads\/2017\/02\/co-98-nu-sover_small.jpg\"><img decoding=\"async\" loading=\"lazy\" class=\"size-full wp-image-3430 aligncenter\" src=\"http:\/\/photostory.dk\/wp-content\/uploads\/2017\/02\/co-98-nu-sover_small.jpg\" alt=\"\" width=\"400\" height=\"272\" srcset=\"https:\/\/www.photostory.dk\/wp-content\/uploads\/2017\/02\/co-98-nu-sover_small.jpg 400w, https:\/\/www.photostory.dk\/wp-content\/uploads\/2017\/02\/co-98-nu-sover_small-295x201.jpg 295w\" sizes=\"(max-width: 400px) 100vw, 400px\" \/><\/a><\/p>\n<p style=\"text-align: center;\">Livet<\/p>\n<p style=\"text-align: center;\">Nu sover alle skovens dyr<br \/>\nher er en herlig fred,<br \/>\nog blomsterne har lukket sig,<br \/>\nog mine \u00f8jne med<\/p>\n<p style=\"text-align: center;\">Nu falder alle skovens blade,<br \/>\nher er en sus og dus<br \/>\nog blomsterne er visne nu,<br \/>\nog kornet bragt i hus<\/p>\n<p>\u201cCosta Karlslunde Digte 1981\u201d var en del af et undervisningsprojekt i 1981 p\u00e5 Karlslunde Skole om lokalmilj\u00f8er i bl.a. Aved\u00f8re, Lyngby og Karlslunde. De her gengivne digte m.m. er fra Karlslunde og omegn og udf\u00f8rt af eleverne fra 5, 6 og 7. klasse. De er efterf\u00f8lgende udgivet p\u00e5 internettet af Lars Bj\u00f8rnsten til inspiration for andre.<\/p>\n<p style=\"text-align: center;\"><a href=\"http:\/\/photostory.dk\/?page_id=835\">Oversigt Costa Karlslunde Digte 1981. Skoledigte<\/a><\/p>\n","protected":false},"excerpt":{"rendered":"<p>Livet Nu sover alle skovens dyr her er en herlig fred, og blomsterne har lukket sig, og mine \u00f8jne med Nu falder alle skovens blade, her er en sus og dus og blomsterne er visne nu, og kornet bragt i hus \u201cCosta Karlslunde Digte 1981\u201d var en del af et undervisningsprojekt i 1981 p\u00e5 Karlslunde &hellip; <a href=\"https:\/\/www.photostory.dk\/?page_id=3429\" class=\"more-link\">L\u00e6s mere <span class=\"screen-reader-text\">Digt om livet i skoven<\/span><\/a><\/p>\n","protected":false},"author":1,"featured_media":0,"parent":0,"menu_order":0,"comment_status":"closed","ping_status":"closed","template":"","meta":[],"_links":{"self":[{"href":"https:\/\/www.photostory.dk\/index.php?rest_route=\/wp\/v2\/pages\/3429"}],"collection":[{"href":"https:\/\/www.photostory.dk\/index.php?rest_route=\/wp\/v2\/pages"}],"about":[{"href":"https:\/\/www.photostory.dk\/index.php?rest_route=\/wp\/v2\/types\/page"}],"author":[{"embeddable":true,"href":"https:\/\/www.photostory.dk\/index.php?rest_route=\/wp\/v2\/users\/1"}],"replies":[{"embeddable":true,"href":"https:\/\/www.photostory.dk\/index.php?rest_route=%2Fwp%2Fv2%2Fcomments&post=3429"}],"version-history":[{"count":3,"href":"https:\/\/www.photostory.dk\/index.php?rest_route=\/wp\/v2\/pages\/3429\/revisions"}],"predecessor-version":[{"id":3435,"href":"https:\/\/www.photostory.dk\/index.php?rest_route=\/wp\/v2\/pages\/3429\/revisions\/3435"}],"wp:attachment":[{"href":"https:\/\/www.photostory.dk\/index.php?rest_route=%2Fwp%2Fv2%2Fmedia&parent=3429"}],"curies":[{"name":"wp","href":"https:\/\/api.w.org\/{rel}","templated":true}]}}