{"id":3415,"date":"2017-02-18T16:42:06","date_gmt":"2017-02-18T16:42:06","guid":{"rendered":"http:\/\/photostory.dk\/?page_id=3415"},"modified":"2017-02-18T16:42:06","modified_gmt":"2017-02-18T16:42:06","slug":"digt-der-er-lys-paa-kastanien","status":"publish","type":"page","link":"https:\/\/www.photostory.dk\/?page_id=3415","title":{"rendered":"Digt: &#8220;Der er lys p\u00e5 kastanien&#8221;"},"content":{"rendered":"<p style=\"text-align: center;\"><a href=\"http:\/\/photostory.dk\/wp-content\/uploads\/2017\/02\/co-97-digt-der-er-lys_small.jpg\"><img decoding=\"async\" loading=\"lazy\" class=\"size-full wp-image-3416 aligncenter\" src=\"http:\/\/photostory.dk\/wp-content\/uploads\/2017\/02\/co-97-digt-der-er-lys_small.jpg\" alt=\"\" width=\"400\" height=\"655\" srcset=\"https:\/\/www.photostory.dk\/wp-content\/uploads\/2017\/02\/co-97-digt-der-er-lys_small.jpg 400w, https:\/\/www.photostory.dk\/wp-content\/uploads\/2017\/02\/co-97-digt-der-er-lys_small-134x220.jpg 134w\" sizes=\"(max-width: 400px) 100vw, 400px\" \/><\/a><br \/>\n<strong>&#8220;Digt. Der er lys p\u00e5 kastanien&#8221;<\/strong><\/p>\n<p style=\"text-align: center;\">Digt<br \/>\nDer er lys p\u00e5 kastanien<br \/>\nb\u00f8gen er blevet gr\u00f8n<br \/>\njeg g\u00e5r med bare t\u00e6r<br \/>\nen sodavandsis smager godt<br \/>\njeg elsker vandet<br \/>\nman f\u00e5r lyst til s\u00e5 meget<br \/>\nalle g\u00e5r i sommert\u00f8j<br \/>\nde gamle fugle har travlt<br \/>\nsolen str\u00e5ler dagen lang<br \/>\ndet varmer.<\/p>\n<p>\u201cCosta Karlslunde Digte 1981\u201d var en del af et undervisningsprojekt i 1981 p\u00e5\u00a0Karlslunde Skole\u00a0om\u00a0lokalmilj\u00f8er i bl.a. Aved\u00f8re, Lyngby\u00a0og Karlslunde. De her gengivne digte m.m. er fra Karlslunde og omegn\u00a0og udf\u00f8rt af eleverne fra 5, 6 og 7. klasse.<\/p>\n<p style=\"text-align: center;\"><a href=\"http:\/\/photostory.dk\/?page_id=835\">Oversigt Costa Karlslunde Digte 1981. Skoledigte<\/a><\/p>\n","protected":false},"excerpt":{"rendered":"<p>&#8220;Digt. Der er lys p\u00e5 kastanien&#8221; Digt Der er lys p\u00e5 kastanien b\u00f8gen er blevet gr\u00f8n jeg g\u00e5r med bare t\u00e6r en sodavandsis smager godt jeg elsker vandet man f\u00e5r lyst til s\u00e5 meget alle g\u00e5r i sommert\u00f8j de gamle fugle har travlt solen str\u00e5ler dagen lang det varmer. \u201cCosta Karlslunde Digte 1981\u201d var en &hellip; <a href=\"https:\/\/www.photostory.dk\/?page_id=3415\" class=\"more-link\">L\u00e6s mere <span class=\"screen-reader-text\">Digt: &#8220;Der er lys p\u00e5 kastanien&#8221;<\/span><\/a><\/p>\n","protected":false},"author":1,"featured_media":0,"parent":0,"menu_order":0,"comment_status":"closed","ping_status":"closed","template":"","meta":[],"_links":{"self":[{"href":"https:\/\/www.photostory.dk\/index.php?rest_route=\/wp\/v2\/pages\/3415"}],"collection":[{"href":"https:\/\/www.photostory.dk\/index.php?rest_route=\/wp\/v2\/pages"}],"about":[{"href":"https:\/\/www.photostory.dk\/index.php?rest_route=\/wp\/v2\/types\/page"}],"author":[{"embeddable":true,"href":"https:\/\/www.photostory.dk\/index.php?rest_route=\/wp\/v2\/users\/1"}],"replies":[{"embeddable":true,"href":"https:\/\/www.photostory.dk\/index.php?rest_route=%2Fwp%2Fv2%2Fcomments&post=3415"}],"version-history":[{"count":1,"href":"https:\/\/www.photostory.dk\/index.php?rest_route=\/wp\/v2\/pages\/3415\/revisions"}],"predecessor-version":[{"id":3418,"href":"https:\/\/www.photostory.dk\/index.php?rest_route=\/wp\/v2\/pages\/3415\/revisions\/3418"}],"wp:attachment":[{"href":"https:\/\/www.photostory.dk\/index.php?rest_route=%2Fwp%2Fv2%2Fmedia&parent=3415"}],"curies":[{"name":"wp","href":"https:\/\/api.w.org\/{rel}","templated":true}]}}