{"id":3408,"date":"2017-02-18T12:46:23","date_gmt":"2017-02-18T12:46:23","guid":{"rendered":"http:\/\/photostory.dk\/?page_id=3408"},"modified":"2017-02-18T12:47:48","modified_gmt":"2017-02-18T12:47:48","slug":"3408-2","status":"publish","type":"page","link":"https:\/\/www.photostory.dk\/?page_id=3408","title":{"rendered":"&#8220;Jeg sidder her og knokler&#8221;"},"content":{"rendered":"<p><a href=\"http:\/\/photostory.dk\/wp-content\/uploads\/2017\/02\/co-96-jeg-sidder_small.jpg\"><img decoding=\"async\" loading=\"lazy\" class=\"size-full wp-image-3409 aligncenter\" src=\"http:\/\/photostory.dk\/wp-content\/uploads\/2017\/02\/co-96-jeg-sidder_small.jpg\" alt=\"\" width=\"400\" height=\"640\" srcset=\"https:\/\/www.photostory.dk\/wp-content\/uploads\/2017\/02\/co-96-jeg-sidder_small.jpg 400w, https:\/\/www.photostory.dk\/wp-content\/uploads\/2017\/02\/co-96-jeg-sidder_small-138x220.jpg 138w\" sizes=\"(max-width: 400px) 100vw, 400px\" \/><\/a><\/p>\n<p style=\"text-align: center;\"><strong>Costa Karlslunde Digte 1981\u00a0&#8220;Jeg sidder her og knokler&#8221;<\/strong><\/p>\n<p style=\"text-align: center;\">Tegning: figurer, blyant<\/p>\n<p style=\"text-align: center;\"><strong>Knokleri<\/strong><\/p>\n<p style=\"text-align: center;\">Jeg sidder her og knokler<br \/>\nmed et lille vers<br \/>\ntiden g\u00e5r s\u00e5 langsom<br \/>\nmen det g\u00f8r ikke spor<\/p>\n<p>\u201cCosta Karlslunde Digte 1981\u201d var en del af et undervisningsprojekt i 1981 p\u00e5\u00a0Karlslunde Skole\u00a0om\u00a0lokalmilj\u00f8er i bl.a. Aved\u00f8re, Lyngby\u00a0og Karlslunde. De her gengivne digte m.m. er fra Karlslunde og omegn\u00a0og udf\u00f8rt af eleverne fra 5, 6 og 7. klasse.<\/p>\n<p style=\"text-align: center;\"><a href=\"http:\/\/photostory.dk\/?page_id=835\">Oversigt Costa Karlslunde Digte 1981. Skoledigte<\/a><\/p>\n","protected":false},"excerpt":{"rendered":"<p>Costa Karlslunde Digte 1981\u00a0&#8220;Jeg sidder her og knokler&#8221; Tegning: figurer, blyant Knokleri Jeg sidder her og knokler med et lille vers tiden g\u00e5r s\u00e5 langsom men det g\u00f8r ikke spor \u201cCosta Karlslunde Digte 1981\u201d var en del af et undervisningsprojekt i 1981 p\u00e5\u00a0Karlslunde Skole\u00a0om\u00a0lokalmilj\u00f8er i bl.a. Aved\u00f8re, Lyngby\u00a0og Karlslunde. De her gengivne digte m.m. er &hellip; <a href=\"https:\/\/www.photostory.dk\/?page_id=3408\" class=\"more-link\">L\u00e6s mere <span class=\"screen-reader-text\">&#8220;Jeg sidder her og knokler&#8221;<\/span><\/a><\/p>\n","protected":false},"author":1,"featured_media":0,"parent":0,"menu_order":0,"comment_status":"closed","ping_status":"closed","template":"","meta":[],"_links":{"self":[{"href":"https:\/\/www.photostory.dk\/index.php?rest_route=\/wp\/v2\/pages\/3408"}],"collection":[{"href":"https:\/\/www.photostory.dk\/index.php?rest_route=\/wp\/v2\/pages"}],"about":[{"href":"https:\/\/www.photostory.dk\/index.php?rest_route=\/wp\/v2\/types\/page"}],"author":[{"embeddable":true,"href":"https:\/\/www.photostory.dk\/index.php?rest_route=\/wp\/v2\/users\/1"}],"replies":[{"embeddable":true,"href":"https:\/\/www.photostory.dk\/index.php?rest_route=%2Fwp%2Fv2%2Fcomments&post=3408"}],"version-history":[{"count":3,"href":"https:\/\/www.photostory.dk\/index.php?rest_route=\/wp\/v2\/pages\/3408\/revisions"}],"predecessor-version":[{"id":3413,"href":"https:\/\/www.photostory.dk\/index.php?rest_route=\/wp\/v2\/pages\/3408\/revisions\/3413"}],"wp:attachment":[{"href":"https:\/\/www.photostory.dk\/index.php?rest_route=%2Fwp%2Fv2%2Fmedia&parent=3408"}],"curies":[{"name":"wp","href":"https:\/\/api.w.org\/{rel}","templated":true}]}}