{"id":3403,"date":"2017-02-18T12:42:18","date_gmt":"2017-02-18T12:42:18","guid":{"rendered":"http:\/\/photostory.dk\/?page_id=3403"},"modified":"2017-02-18T12:42:18","modified_gmt":"2017-02-18T12:42:18","slug":"der-var-en-gang-en-digter","status":"publish","type":"page","link":"https:\/\/www.photostory.dk\/?page_id=3403","title":{"rendered":"Der var en gang en digter"},"content":{"rendered":"<p><a href=\"http:\/\/photostory.dk\/wp-content\/uploads\/2017\/02\/co-95-der-var-engang_small.jpg\"><img decoding=\"async\" loading=\"lazy\" class=\"size-full wp-image-3404 aligncenter\" src=\"http:\/\/photostory.dk\/wp-content\/uploads\/2017\/02\/co-95-der-var-engang_small.jpg\" alt=\"\" width=\"400\" height=\"375\" srcset=\"https:\/\/www.photostory.dk\/wp-content\/uploads\/2017\/02\/co-95-der-var-engang_small.jpg 400w, https:\/\/www.photostory.dk\/wp-content\/uploads\/2017\/02\/co-95-der-var-engang_small-235x220.jpg 235w\" sizes=\"(max-width: 400px) 100vw, 400px\" \/><\/a><\/p>\n<p style=\"text-align: center;\"><strong>Der var engang<\/strong><\/p>\n<p style=\"text-align: center;\">Der var en gang en digter<br \/>\nhan digtede hele<br \/>\ndagen, til sidst ville han<br \/>\nikke digte mer<br \/>\nfor han var tr\u00e6t af digte.<br \/>\nS\u00e5 d\u00f8de han<br \/>\nOg i den grave han<br \/>\nl\u00e5 i kunne han digte<br \/>\nvidere i vis han vil.<\/p>\n<p>\u201cCosta Karlslunde Digte 1981\u201d var en del af et undervisningsprojekt i 1981 p\u00e5\u00a0Karlslunde Skole\u00a0om\u00a0lokalmilj\u00f8er i bl.a. Aved\u00f8re, Lyngby\u00a0og Karlslunde. De her gengivne digte m.m. er fra Karlslunde og omegn\u00a0og udf\u00f8rt af eleverne fra 5, 6 og 7. klasse.<\/p>\n<p style=\"text-align: center;\"><a href=\"http:\/\/photostory.dk\/?page_id=835\">Oversigt Costa Karlslunde Digte 1981. Skoledigte<\/a><\/p>\n","protected":false},"excerpt":{"rendered":"<p>Der var engang Der var en gang en digter han digtede hele dagen, til sidst ville han ikke digte mer for han var tr\u00e6t af digte. S\u00e5 d\u00f8de han Og i den grave han l\u00e5 i kunne han digte videre i vis han vil. \u201cCosta Karlslunde Digte 1981\u201d var en del af et undervisningsprojekt i &hellip; <a href=\"https:\/\/www.photostory.dk\/?page_id=3403\" class=\"more-link\">L\u00e6s mere <span class=\"screen-reader-text\">Der var en gang en digter<\/span><\/a><\/p>\n","protected":false},"author":1,"featured_media":0,"parent":0,"menu_order":0,"comment_status":"closed","ping_status":"closed","template":"","meta":[],"_links":{"self":[{"href":"https:\/\/www.photostory.dk\/index.php?rest_route=\/wp\/v2\/pages\/3403"}],"collection":[{"href":"https:\/\/www.photostory.dk\/index.php?rest_route=\/wp\/v2\/pages"}],"about":[{"href":"https:\/\/www.photostory.dk\/index.php?rest_route=\/wp\/v2\/types\/page"}],"author":[{"embeddable":true,"href":"https:\/\/www.photostory.dk\/index.php?rest_route=\/wp\/v2\/users\/1"}],"replies":[{"embeddable":true,"href":"https:\/\/www.photostory.dk\/index.php?rest_route=%2Fwp%2Fv2%2Fcomments&post=3403"}],"version-history":[{"count":2,"href":"https:\/\/www.photostory.dk\/index.php?rest_route=\/wp\/v2\/pages\/3403\/revisions"}],"predecessor-version":[{"id":3407,"href":"https:\/\/www.photostory.dk\/index.php?rest_route=\/wp\/v2\/pages\/3403\/revisions\/3407"}],"wp:attachment":[{"href":"https:\/\/www.photostory.dk\/index.php?rest_route=%2Fwp%2Fv2%2Fmedia&parent=3403"}],"curies":[{"name":"wp","href":"https:\/\/api.w.org\/{rel}","templated":true}]}}