{"id":3388,"date":"2017-02-18T11:54:39","date_gmt":"2017-02-18T11:54:39","guid":{"rendered":"http:\/\/photostory.dk\/?page_id=3388"},"modified":"2017-02-18T11:55:10","modified_gmt":"2017-02-18T11:55:10","slug":"hvad-er-et-digt","status":"publish","type":"page","link":"https:\/\/www.photostory.dk\/?page_id=3388","title":{"rendered":"Hvad er et digt?"},"content":{"rendered":"<p><a href=\"http:\/\/photostory.dk\/wp-content\/uploads\/2017\/02\/co-93-digt_small.jpg\"><img decoding=\"async\" loading=\"lazy\" class=\"size-full wp-image-3389 aligncenter\" src=\"http:\/\/photostory.dk\/wp-content\/uploads\/2017\/02\/co-93-digt_small.jpg\" alt=\"\" width=\"400\" height=\"419\" srcset=\"https:\/\/www.photostory.dk\/wp-content\/uploads\/2017\/02\/co-93-digt_small.jpg 400w, https:\/\/www.photostory.dk\/wp-content\/uploads\/2017\/02\/co-93-digt_small-210x220.jpg 210w\" sizes=\"(max-width: 400px) 100vw, 400px\" \/><\/a><\/p>\n<p style=\"text-align: center;\"><strong>Digt<\/strong><\/p>\n<p style=\"text-align: center;\">Hvad er et digt?<br \/>\nEr et digt noget andre skal<br \/>\nfinde p\u00e5, hvis andre ikke selv<br \/>\ngider?<br \/>\nEr det sv\u00e6rt at digte?<br \/>\nHvordan er et digt blevet til et digt?<br \/>\nSkal et digt handle om ture,<br \/>\nk\u00e6rlighed, fritid, virkelighed, dr\u00f8mme<br \/>\neller hvad<\/p>\n<p>\u201cCosta Karlslunde Digte 1981\u201d var en del af et undervisningsprojekt i 1981 p\u00e5\u00a0Karlslunde Skole\u00a0om\u00a0lokalmilj\u00f8er i bl.a. Aved\u00f8re, Lyngby\u00a0og Karlslunde. De her gengivne digte m.m. er fra Karlslunde og omegn\u00a0og udf\u00f8rt af eleverne fra 5, 6 og 7. klasse.<\/p>\n<p style=\"text-align: center;\"><a href=\"http:\/\/photostory.dk\/?page_id=835\">Oversigt Costa Karlslunde Digte 1981. Skoledigte<\/a><\/p>\n","protected":false},"excerpt":{"rendered":"<p>Digt Hvad er et digt? Er et digt noget andre skal finde p\u00e5, hvis andre ikke selv gider? Er det sv\u00e6rt at digte? Hvordan er et digt blevet til et digt? Skal et digt handle om ture, k\u00e6rlighed, fritid, virkelighed, dr\u00f8mme eller hvad \u201cCosta Karlslunde Digte 1981\u201d var en del af et undervisningsprojekt i 1981 &hellip; <a href=\"https:\/\/www.photostory.dk\/?page_id=3388\" class=\"more-link\">L\u00e6s mere <span class=\"screen-reader-text\">Hvad er et digt?<\/span><\/a><\/p>\n","protected":false},"author":1,"featured_media":0,"parent":0,"menu_order":0,"comment_status":"closed","ping_status":"closed","template":"","meta":[],"_links":{"self":[{"href":"https:\/\/www.photostory.dk\/index.php?rest_route=\/wp\/v2\/pages\/3388"}],"collection":[{"href":"https:\/\/www.photostory.dk\/index.php?rest_route=\/wp\/v2\/pages"}],"about":[{"href":"https:\/\/www.photostory.dk\/index.php?rest_route=\/wp\/v2\/types\/page"}],"author":[{"embeddable":true,"href":"https:\/\/www.photostory.dk\/index.php?rest_route=\/wp\/v2\/users\/1"}],"replies":[{"embeddable":true,"href":"https:\/\/www.photostory.dk\/index.php?rest_route=%2Fwp%2Fv2%2Fcomments&post=3388"}],"version-history":[{"count":2,"href":"https:\/\/www.photostory.dk\/index.php?rest_route=\/wp\/v2\/pages\/3388\/revisions"}],"predecessor-version":[{"id":3392,"href":"https:\/\/www.photostory.dk\/index.php?rest_route=\/wp\/v2\/pages\/3388\/revisions\/3392"}],"wp:attachment":[{"href":"https:\/\/www.photostory.dk\/index.php?rest_route=%2Fwp%2Fv2%2Fmedia&parent=3388"}],"curies":[{"name":"wp","href":"https:\/\/api.w.org\/{rel}","templated":true}]}}