{"id":3381,"date":"2017-02-18T11:49:42","date_gmt":"2017-02-18T11:49:42","guid":{"rendered":"http:\/\/photostory.dk\/?page_id=3381"},"modified":"2017-02-18T11:50:48","modified_gmt":"2017-02-18T11:50:48","slug":"ventetid","status":"publish","type":"page","link":"https:\/\/www.photostory.dk\/?page_id=3381","title":{"rendered":"Digt: Ventetid"},"content":{"rendered":"<p><a href=\"http:\/\/photostory.dk\/wp-content\/uploads\/2017\/02\/co-93-jeg-sidder_small.jpg\"><img decoding=\"async\" loading=\"lazy\" class=\"size-full wp-image-3382 aligncenter\" src=\"http:\/\/photostory.dk\/wp-content\/uploads\/2017\/02\/co-93-jeg-sidder_small.jpg\" alt=\"\" width=\"400\" height=\"250\" srcset=\"https:\/\/www.photostory.dk\/wp-content\/uploads\/2017\/02\/co-93-jeg-sidder_small.jpg 400w, https:\/\/www.photostory.dk\/wp-content\/uploads\/2017\/02\/co-93-jeg-sidder_small-295x184.jpg 295w\" sizes=\"(max-width: 400px) 100vw, 400px\" \/><\/a><\/p>\n<p style=\"text-align: center;\"><strong>Ventetid<\/strong><\/p>\n<p style=\"text-align: center;\">Jeg sidder og venter p\u00e5 lidt inspiration<br \/>\nmens jeg tager den ringende telefon<br \/>\nja, tiden g\u00e5r og jeg intet n\u00e5r<br \/>\nkommer vinter kommer v\u00e5r.<\/p>\n<p>\u201cCosta Karlslunde Digte 1981\u201d var en del af et undervisningsprojekt i 1981 p\u00e5\u00a0Karlslunde Skole\u00a0om\u00a0lokalmilj\u00f8er i bl.a. Aved\u00f8re, Lyngby\u00a0og Karlslunde. De her gengivne digte m.m. er fra Karlslunde og omegn\u00a0og udf\u00f8rt af eleverne fra 5, 6 og 7. klasse.<\/p>\n<p style=\"text-align: center;\"><a href=\"http:\/\/photostory.dk\/?page_id=835\">Oversigt Costa Karlslunde Digte 1981. Skoledigte<\/a><\/p>\n","protected":false},"excerpt":{"rendered":"<p>Ventetid Jeg sidder og venter p\u00e5 lidt inspiration mens jeg tager den ringende telefon ja, tiden g\u00e5r og jeg intet n\u00e5r kommer vinter kommer v\u00e5r. \u201cCosta Karlslunde Digte 1981\u201d var en del af et undervisningsprojekt i 1981 p\u00e5\u00a0Karlslunde Skole\u00a0om\u00a0lokalmilj\u00f8er i bl.a. Aved\u00f8re, Lyngby\u00a0og Karlslunde. De her gengivne digte m.m. er fra Karlslunde og omegn\u00a0og udf\u00f8rt &hellip; <a href=\"https:\/\/www.photostory.dk\/?page_id=3381\" class=\"more-link\">L\u00e6s mere <span class=\"screen-reader-text\">Digt: Ventetid<\/span><\/a><\/p>\n","protected":false},"author":1,"featured_media":0,"parent":0,"menu_order":0,"comment_status":"closed","ping_status":"closed","template":"","meta":[],"_links":{"self":[{"href":"https:\/\/www.photostory.dk\/index.php?rest_route=\/wp\/v2\/pages\/3381"}],"collection":[{"href":"https:\/\/www.photostory.dk\/index.php?rest_route=\/wp\/v2\/pages"}],"about":[{"href":"https:\/\/www.photostory.dk\/index.php?rest_route=\/wp\/v2\/types\/page"}],"author":[{"embeddable":true,"href":"https:\/\/www.photostory.dk\/index.php?rest_route=\/wp\/v2\/users\/1"}],"replies":[{"embeddable":true,"href":"https:\/\/www.photostory.dk\/index.php?rest_route=%2Fwp%2Fv2%2Fcomments&post=3381"}],"version-history":[{"count":4,"href":"https:\/\/www.photostory.dk\/index.php?rest_route=\/wp\/v2\/pages\/3381\/revisions"}],"predecessor-version":[{"id":3387,"href":"https:\/\/www.photostory.dk\/index.php?rest_route=\/wp\/v2\/pages\/3381\/revisions\/3387"}],"wp:attachment":[{"href":"https:\/\/www.photostory.dk\/index.php?rest_route=%2Fwp%2Fv2%2Fmedia&parent=3381"}],"curies":[{"name":"wp","href":"https:\/\/api.w.org\/{rel}","templated":true}]}}