{"id":3376,"date":"2017-02-18T11:46:28","date_gmt":"2017-02-18T11:46:28","guid":{"rendered":"http:\/\/photostory.dk\/?page_id=3376"},"modified":"2017-02-18T11:46:49","modified_gmt":"2017-02-18T11:46:49","slug":"hvorfor-skal-vi-skrive-digte","status":"publish","type":"page","link":"https:\/\/www.photostory.dk\/?page_id=3376","title":{"rendered":"Hvorfor skal vi skrive digte?"},"content":{"rendered":"<p><a href=\"http:\/\/photostory.dk\/wp-content\/uploads\/2017\/02\/co-91-hvorfor-skal_small.jpg\"><img decoding=\"async\" loading=\"lazy\" class=\"size-full wp-image-3377 aligncenter\" src=\"http:\/\/photostory.dk\/wp-content\/uploads\/2017\/02\/co-91-hvorfor-skal_small.jpg\" alt=\"\" width=\"400\" height=\"497\" srcset=\"https:\/\/www.photostory.dk\/wp-content\/uploads\/2017\/02\/co-91-hvorfor-skal_small.jpg 400w, https:\/\/www.photostory.dk\/wp-content\/uploads\/2017\/02\/co-91-hvorfor-skal_small-177x220.jpg 177w\" sizes=\"(max-width: 400px) 100vw, 400px\" \/><\/a><\/p>\n<p style=\"text-align: center;\"><strong>Hvorfor?<\/strong><\/p>\n<p style=\"text-align: center;\">Hvorfor skal vi skrive digte<br \/>\nhvorfor<br \/>\njeg kan ikke finde p\u00e5 noget<br \/>\nog skrive om<br \/>\nde andre sidder og skriver<br \/>\nog skriver<br \/>\nhvad skal jeg finde p\u00e5<br \/>\nsidder og t\u00e6nker t\u00e6nker<br \/>\ngodt jeg fandt p\u00e5 noget<\/p>\n<p>\u201cCosta Karlslunde Digte 1981\u201d var en del af et undervisningsprojekt i 1981 p\u00e5\u00a0Karlslunde Skole\u00a0om\u00a0lokalmilj\u00f8er i bl.a. Aved\u00f8re, Lyngby\u00a0og Karlslunde. De her gengivne digte m.m. er fra Karlslunde og omegn\u00a0og udf\u00f8rt af eleverne fra 5, 6 og 7. klasse.<\/p>\n<p style=\"text-align: center;\"><a href=\"http:\/\/photostory.dk\/?page_id=835\">Oversigt Costa Karlslunde Digte 1981. Skoledigte<\/a><\/p>\n","protected":false},"excerpt":{"rendered":"<p>Hvorfor? Hvorfor skal vi skrive digte hvorfor jeg kan ikke finde p\u00e5 noget og skrive om de andre sidder og skriver og skriver hvad skal jeg finde p\u00e5 sidder og t\u00e6nker t\u00e6nker godt jeg fandt p\u00e5 noget \u201cCosta Karlslunde Digte 1981\u201d var en del af et undervisningsprojekt i 1981 p\u00e5\u00a0Karlslunde Skole\u00a0om\u00a0lokalmilj\u00f8er i bl.a. Aved\u00f8re, Lyngby\u00a0og &hellip; <a href=\"https:\/\/www.photostory.dk\/?page_id=3376\" class=\"more-link\">L\u00e6s mere <span class=\"screen-reader-text\">Hvorfor skal vi skrive digte?<\/span><\/a><\/p>\n","protected":false},"author":1,"featured_media":0,"parent":0,"menu_order":0,"comment_status":"closed","ping_status":"closed","template":"","meta":[],"_links":{"self":[{"href":"https:\/\/www.photostory.dk\/index.php?rest_route=\/wp\/v2\/pages\/3376"}],"collection":[{"href":"https:\/\/www.photostory.dk\/index.php?rest_route=\/wp\/v2\/pages"}],"about":[{"href":"https:\/\/www.photostory.dk\/index.php?rest_route=\/wp\/v2\/types\/page"}],"author":[{"embeddable":true,"href":"https:\/\/www.photostory.dk\/index.php?rest_route=\/wp\/v2\/users\/1"}],"replies":[{"embeddable":true,"href":"https:\/\/www.photostory.dk\/index.php?rest_route=%2Fwp%2Fv2%2Fcomments&post=3376"}],"version-history":[{"count":2,"href":"https:\/\/www.photostory.dk\/index.php?rest_route=\/wp\/v2\/pages\/3376\/revisions"}],"predecessor-version":[{"id":3380,"href":"https:\/\/www.photostory.dk\/index.php?rest_route=\/wp\/v2\/pages\/3376\/revisions\/3380"}],"wp:attachment":[{"href":"https:\/\/www.photostory.dk\/index.php?rest_route=%2Fwp%2Fv2%2Fmedia&parent=3376"}],"curies":[{"name":"wp","href":"https:\/\/api.w.org\/{rel}","templated":true}]}}