{"id":3356,"date":"2017-02-18T10:35:04","date_gmt":"2017-02-18T10:35:04","guid":{"rendered":"http:\/\/photostory.dk\/?page_id=3356"},"modified":"2017-02-18T17:03:40","modified_gmt":"2017-02-18T17:03:40","slug":"costa-karlslunde-digt-1981-krig","status":"publish","type":"page","link":"https:\/\/www.photostory.dk\/?page_id=3356","title":{"rendered":"Costa Karlslunde digt 1981: Krig"},"content":{"rendered":"<p><a href=\"http:\/\/photostory.dk\/wp-content\/uploads\/2017\/02\/co-90-krig_small.jpg\"><img decoding=\"async\" loading=\"lazy\" class=\"size-full wp-image-3357 aligncenter\" src=\"http:\/\/photostory.dk\/wp-content\/uploads\/2017\/02\/co-90-krig_small.jpg\" alt=\"\" width=\"400\" height=\"296\" srcset=\"https:\/\/www.photostory.dk\/wp-content\/uploads\/2017\/02\/co-90-krig_small.jpg 400w, https:\/\/www.photostory.dk\/wp-content\/uploads\/2017\/02\/co-90-krig_small-295x218.jpg 295w\" sizes=\"(max-width: 400px) 100vw, 400px\" \/><\/a><\/p>\n<p style=\"text-align: center;\"><strong>Krig<\/strong><\/p>\n<p style=\"text-align: center;\">Montgomery er helten<br \/>\nf\u00f8rer i felten<br \/>\nta&#8217;r r\u00f8ven p\u00e5 Hitler<br \/>\nder taber alle sine titler.<\/p>\n<p>\u201cCosta Karlslunde Digte 1981\u201d var en del af et undervisningsprojekt i 1981 p\u00e5 Karlslunde Skole om lokalmilj\u00f8er i bl.a. Aved\u00f8re, Lyngby og Karlslunde. De her gengivne digte m.m. er fra Karlslunde og omegn og udf\u00f8rt af eleverne fra 5, 6 og 7. klasse. De er efterf\u00f8lgende udgivet p\u00e5 internettet af Lars Bj\u00f8rnsten til inspiration for andre.<\/p>\n<p style=\"text-align: center;\"><a href=\"http:\/\/photostory.dk\/?page_id=835\">Oversigt Costa Karlslunde Digte 1981. Skoledigte<\/a><\/p>\n","protected":false},"excerpt":{"rendered":"<p>Krig Montgomery er helten f\u00f8rer i felten ta&#8217;r r\u00f8ven p\u00e5 Hitler der taber alle sine titler. \u201cCosta Karlslunde Digte 1981\u201d var en del af et undervisningsprojekt i 1981 p\u00e5 Karlslunde Skole om lokalmilj\u00f8er i bl.a. Aved\u00f8re, Lyngby og Karlslunde. De her gengivne digte m.m. er fra Karlslunde og omegn og udf\u00f8rt af eleverne fra 5, &hellip; <a href=\"https:\/\/www.photostory.dk\/?page_id=3356\" class=\"more-link\">L\u00e6s mere <span class=\"screen-reader-text\">Costa Karlslunde digt 1981: Krig<\/span><\/a><\/p>\n","protected":false},"author":1,"featured_media":0,"parent":0,"menu_order":0,"comment_status":"closed","ping_status":"closed","template":"","meta":[],"_links":{"self":[{"href":"https:\/\/www.photostory.dk\/index.php?rest_route=\/wp\/v2\/pages\/3356"}],"collection":[{"href":"https:\/\/www.photostory.dk\/index.php?rest_route=\/wp\/v2\/pages"}],"about":[{"href":"https:\/\/www.photostory.dk\/index.php?rest_route=\/wp\/v2\/types\/page"}],"author":[{"embeddable":true,"href":"https:\/\/www.photostory.dk\/index.php?rest_route=\/wp\/v2\/users\/1"}],"replies":[{"embeddable":true,"href":"https:\/\/www.photostory.dk\/index.php?rest_route=%2Fwp%2Fv2%2Fcomments&post=3356"}],"version-history":[{"count":3,"href":"https:\/\/www.photostory.dk\/index.php?rest_route=\/wp\/v2\/pages\/3356\/revisions"}],"predecessor-version":[{"id":3436,"href":"https:\/\/www.photostory.dk\/index.php?rest_route=\/wp\/v2\/pages\/3356\/revisions\/3436"}],"wp:attachment":[{"href":"https:\/\/www.photostory.dk\/index.php?rest_route=%2Fwp%2Fv2%2Fmedia&parent=3356"}],"curies":[{"name":"wp","href":"https:\/\/api.w.org\/{rel}","templated":true}]}}