{"id":3346,"date":"2017-02-18T10:27:08","date_gmt":"2017-02-18T10:27:08","guid":{"rendered":"http:\/\/photostory.dk\/?page_id=3346"},"modified":"2017-02-18T10:27:42","modified_gmt":"2017-02-18T10:27:42","slug":"skoledigt-om-fjernsynet-1981","status":"publish","type":"page","link":"https:\/\/www.photostory.dk\/?page_id=3346","title":{"rendered":"Skoledigt om &#8220;Fjernsynet&#8221; 1981"},"content":{"rendered":"<p style=\"text-align: center;\"><a href=\"http:\/\/photostory.dk\/wp-content\/uploads\/2017\/02\/co-88-fjernsynet_small.jpg\"><img decoding=\"async\" loading=\"lazy\" class=\"size-full wp-image-3347 aligncenter\" src=\"http:\/\/photostory.dk\/wp-content\/uploads\/2017\/02\/co-88-fjernsynet_small.jpg\" alt=\"\" width=\"400\" height=\"652\" srcset=\"https:\/\/www.photostory.dk\/wp-content\/uploads\/2017\/02\/co-88-fjernsynet_small.jpg 400w, https:\/\/www.photostory.dk\/wp-content\/uploads\/2017\/02\/co-88-fjernsynet_small-135x220.jpg 135w\" sizes=\"(max-width: 400px) 100vw, 400px\" \/><\/a><\/p>\n<p style=\"text-align: center;\"><strong>Om fjernsynet<\/strong><\/p>\n<p style=\"text-align: center;\">N\u00e5r voksne sidder<br \/>\nom et fjernsyn<br \/>\nt\u00e6nker de ikke p\u00e5 andet<br \/>\nend det de ser<br \/>\nde \u00e6nser ikke<br \/>\nhvad der foreg\u00e5r omkring dem<br \/>\nde er lukket inde<br \/>\ni deres egen verden<br \/>\nn\u00e5r b\u00f8rn s\u00e5 vil tale<br \/>\nom deres problemer til dem<br \/>\nsvarer de ikke<br \/>\neller bliver sure<br \/>\nfordi de er blevet forstyrret<\/p>\n<p style=\"text-align: center;\">N\u00e5r de voksne kommer hjem<br \/>\nfra arbejdet<br \/>\nspiser de og s\u00e6tter sig<br \/>\nind foran glokassen<br \/>\ns\u00e5dan g\u00e5r det<br \/>\ndag ud og dag ind<br \/>\nde snakker ikke med b\u00f8rnene<br \/>\nog b\u00f8rnene laver vold<br \/>\nog kriminalitet<br \/>\nhvis fjernsynet ikke var der<br \/>\nville familien ikke v\u00e6re<br \/>\ns\u00e5 splittet.<\/p>\n<p>\u201cCosta Karlslunde Digte 1981\u201d var en del af et undervisningsprojekt i 1981 p\u00e5\u00a0Karlslunde Skole\u00a0om\u00a0lokalmilj\u00f8er i bl.a. Aved\u00f8re, Lyngby\u00a0og Karlslunde. De her gengivne digte m.m. er fra Karlslunde og omegn\u00a0og udf\u00f8rt af eleverne fra 5, 6 og 7. klasse.<\/p>\n<p style=\"text-align: center;\"><a href=\"http:\/\/photostory.dk\/?page_id=835\">Oversigt Costa Karlslunde Digte 1981. Skoledigte<\/a><\/p>\n","protected":false},"excerpt":{"rendered":"<p>Om fjernsynet N\u00e5r voksne sidder om et fjernsyn t\u00e6nker de ikke p\u00e5 andet end det de ser de \u00e6nser ikke hvad der foreg\u00e5r omkring dem de er lukket inde i deres egen verden n\u00e5r b\u00f8rn s\u00e5 vil tale om deres problemer til dem svarer de ikke eller bliver sure fordi de er blevet forstyrret N\u00e5r &hellip; <a href=\"https:\/\/www.photostory.dk\/?page_id=3346\" class=\"more-link\">L\u00e6s mere <span class=\"screen-reader-text\">Skoledigt om &#8220;Fjernsynet&#8221; 1981<\/span><\/a><\/p>\n","protected":false},"author":1,"featured_media":0,"parent":0,"menu_order":0,"comment_status":"closed","ping_status":"closed","template":"","meta":[],"_links":{"self":[{"href":"https:\/\/www.photostory.dk\/index.php?rest_route=\/wp\/v2\/pages\/3346"}],"collection":[{"href":"https:\/\/www.photostory.dk\/index.php?rest_route=\/wp\/v2\/pages"}],"about":[{"href":"https:\/\/www.photostory.dk\/index.php?rest_route=\/wp\/v2\/types\/page"}],"author":[{"embeddable":true,"href":"https:\/\/www.photostory.dk\/index.php?rest_route=\/wp\/v2\/users\/1"}],"replies":[{"embeddable":true,"href":"https:\/\/www.photostory.dk\/index.php?rest_route=%2Fwp%2Fv2%2Fcomments&post=3346"}],"version-history":[{"count":2,"href":"https:\/\/www.photostory.dk\/index.php?rest_route=\/wp\/v2\/pages\/3346\/revisions"}],"predecessor-version":[{"id":3350,"href":"https:\/\/www.photostory.dk\/index.php?rest_route=\/wp\/v2\/pages\/3346\/revisions\/3350"}],"wp:attachment":[{"href":"https:\/\/www.photostory.dk\/index.php?rest_route=%2Fwp%2Fv2%2Fmedia&parent=3346"}],"curies":[{"name":"wp","href":"https:\/\/api.w.org\/{rel}","templated":true}]}}