{"id":3340,"date":"2017-02-17T22:37:21","date_gmt":"2017-02-17T22:37:21","guid":{"rendered":"http:\/\/photostory.dk\/?page_id=3340"},"modified":"2017-02-17T22:40:53","modified_gmt":"2017-02-17T22:40:53","slug":"digt-1981-mennesker","status":"publish","type":"page","link":"https:\/\/www.photostory.dk\/?page_id=3340","title":{"rendered":"Digt 1981: Mennesker"},"content":{"rendered":"<p><a href=\"http:\/\/photostory.dk\/wp-content\/uploads\/2017\/02\/co-87-mennesker_small.jpg\"><img decoding=\"async\" loading=\"lazy\" class=\"size-full wp-image-3341 aligncenter\" src=\"http:\/\/photostory.dk\/wp-content\/uploads\/2017\/02\/co-87-mennesker_small.jpg\" alt=\"\" width=\"400\" height=\"531\" srcset=\"https:\/\/www.photostory.dk\/wp-content\/uploads\/2017\/02\/co-87-mennesker_small.jpg 400w, https:\/\/www.photostory.dk\/wp-content\/uploads\/2017\/02\/co-87-mennesker_small-166x220.jpg 166w\" sizes=\"(max-width: 400px) 100vw, 400px\" \/><\/a><\/p>\n<p style=\"text-align: center;\">Jorden, Fremtid. P\u00e5 Venus..nu trykker jeg.<\/p>\n<p style=\"text-align: center;\"><strong>Mennesker<\/strong><\/p>\n<p style=\"text-align: center;\">Hvorfor lever jeg?<br \/>\neller lever jeg<br \/>\nm\u00e5ske er jeg d\u00f8d.<br \/>\nnogen siger man kommer i himlen<br \/>\ner jeg det nu&#8217;?<\/p>\n<p style=\"text-align: center;\">Hvad er at leve?<br \/>\ner det at sl\u00e5s, mobe hinanden og v\u00e6re modbydelig<br \/>\neller skal man v\u00e6re glad og aldrig sl\u00e5<br \/>\neller hvad skal man?<\/p>\n<p style=\"text-align: center;\">Hvad er at d\u00f8 ?<br \/>\ner det ligesom n\u00e5r man tager en overdosis morfin<br \/>\neller er det som om man er i en have med en masse<br \/>\nengler og glade mennesker?<\/p>\n<p style=\"text-align: center;\">Hvad er mennesker?<br \/>\nnogle v\u00e6sner som har overtaget jorden<br \/>\nog \u00f8delagt alt med deres krige, atomkraft, olie<br \/>\nog forurening<br \/>\ner det mennesker?<\/p>\n<p style=\"text-align: center;\">Er jeg menneske ?<br \/>\neller er du ?<br \/>\ner vi mennesker?<br \/>\nhvem ved?<br \/>\ndu ved m\u00e5ske hvad mennesker er<br \/>\nmen jeg ved ikke.<\/p>\n<p>\u201cCosta Karlslunde Digte 1981\u201d var en del af et undervisningsprojekt i 1981 p\u00e5\u00a0Karlslunde Skole\u00a0om\u00a0lokalmilj\u00f8er i bl.a. Aved\u00f8re, Lyngby\u00a0og Karlslunde. De her gengivne digte m.m. er fra Karlslunde og omegn\u00a0og udf\u00f8rt af eleverne fra 5, 6 og 7. klasse.<\/p>\n<p style=\"text-align: center;\"><a href=\"http:\/\/photostory.dk\/?page_id=835\">Oversigt Costa Karlslunde Digte 1981. Skoledigte<\/a><\/p>\n","protected":false},"excerpt":{"rendered":"<p>Jorden, Fremtid. P\u00e5 Venus..nu trykker jeg. Mennesker Hvorfor lever jeg? eller lever jeg m\u00e5ske er jeg d\u00f8d. nogen siger man kommer i himlen er jeg det nu&#8217;? Hvad er at leve? er det at sl\u00e5s, mobe hinanden og v\u00e6re modbydelig eller skal man v\u00e6re glad og aldrig sl\u00e5 eller hvad skal man? Hvad er at &hellip; <a href=\"https:\/\/www.photostory.dk\/?page_id=3340\" class=\"more-link\">L\u00e6s mere <span class=\"screen-reader-text\">Digt 1981: Mennesker<\/span><\/a><\/p>\n","protected":false},"author":1,"featured_media":0,"parent":0,"menu_order":0,"comment_status":"closed","ping_status":"closed","template":"","meta":[],"_links":{"self":[{"href":"https:\/\/www.photostory.dk\/index.php?rest_route=\/wp\/v2\/pages\/3340"}],"collection":[{"href":"https:\/\/www.photostory.dk\/index.php?rest_route=\/wp\/v2\/pages"}],"about":[{"href":"https:\/\/www.photostory.dk\/index.php?rest_route=\/wp\/v2\/types\/page"}],"author":[{"embeddable":true,"href":"https:\/\/www.photostory.dk\/index.php?rest_route=\/wp\/v2\/users\/1"}],"replies":[{"embeddable":true,"href":"https:\/\/www.photostory.dk\/index.php?rest_route=%2Fwp%2Fv2%2Fcomments&post=3340"}],"version-history":[{"count":3,"href":"https:\/\/www.photostory.dk\/index.php?rest_route=\/wp\/v2\/pages\/3340\/revisions"}],"predecessor-version":[{"id":3345,"href":"https:\/\/www.photostory.dk\/index.php?rest_route=\/wp\/v2\/pages\/3340\/revisions\/3345"}],"wp:attachment":[{"href":"https:\/\/www.photostory.dk\/index.php?rest_route=%2Fwp%2Fv2%2Fmedia&parent=3340"}],"curies":[{"name":"wp","href":"https:\/\/api.w.org\/{rel}","templated":true}]}}