{"id":3332,"date":"2017-02-17T16:35:16","date_gmt":"2017-02-17T16:35:16","guid":{"rendered":"http:\/\/photostory.dk\/?page_id=3332"},"modified":"2017-02-17T16:35:35","modified_gmt":"2017-02-17T16:35:35","slug":"skoledigt-vi-skriver-aar-2348","status":"publish","type":"page","link":"https:\/\/www.photostory.dk\/?page_id=3332","title":{"rendered":"Skoledigt: Vi skriver \u00e5r 2348"},"content":{"rendered":"<p><a href=\"http:\/\/photostory.dk\/wp-content\/uploads\/2017\/02\/co-86-vi-skriver-2348_small.jpg\"><img decoding=\"async\" loading=\"lazy\" class=\"size-full wp-image-3333 aligncenter\" src=\"http:\/\/photostory.dk\/wp-content\/uploads\/2017\/02\/co-86-vi-skriver-2348_small.jpg\" alt=\"\" width=\"400\" height=\"470\" srcset=\"https:\/\/www.photostory.dk\/wp-content\/uploads\/2017\/02\/co-86-vi-skriver-2348_small.jpg 400w, https:\/\/www.photostory.dk\/wp-content\/uploads\/2017\/02\/co-86-vi-skriver-2348_small-187x220.jpg 187w\" sizes=\"(max-width: 400px) 100vw, 400px\" \/><\/a><\/p>\n<p style=\"text-align: center;\"><strong>Vi skriver \u00e5r 2348<\/strong><\/p>\n<p style=\"text-align: center;\">Robotter over alt<br \/>\nstole der kan g\u00e5<br \/>\ntransportb\u00e5nd alle vegne<br \/>\nstore fede mennesker over alt<br \/>\nalt er elektrisk<br \/>\ningen bev\u00e6ger sig<br \/>\nbare sidder og bliver federe og federe<br \/>\ningen motion<br \/>\nog s\u00e5 ham der sidder med knappen<br \/>\nder kan spr\u00e6nge hele robotverdenen.<\/p>\n<p>\u201cCosta Karlslunde Digte 1981\u201d var en del af et undervisningsprojekt i 1981 p\u00e5\u00a0Karlslunde Skole\u00a0om\u00a0lokalmilj\u00f8er i bl.a. Aved\u00f8re, Lyngby\u00a0og Karlslunde. De her gengivne digte m.m. er fra Karlslunde og omegn\u00a0og udf\u00f8rt af eleverne fra 5, 6 og 7. klasse.<\/p>\n<p style=\"text-align: center;\"><a href=\"http:\/\/photostory.dk\/?page_id=835\">Oversigt Costa Karlslunde Digte 1981. Skoledigte<\/a><\/p>\n","protected":false},"excerpt":{"rendered":"<p>Vi skriver \u00e5r 2348 Robotter over alt stole der kan g\u00e5 transportb\u00e5nd alle vegne store fede mennesker over alt alt er elektrisk ingen bev\u00e6ger sig bare sidder og bliver federe og federe ingen motion og s\u00e5 ham der sidder med knappen der kan spr\u00e6nge hele robotverdenen. \u201cCosta Karlslunde Digte 1981\u201d var en del af et &hellip; <a href=\"https:\/\/www.photostory.dk\/?page_id=3332\" class=\"more-link\">L\u00e6s mere <span class=\"screen-reader-text\">Skoledigt: Vi skriver \u00e5r 2348<\/span><\/a><\/p>\n","protected":false},"author":1,"featured_media":0,"parent":0,"menu_order":0,"comment_status":"closed","ping_status":"closed","template":"","meta":[],"_links":{"self":[{"href":"https:\/\/www.photostory.dk\/index.php?rest_route=\/wp\/v2\/pages\/3332"}],"collection":[{"href":"https:\/\/www.photostory.dk\/index.php?rest_route=\/wp\/v2\/pages"}],"about":[{"href":"https:\/\/www.photostory.dk\/index.php?rest_route=\/wp\/v2\/types\/page"}],"author":[{"embeddable":true,"href":"https:\/\/www.photostory.dk\/index.php?rest_route=\/wp\/v2\/users\/1"}],"replies":[{"embeddable":true,"href":"https:\/\/www.photostory.dk\/index.php?rest_route=%2Fwp%2Fv2%2Fcomments&post=3332"}],"version-history":[{"count":2,"href":"https:\/\/www.photostory.dk\/index.php?rest_route=\/wp\/v2\/pages\/3332\/revisions"}],"predecessor-version":[{"id":3336,"href":"https:\/\/www.photostory.dk\/index.php?rest_route=\/wp\/v2\/pages\/3332\/revisions\/3336"}],"wp:attachment":[{"href":"https:\/\/www.photostory.dk\/index.php?rest_route=%2Fwp%2Fv2%2Fmedia&parent=3332"}],"curies":[{"name":"wp","href":"https:\/\/api.w.org\/{rel}","templated":true}]}}