{"id":333,"date":"2016-12-21T15:23:11","date_gmt":"2016-12-21T15:23:11","guid":{"rendered":"http:\/\/photostory.dk\/?page_id=333"},"modified":"2017-01-18T23:02:54","modified_gmt":"2017-01-18T23:02:54","slug":"kaerlighed-hos-karlslunde-bageren-1981","status":"publish","type":"page","link":"https:\/\/www.photostory.dk\/?page_id=333","title":{"rendered":"K\u00e6rlighed hos Karlslunde Bageren 1981"},"content":{"rendered":"<p><a href=\"http:\/\/photostory.dk\/wp-content\/uploads\/2016\/12\/bager-karlslunde-1981-4.jpg\"><img decoding=\"async\" loading=\"lazy\" class=\"wp-image-334 aligncenter\" src=\"http:\/\/photostory.dk\/wp-content\/uploads\/2016\/12\/bager-karlslunde-1981-4-1024x690.jpg\" width=\"660\" height=\"445\" srcset=\"https:\/\/www.photostory.dk\/wp-content\/uploads\/2016\/12\/bager-karlslunde-1981-4-1024x690.jpg 1024w, https:\/\/www.photostory.dk\/wp-content\/uploads\/2016\/12\/bager-karlslunde-1981-4-300x202.jpg 300w, https:\/\/www.photostory.dk\/wp-content\/uploads\/2016\/12\/bager-karlslunde-1981-4-768x518.jpg 768w\" sizes=\"(max-width: 660px) 100vw, 660px\" \/><\/a><\/p>\n<p style=\"text-align: center;\">K\u00e6rlighed hos\u00a0Karlslunde Bageren 1981<\/p>\n<p style=\"text-align: center;\">Karlslunde Bager tlf. 150051,<\/p>\n<p>Bem\u00e6rk bagerkonen med det lange h\u00e5r og barnet der handler i bagerforretningen. Bem\u00e6rk ogs\u00e5 reklameskiltet for isene.\u00a0K\u00e6rlighed i Karlslunde med de to forelskede unge mennesker, mon ikke de fra Karlslunde Skole.<\/p>\n<p style=\"text-align: center;\"><a href=\"http:\/\/photostory.dk\/?page_id=835\">Oversigt over Costa Karlslunde Digte 1981. Skoledigte<\/a><\/p>\n","protected":false},"excerpt":{"rendered":"<p>K\u00e6rlighed hos\u00a0Karlslunde Bageren 1981 Karlslunde Bager tlf. 150051, Bem\u00e6rk bagerkonen med det lange h\u00e5r og barnet der handler i bagerforretningen. Bem\u00e6rk ogs\u00e5 reklameskiltet for isene.\u00a0K\u00e6rlighed i Karlslunde med de to forelskede unge mennesker, mon ikke de fra Karlslunde Skole. Oversigt over Costa Karlslunde Digte 1981. Skoledigte<\/p>\n","protected":false},"author":1,"featured_media":0,"parent":0,"menu_order":0,"comment_status":"closed","ping_status":"closed","template":"","meta":[],"_links":{"self":[{"href":"https:\/\/www.photostory.dk\/index.php?rest_route=\/wp\/v2\/pages\/333"}],"collection":[{"href":"https:\/\/www.photostory.dk\/index.php?rest_route=\/wp\/v2\/pages"}],"about":[{"href":"https:\/\/www.photostory.dk\/index.php?rest_route=\/wp\/v2\/types\/page"}],"author":[{"embeddable":true,"href":"https:\/\/www.photostory.dk\/index.php?rest_route=\/wp\/v2\/users\/1"}],"replies":[{"embeddable":true,"href":"https:\/\/www.photostory.dk\/index.php?rest_route=%2Fwp%2Fv2%2Fcomments&post=333"}],"version-history":[{"count":12,"href":"https:\/\/www.photostory.dk\/index.php?rest_route=\/wp\/v2\/pages\/333\/revisions"}],"predecessor-version":[{"id":347,"href":"https:\/\/www.photostory.dk\/index.php?rest_route=\/wp\/v2\/pages\/333\/revisions\/347"}],"wp:attachment":[{"href":"https:\/\/www.photostory.dk\/index.php?rest_route=%2Fwp%2Fv2%2Fmedia&parent=333"}],"curies":[{"name":"wp","href":"https:\/\/api.w.org\/{rel}","templated":true}]}}