{"id":3328,"date":"2017-02-17T16:30:57","date_gmt":"2017-02-17T16:30:57","guid":{"rendered":"http:\/\/photostory.dk\/?page_id=3328"},"modified":"2017-02-17T16:30:57","modified_gmt":"2017-02-17T16:30:57","slug":"den-foerste-gang-vi-var-ude-at-koere","status":"publish","type":"page","link":"https:\/\/www.photostory.dk\/?page_id=3328","title":{"rendered":"Den f\u00f8rste gang vi var ude at k\u00f8re"},"content":{"rendered":"<p><a href=\"http:\/\/photostory.dk\/wp-content\/uploads\/2017\/02\/co-85-den-foertse-gang-koere_small.jpg\"><img decoding=\"async\" loading=\"lazy\" class=\"size-full wp-image-3329 aligncenter\" src=\"http:\/\/photostory.dk\/wp-content\/uploads\/2017\/02\/co-85-den-foertse-gang-koere_small.jpg\" alt=\"\" width=\"400\" height=\"426\" srcset=\"https:\/\/www.photostory.dk\/wp-content\/uploads\/2017\/02\/co-85-den-foertse-gang-koere_small.jpg 400w, https:\/\/www.photostory.dk\/wp-content\/uploads\/2017\/02\/co-85-den-foertse-gang-koere_small-207x220.jpg 207w\" sizes=\"(max-width: 400px) 100vw, 400px\" \/><\/a><\/p>\n<p style=\"text-align: center;\"><strong>Den f\u00f8rste gang vi var ude at k\u00f8re<\/strong><\/p>\n<p style=\"text-align: center;\">Den f\u00f8rste gang<br \/>\nvi var ude at k\u00f8re med vores far<br \/>\nskulle vi ud til CITY 2.<br \/>\nVi susede ned af vejen,<br \/>\nda en rocker bande kom og overhalede os.<br \/>\nI spidsen kom en 82, \u00e5rig, pensionist<br \/>\ndr\u00f8nede p\u00e5 en bl\u00e5 shopper kawasaki 2000 GL med rygm\u00e6rke.<br \/>\nHun smadrede vores forrude<br \/>\nmed en mondjargos.<br \/>\nS\u00e5 k\u00f8rte vi til en tankstation,<br \/>\nfor at f\u00e5 ny rude i<br \/>\nmens vi ventede kiggede vi p\u00e5 et busstoppested<br \/>\nhvor der kom en bus<br \/>\ni det samme stod der ca. 43 rockere ud af den<br \/>\nfor at plyndre bilka.<br \/>\nsenere s\u00e5 vi at to biler kom freserde over for r\u00f8d lys<br \/>\nog smadrede ind i hinanden<br \/>\nog, da str\u00f8merne kom<br \/>\ngled de i olien<br \/>\nsom de to andre vogne havde spildt<br \/>\nog gled lige over i de andre to vogne<br \/>\ns\u00e5 de stod i flammer.<br \/>\nS\u00e5 k\u00f8rte vi videre ned af vejen<br \/>\nog stoppede ved r\u00f8dt lys,<br \/>\nved siden af os kom en mand l\u00f8bende<br \/>\nmed en revolver i h\u00e5nden,<br \/>\nog sprang op i en jaguar<br \/>\nog gassede op.<br \/>\n2-3 minutter efter kom str\u00f8merne<br \/>\nmed ca. 220 kilometer i timen<br \/>\nTI sekunder efter, var de ude af syne.<br \/>\nS\u00e5 da vi havde handlet,<br \/>\nk\u00f8rte vi hjem til karlslunde<br \/>\nhvor vi bor begge to.<\/p>\n<p>\u201cCosta Karlslunde Digte 1981\u201d var en del af et undervisningsprojekt i 1981 p\u00e5\u00a0Karlslunde Skole\u00a0om\u00a0lokalmilj\u00f8er i bl.a. Aved\u00f8re, Lyngby\u00a0og Karlslunde. De her gengivne digte m.m. er fra Karlslunde og omegn\u00a0og udf\u00f8rt af eleverne fra 5, 6 og 7. klasse.<\/p>\n<p style=\"text-align: center;\"><a href=\"http:\/\/photostory.dk\/?page_id=835\">Oversigt Costa Karlslunde Digte 1981. Skoledigte<\/a><\/p>\n","protected":false},"excerpt":{"rendered":"<p>Den f\u00f8rste gang vi var ude at k\u00f8re Den f\u00f8rste gang vi var ude at k\u00f8re med vores far skulle vi ud til CITY 2. Vi susede ned af vejen, da en rocker bande kom og overhalede os. I spidsen kom en 82, \u00e5rig, pensionist dr\u00f8nede p\u00e5 en bl\u00e5 shopper kawasaki 2000 GL med rygm\u00e6rke. &hellip; <a href=\"https:\/\/www.photostory.dk\/?page_id=3328\" class=\"more-link\">L\u00e6s mere <span class=\"screen-reader-text\">Den f\u00f8rste gang vi var ude at k\u00f8re<\/span><\/a><\/p>\n","protected":false},"author":1,"featured_media":0,"parent":0,"menu_order":0,"comment_status":"closed","ping_status":"closed","template":"","meta":[],"_links":{"self":[{"href":"https:\/\/www.photostory.dk\/index.php?rest_route=\/wp\/v2\/pages\/3328"}],"collection":[{"href":"https:\/\/www.photostory.dk\/index.php?rest_route=\/wp\/v2\/pages"}],"about":[{"href":"https:\/\/www.photostory.dk\/index.php?rest_route=\/wp\/v2\/types\/page"}],"author":[{"embeddable":true,"href":"https:\/\/www.photostory.dk\/index.php?rest_route=\/wp\/v2\/users\/1"}],"replies":[{"embeddable":true,"href":"https:\/\/www.photostory.dk\/index.php?rest_route=%2Fwp%2Fv2%2Fcomments&post=3328"}],"version-history":[{"count":1,"href":"https:\/\/www.photostory.dk\/index.php?rest_route=\/wp\/v2\/pages\/3328\/revisions"}],"predecessor-version":[{"id":3331,"href":"https:\/\/www.photostory.dk\/index.php?rest_route=\/wp\/v2\/pages\/3328\/revisions\/3331"}],"wp:attachment":[{"href":"https:\/\/www.photostory.dk\/index.php?rest_route=%2Fwp%2Fv2%2Fmedia&parent=3328"}],"curies":[{"name":"wp","href":"https:\/\/api.w.org\/{rel}","templated":true}]}}