{"id":3319,"date":"2017-02-17T16:20:49","date_gmt":"2017-02-17T16:20:49","guid":{"rendered":"http:\/\/photostory.dk\/?page_id=3319"},"modified":"2017-02-17T16:20:49","modified_gmt":"2017-02-17T16:20:49","slug":"digt-taenk-hvis","status":"publish","type":"page","link":"https:\/\/www.photostory.dk\/?page_id=3319","title":{"rendered":"Digt &#8220;T\u00e6nk hvis&#8221;"},"content":{"rendered":"<p><a href=\"http:\/\/photostory.dk\/wp-content\/uploads\/2017\/02\/co-84-taenk-hvis_small.jpg\"><img decoding=\"async\" loading=\"lazy\" class=\"size-full wp-image-3320 aligncenter\" src=\"http:\/\/photostory.dk\/wp-content\/uploads\/2017\/02\/co-84-taenk-hvis_small.jpg\" alt=\"\" width=\"400\" height=\"318\" srcset=\"https:\/\/www.photostory.dk\/wp-content\/uploads\/2017\/02\/co-84-taenk-hvis_small.jpg 400w, https:\/\/www.photostory.dk\/wp-content\/uploads\/2017\/02\/co-84-taenk-hvis_small-277x220.jpg 277w\" sizes=\"(max-width: 400px) 100vw, 400px\" \/><\/a><\/p>\n<p style=\"text-align: center;\">\u00a0Transportb\u00e5nd til ?<\/p>\n<p style=\"text-align: center;\"><strong>T\u00e6nk hvis<\/strong><\/p>\n<p style=\"text-align: center;\">T\u00e6nk hvis,<br \/>\nverden var fyldt med robotter<br \/>\nder lavede al arbejde<br \/>\ns\u00e5 ville vi alle sammen<br \/>\nligge ved stranden<br \/>\nslikke solskin og bo p\u00e5 hoteller<\/p>\n<p style=\"text-align: center;\">T\u00e6nk hvis,<br \/>\nfjernsynet ikke var til<br \/>\ns\u00e5 kunne vi snakke ud om tingene<br \/>\ni stedet for at se p\u00e5 den dumme kasse<br \/>\nsnakke sammen om problemer<br \/>\nsom vi mennesker aldrig ville g\u00f8re<\/p>\n<p style=\"text-align: center;\">T\u00e6nk hvis,<br \/>\nder ikke var h\u00e6rv\u00e6rk<br \/>\neller nogen form for vold<br \/>\ns\u00e5 var der heller ikke<br \/>\nnogen forvildet h\u00e6rf\u00f8rer der lavede krig<br \/>\nulykke og retssale<br \/>\nder lugtede af dom og f\u00e6ngsel<\/p>\n<p>\u201cCosta Karlslunde Digte 1981\u201d var en del af et undervisningsprojekt i 1981 p\u00e5\u00a0Karlslunde Skole\u00a0om\u00a0lokalmilj\u00f8er i bl.a. Aved\u00f8re, Lyngby\u00a0og Karlslunde. De her gengivne digte m.m. er fra Karlslunde og omegn\u00a0og udf\u00f8rt af eleverne fra 5, 6 og 7. klasse.<\/p>\n<p style=\"text-align: center;\"><a href=\"http:\/\/photostory.dk\/?page_id=835\">Oversigt Costa Karlslunde Digte 1981. Skoledigte<\/a><\/p>\n","protected":false},"excerpt":{"rendered":"<p>\u00a0Transportb\u00e5nd til ? T\u00e6nk hvis T\u00e6nk hvis, verden var fyldt med robotter der lavede al arbejde s\u00e5 ville vi alle sammen ligge ved stranden slikke solskin og bo p\u00e5 hoteller T\u00e6nk hvis, fjernsynet ikke var til s\u00e5 kunne vi snakke ud om tingene i stedet for at se p\u00e5 den dumme kasse snakke sammen om &hellip; <a href=\"https:\/\/www.photostory.dk\/?page_id=3319\" class=\"more-link\">L\u00e6s mere <span class=\"screen-reader-text\">Digt &#8220;T\u00e6nk hvis&#8221;<\/span><\/a><\/p>\n","protected":false},"author":1,"featured_media":0,"parent":0,"menu_order":0,"comment_status":"closed","ping_status":"closed","template":"","meta":[],"_links":{"self":[{"href":"https:\/\/www.photostory.dk\/index.php?rest_route=\/wp\/v2\/pages\/3319"}],"collection":[{"href":"https:\/\/www.photostory.dk\/index.php?rest_route=\/wp\/v2\/pages"}],"about":[{"href":"https:\/\/www.photostory.dk\/index.php?rest_route=\/wp\/v2\/types\/page"}],"author":[{"embeddable":true,"href":"https:\/\/www.photostory.dk\/index.php?rest_route=\/wp\/v2\/users\/1"}],"replies":[{"embeddable":true,"href":"https:\/\/www.photostory.dk\/index.php?rest_route=%2Fwp%2Fv2%2Fcomments&post=3319"}],"version-history":[{"count":1,"href":"https:\/\/www.photostory.dk\/index.php?rest_route=\/wp\/v2\/pages\/3319\/revisions"}],"predecessor-version":[{"id":3322,"href":"https:\/\/www.photostory.dk\/index.php?rest_route=\/wp\/v2\/pages\/3319\/revisions\/3322"}],"wp:attachment":[{"href":"https:\/\/www.photostory.dk\/index.php?rest_route=%2Fwp%2Fv2%2Fmedia&parent=3319"}],"curies":[{"name":"wp","href":"https:\/\/api.w.org\/{rel}","templated":true}]}}