{"id":3315,"date":"2017-02-17T16:16:14","date_gmt":"2017-02-17T16:16:14","guid":{"rendered":"http:\/\/photostory.dk\/?page_id=3315"},"modified":"2017-02-17T16:16:14","modified_gmt":"2017-02-17T16:16:14","slug":"skoledigt-landet-er-i-krise","status":"publish","type":"page","link":"https:\/\/www.photostory.dk\/?page_id=3315","title":{"rendered":"Skoledigt: Landet er i krise"},"content":{"rendered":"<p><a href=\"http:\/\/photostory.dk\/wp-content\/uploads\/2017\/02\/co-83-landet-er-krise_small.jpg\"><img decoding=\"async\" loading=\"lazy\" class=\"size-full wp-image-3316 aligncenter\" src=\"http:\/\/photostory.dk\/wp-content\/uploads\/2017\/02\/co-83-landet-er-krise_small.jpg\" alt=\"\" width=\"400\" height=\"463\" srcset=\"https:\/\/www.photostory.dk\/wp-content\/uploads\/2017\/02\/co-83-landet-er-krise_small.jpg 400w, https:\/\/www.photostory.dk\/wp-content\/uploads\/2017\/02\/co-83-landet-er-krise_small-190x220.jpg 190w\" sizes=\"(max-width: 400px) 100vw, 400px\" \/><\/a><\/p>\n<p style=\"text-align: center;\"><strong>Landet er i krise<\/strong><\/p>\n<p style=\"text-align: center;\">De ord h\u00f8rer man tit<br \/>\nMen hvorfor er vi i en krisetid?<br \/>\nAlle de kloge folk skal redde os.<br \/>\nMen det hj\u00e6lper ikke.<br \/>\nT\u00e6nk p\u00e5 rumf\u00e6rgen Columbia<br \/>\nAlle atomkraftv\u00e6rkerne<br \/>\nAlle de nye v\u00e5ben<br \/>\nder kun har til form\u00e5l at dr\u00e6be<br \/>\nmennesker<br \/>\nT\u00e6nk hvis v\u00e5ben var noget der<br \/>\ngjorde mennesker enige<br \/>\nT\u00e6nk hvis v\u00e5ben var noget der<br \/>\ngjorde mennesker gode venner.<br \/>\nMen det er det ikke.<br \/>\nDer kommer stadig flere v\u00e5ben<br \/>\nDer kommer stadig nye maskiner<br \/>\nHvor l\u00e6nge varer det<br \/>\nf\u00f8r de &#8220;kloge&#8221; bliver s\u00e5 kloge<br \/>\nat de holder op?<\/p>\n<p>\u201cCosta Karlslunde Digte 1981\u201d var en del af et undervisningsprojekt i 1981 p\u00e5\u00a0Karlslunde Skole\u00a0om\u00a0lokalmilj\u00f8er i bl.a. Aved\u00f8re, Lyngby\u00a0og Karlslunde. De her gengivne digte m.m. er fra Karlslunde og omegn\u00a0og udf\u00f8rt af eleverne fra 5, 6 og 7. klasse.<\/p>\n<p style=\"text-align: center;\"><a href=\"http:\/\/photostory.dk\/?page_id=835\">Oversigt Costa Karlslunde Digte 1981. Skoledigte<\/a><\/p>\n","protected":false},"excerpt":{"rendered":"<p>Landet er i krise De ord h\u00f8rer man tit Men hvorfor er vi i en krisetid? Alle de kloge folk skal redde os. Men det hj\u00e6lper ikke. T\u00e6nk p\u00e5 rumf\u00e6rgen Columbia Alle atomkraftv\u00e6rkerne Alle de nye v\u00e5ben der kun har til form\u00e5l at dr\u00e6be mennesker T\u00e6nk hvis v\u00e5ben var noget der gjorde mennesker enige T\u00e6nk &hellip; <a href=\"https:\/\/www.photostory.dk\/?page_id=3315\" class=\"more-link\">L\u00e6s mere <span class=\"screen-reader-text\">Skoledigt: Landet er i krise<\/span><\/a><\/p>\n","protected":false},"author":1,"featured_media":0,"parent":0,"menu_order":0,"comment_status":"closed","ping_status":"closed","template":"","meta":[],"_links":{"self":[{"href":"https:\/\/www.photostory.dk\/index.php?rest_route=\/wp\/v2\/pages\/3315"}],"collection":[{"href":"https:\/\/www.photostory.dk\/index.php?rest_route=\/wp\/v2\/pages"}],"about":[{"href":"https:\/\/www.photostory.dk\/index.php?rest_route=\/wp\/v2\/types\/page"}],"author":[{"embeddable":true,"href":"https:\/\/www.photostory.dk\/index.php?rest_route=\/wp\/v2\/users\/1"}],"replies":[{"embeddable":true,"href":"https:\/\/www.photostory.dk\/index.php?rest_route=%2Fwp%2Fv2%2Fcomments&post=3315"}],"version-history":[{"count":1,"href":"https:\/\/www.photostory.dk\/index.php?rest_route=\/wp\/v2\/pages\/3315\/revisions"}],"predecessor-version":[{"id":3318,"href":"https:\/\/www.photostory.dk\/index.php?rest_route=\/wp\/v2\/pages\/3315\/revisions\/3318"}],"wp:attachment":[{"href":"https:\/\/www.photostory.dk\/index.php?rest_route=%2Fwp%2Fv2%2Fmedia&parent=3315"}],"curies":[{"name":"wp","href":"https:\/\/api.w.org\/{rel}","templated":true}]}}