{"id":3307,"date":"2017-02-17T16:07:25","date_gmt":"2017-02-17T16:07:25","guid":{"rendered":"http:\/\/photostory.dk\/?page_id=3307"},"modified":"2017-02-17T16:11:02","modified_gmt":"2017-02-17T16:11:02","slug":"fantasidigt","status":"publish","type":"page","link":"https:\/\/www.photostory.dk\/?page_id=3307","title":{"rendered":"FANTASIDIGT"},"content":{"rendered":"<p><a href=\"http:\/\/photostory.dk\/wp-content\/uploads\/2017\/02\/co-82-fantasidigt_small.jpg\"><img decoding=\"async\" loading=\"lazy\" class=\"size-full wp-image-3308 aligncenter\" src=\"http:\/\/photostory.dk\/wp-content\/uploads\/2017\/02\/co-82-fantasidigt_small.jpg\" alt=\"\" width=\"400\" height=\"641\" srcset=\"https:\/\/www.photostory.dk\/wp-content\/uploads\/2017\/02\/co-82-fantasidigt_small.jpg 400w, https:\/\/www.photostory.dk\/wp-content\/uploads\/2017\/02\/co-82-fantasidigt_small-137x220.jpg 137w\" sizes=\"(max-width: 400px) 100vw, 400px\" \/><\/a><\/p>\n<p style=\"text-align: center;\">Tegning af et Marsskib<\/p>\n<p style=\"text-align: center;\"><strong>FANTASIDIGT<\/strong><\/p>\n<p style=\"text-align: center;\">Det er min f\u00f8dselsdag i dag,<br \/>\nJeg fylder 398 \u00e5r.<br \/>\nJeg spiller fodbold med alle de andre.<br \/>\nMin bedste ven er 427 \u00e5r,<br \/>\nhun spiller ogs\u00e5 fodbold.<br \/>\nVi f\u00e5r begge tiden til at g\u00e5 ved at flyve<br \/>\np\u00e5 vores flyvende k\u00f8er.<br \/>\nVi flyver tit ud i skoven<br \/>\nog bes\u00f8ger skovrotterne.<br \/>\nFor ikke lang tid siden<br \/>\nvar vi til fest hos skovrotterne.<br \/>\nVi holdt fest i 75 \u00e5r,<br \/>\ndet var smadder sk\u00e6gt.<br \/>\nMen festen m\u00e5tte godt have varet lidt l\u00e6ngere.<br \/>\nVi er ogs\u00e5 tit nede ved havet.<br \/>\nDet har v\u00e6vet et gadek\u00e6r,<br \/>\nfor ca. 386 \u00e5r siden.<br \/>\nda var jeg 12 \u00e5r.<\/p>\n<p>\u201cCosta Karlslunde Digte 1981\u201d var en del af et undervisningsprojekt i 1981 p\u00e5\u00a0Karlslunde Skole\u00a0om\u00a0lokalmilj\u00f8er i bl.a. Aved\u00f8re, Lyngby\u00a0og Karlslunde. De her gengivne digte m.m. er fra Karlslunde og omegn\u00a0og udf\u00f8rt af eleverne fra 5, 6 og 7. klasse.<\/p>\n<p style=\"text-align: center;\"><a href=\"http:\/\/photostory.dk\/?page_id=835\">Oversigt Costa Karlslunde Digte 1981. Skoledigte<\/a><\/p>\n","protected":false},"excerpt":{"rendered":"<p>Tegning af et Marsskib FANTASIDIGT Det er min f\u00f8dselsdag i dag, Jeg fylder 398 \u00e5r. Jeg spiller fodbold med alle de andre. Min bedste ven er 427 \u00e5r, hun spiller ogs\u00e5 fodbold. Vi f\u00e5r begge tiden til at g\u00e5 ved at flyve p\u00e5 vores flyvende k\u00f8er. Vi flyver tit ud i skoven og bes\u00f8ger skovrotterne. &hellip; <a href=\"https:\/\/www.photostory.dk\/?page_id=3307\" class=\"more-link\">L\u00e6s mere <span class=\"screen-reader-text\">FANTASIDIGT<\/span><\/a><\/p>\n","protected":false},"author":1,"featured_media":0,"parent":0,"menu_order":0,"comment_status":"closed","ping_status":"closed","template":"","meta":[],"_links":{"self":[{"href":"https:\/\/www.photostory.dk\/index.php?rest_route=\/wp\/v2\/pages\/3307"}],"collection":[{"href":"https:\/\/www.photostory.dk\/index.php?rest_route=\/wp\/v2\/pages"}],"about":[{"href":"https:\/\/www.photostory.dk\/index.php?rest_route=\/wp\/v2\/types\/page"}],"author":[{"embeddable":true,"href":"https:\/\/www.photostory.dk\/index.php?rest_route=\/wp\/v2\/users\/1"}],"replies":[{"embeddable":true,"href":"https:\/\/www.photostory.dk\/index.php?rest_route=%2Fwp%2Fv2%2Fcomments&post=3307"}],"version-history":[{"count":5,"href":"https:\/\/www.photostory.dk\/index.php?rest_route=\/wp\/v2\/pages\/3307\/revisions"}],"predecessor-version":[{"id":3314,"href":"https:\/\/www.photostory.dk\/index.php?rest_route=\/wp\/v2\/pages\/3307\/revisions\/3314"}],"wp:attachment":[{"href":"https:\/\/www.photostory.dk\/index.php?rest_route=%2Fwp%2Fv2%2Fmedia&parent=3307"}],"curies":[{"name":"wp","href":"https:\/\/api.w.org\/{rel}","templated":true}]}}