{"id":3301,"date":"2017-02-17T16:01:15","date_gmt":"2017-02-17T16:01:15","guid":{"rendered":"http:\/\/photostory.dk\/?page_id=3301"},"modified":"2017-02-17T16:01:51","modified_gmt":"2017-02-17T16:01:51","slug":"dyyyt-baaaat","status":"publish","type":"page","link":"https:\/\/www.photostory.dk\/?page_id=3301","title":{"rendered":"&#8220;Dyyyt- B\u00e5\u00e5t&#8221;"},"content":{"rendered":"<p><a href=\"http:\/\/photostory.dk\/wp-content\/uploads\/2017\/02\/co-81-tegning-dyt_small.jpg\"><img decoding=\"async\" loading=\"lazy\" class=\"size-full wp-image-3302 aligncenter\" src=\"http:\/\/photostory.dk\/wp-content\/uploads\/2017\/02\/co-81-tegning-dyt_small.jpg\" alt=\"\" width=\"400\" height=\"489\" srcset=\"https:\/\/www.photostory.dk\/wp-content\/uploads\/2017\/02\/co-81-tegning-dyt_small.jpg 400w, https:\/\/www.photostory.dk\/wp-content\/uploads\/2017\/02\/co-81-tegning-dyt_small-180x220.jpg 180w\" sizes=\"(max-width: 400px) 100vw, 400px\" \/><\/a><\/p>\n<p style=\"text-align: center;\"><strong>Costa Karlslunde Digte 1981\u00a0&#8220;Dyyyt- B\u00e5\u00e5t&#8221;<\/strong><\/p>\n<p>Tegning: Stor dyyyt , der siger b\u00e5\u00e5t !!\u00a0Set i Karlslunde i 1981 !!!<\/p>\n<p>\u201cCosta Karlslunde Digte 1981\u201d var en del af et undervisningsprojekt i 1981 p\u00e5\u00a0Karlslunde Skole\u00a0om\u00a0lokalmilj\u00f8er i bl.a. Aved\u00f8re, Lyngby\u00a0og Karlslunde. De her gengivne digte m.m. er fra Karlslunde og omegn\u00a0og udf\u00f8rt af eleverne fra 5, 6 og 7. klasse.<\/p>\n<p style=\"text-align: center;\"><a href=\"http:\/\/photostory.dk\/?page_id=835\">Oversigt Costa Karlslunde Digte 1981. Skoledigte<\/a><\/p>\n","protected":false},"excerpt":{"rendered":"<p>Costa Karlslunde Digte 1981\u00a0&#8220;Dyyyt- B\u00e5\u00e5t&#8221; Tegning: Stor dyyyt , der siger b\u00e5\u00e5t !!\u00a0Set i Karlslunde i 1981 !!! \u201cCosta Karlslunde Digte 1981\u201d var en del af et undervisningsprojekt i 1981 p\u00e5\u00a0Karlslunde Skole\u00a0om\u00a0lokalmilj\u00f8er i bl.a. Aved\u00f8re, Lyngby\u00a0og Karlslunde. De her gengivne digte m.m. er fra Karlslunde og omegn\u00a0og udf\u00f8rt af eleverne fra 5, 6 og 7. &hellip; <a href=\"https:\/\/www.photostory.dk\/?page_id=3301\" class=\"more-link\">L\u00e6s mere <span class=\"screen-reader-text\">&#8220;Dyyyt- B\u00e5\u00e5t&#8221;<\/span><\/a><\/p>\n","protected":false},"author":1,"featured_media":0,"parent":0,"menu_order":0,"comment_status":"closed","ping_status":"closed","template":"","meta":[],"_links":{"self":[{"href":"https:\/\/www.photostory.dk\/index.php?rest_route=\/wp\/v2\/pages\/3301"}],"collection":[{"href":"https:\/\/www.photostory.dk\/index.php?rest_route=\/wp\/v2\/pages"}],"about":[{"href":"https:\/\/www.photostory.dk\/index.php?rest_route=\/wp\/v2\/types\/page"}],"author":[{"embeddable":true,"href":"https:\/\/www.photostory.dk\/index.php?rest_route=\/wp\/v2\/users\/1"}],"replies":[{"embeddable":true,"href":"https:\/\/www.photostory.dk\/index.php?rest_route=%2Fwp%2Fv2%2Fcomments&post=3301"}],"version-history":[{"count":3,"href":"https:\/\/www.photostory.dk\/index.php?rest_route=\/wp\/v2\/pages\/3301\/revisions"}],"predecessor-version":[{"id":3306,"href":"https:\/\/www.photostory.dk\/index.php?rest_route=\/wp\/v2\/pages\/3301\/revisions\/3306"}],"wp:attachment":[{"href":"https:\/\/www.photostory.dk\/index.php?rest_route=%2Fwp%2Fv2%2Fmedia&parent=3301"}],"curies":[{"name":"wp","href":"https:\/\/api.w.org\/{rel}","templated":true}]}}