{"id":3291,"date":"2017-02-17T13:36:15","date_gmt":"2017-02-17T13:36:15","guid":{"rendered":"http:\/\/photostory.dk\/?page_id=3291"},"modified":"2017-02-17T13:38:06","modified_gmt":"2017-02-17T13:38:06","slug":"digt-om-teenageralderen","status":"publish","type":"page","link":"https:\/\/www.photostory.dk\/?page_id=3291","title":{"rendered":"Digt om &#8220;Teenageralderen&#8221;"},"content":{"rendered":"<p><a href=\"http:\/\/photostory.dk\/wp-content\/uploads\/2017\/02\/co-79-teenageralderen_small.jpg\"><img decoding=\"async\" loading=\"lazy\" class=\"size-full wp-image-3292 aligncenter\" src=\"http:\/\/photostory.dk\/wp-content\/uploads\/2017\/02\/co-79-teenageralderen_small.jpg\" alt=\"\" width=\"400\" height=\"594\" srcset=\"https:\/\/www.photostory.dk\/wp-content\/uploads\/2017\/02\/co-79-teenageralderen_small.jpg 400w, https:\/\/www.photostory.dk\/wp-content\/uploads\/2017\/02\/co-79-teenageralderen_small-148x220.jpg 148w\" sizes=\"(max-width: 400px) 100vw, 400px\" \/><\/a><\/p>\n<p style=\"text-align: center;\"><strong>Teenageralderen!<\/strong><\/p>\n<p style=\"text-align: center;\">Man fylder 13, s\u00e5 er man i<br \/>\nTEENAGERALDEREN<br \/>\nnu er det man begynder<br \/>\nat blive lidt uvenner<br \/>\nmed sin mor<br \/>\nSm\u00e6kker med d\u00f8rerne<br \/>\nalle er \u00e5ndsvage, dumme<br \/>\nman t\u00e6nker:<br \/>\nHvor er de barnlige.<br \/>\nMen andre dage<br \/>\ner man bare i topform<br \/>\nMan har det skidesk\u00e6gt<br \/>\ng\u00e5r en tur i Karlslunde<br \/>\nsidder ved gadek\u00e6ret<br \/>\nNu skal du h\u00f8re<br \/>\njeg har set en der var<br \/>\nskide flot<br \/>\nHan var bare l\u00e6kker<br \/>\nMan g\u00e5r videre m\u00f8der nogle<br \/>\nvenner snakker<br \/>\nlaver fis Ha, Ha<br \/>\nEn siger n\u00e5 jeg skal hjem.<\/p>\n<p>\u201cCosta Karlslunde Digte 1981\u201d var en del af et undervisningsprojekt i 1981 p\u00e5\u00a0Karlslunde Skole\u00a0om\u00a0lokalmilj\u00f8er i bl.a. Aved\u00f8re, Lyngby\u00a0og Karlslunde. De her gengivne digte m.m. er fra Karlslunde og omegn\u00a0og udf\u00f8rt af eleverne fra 5, 6 og 7. klasse.<\/p>\n<p style=\"text-align: center;\"><a href=\"http:\/\/photostory.dk\/?page_id=835\">Oversigt Costa Karlslunde Digte 1981. Skoledigte<\/a><\/p>\n","protected":false},"excerpt":{"rendered":"<p>Teenageralderen! Man fylder 13, s\u00e5 er man i TEENAGERALDEREN nu er det man begynder at blive lidt uvenner med sin mor Sm\u00e6kker med d\u00f8rerne alle er \u00e5ndsvage, dumme man t\u00e6nker: Hvor er de barnlige. Men andre dage er man bare i topform Man har det skidesk\u00e6gt g\u00e5r en tur i Karlslunde sidder ved gadek\u00e6ret Nu &hellip; <a href=\"https:\/\/www.photostory.dk\/?page_id=3291\" class=\"more-link\">L\u00e6s mere <span class=\"screen-reader-text\">Digt om &#8220;Teenageralderen&#8221;<\/span><\/a><\/p>\n","protected":false},"author":1,"featured_media":0,"parent":0,"menu_order":0,"comment_status":"closed","ping_status":"closed","template":"","meta":[],"_links":{"self":[{"href":"https:\/\/www.photostory.dk\/index.php?rest_route=\/wp\/v2\/pages\/3291"}],"collection":[{"href":"https:\/\/www.photostory.dk\/index.php?rest_route=\/wp\/v2\/pages"}],"about":[{"href":"https:\/\/www.photostory.dk\/index.php?rest_route=\/wp\/v2\/types\/page"}],"author":[{"embeddable":true,"href":"https:\/\/www.photostory.dk\/index.php?rest_route=\/wp\/v2\/users\/1"}],"replies":[{"embeddable":true,"href":"https:\/\/www.photostory.dk\/index.php?rest_route=%2Fwp%2Fv2%2Fcomments&post=3291"}],"version-history":[{"count":2,"href":"https:\/\/www.photostory.dk\/index.php?rest_route=\/wp\/v2\/pages\/3291\/revisions"}],"predecessor-version":[{"id":3295,"href":"https:\/\/www.photostory.dk\/index.php?rest_route=\/wp\/v2\/pages\/3291\/revisions\/3295"}],"wp:attachment":[{"href":"https:\/\/www.photostory.dk\/index.php?rest_route=%2Fwp%2Fv2%2Fmedia&parent=3291"}],"curies":[{"name":"wp","href":"https:\/\/api.w.org\/{rel}","templated":true}]}}