{"id":3287,"date":"2017-02-17T13:32:04","date_gmt":"2017-02-17T13:32:04","guid":{"rendered":"http:\/\/photostory.dk\/?page_id=3287"},"modified":"2017-02-17T13:32:04","modified_gmt":"2017-02-17T13:32:04","slug":"lam-totalt-lam-i-benene","status":"publish","type":"page","link":"https:\/\/www.photostory.dk\/?page_id=3287","title":{"rendered":"Lam&#8230;..totalt lam i benene"},"content":{"rendered":"<p><a href=\"http:\/\/photostory.dk\/wp-content\/uploads\/2017\/02\/co-78-lam_small.jpg\"><img decoding=\"async\" loading=\"lazy\" class=\"size-full wp-image-3288 aligncenter\" src=\"http:\/\/photostory.dk\/wp-content\/uploads\/2017\/02\/co-78-lam_small.jpg\" alt=\"\" width=\"400\" height=\"359\" srcset=\"https:\/\/www.photostory.dk\/wp-content\/uploads\/2017\/02\/co-78-lam_small.jpg 400w, https:\/\/www.photostory.dk\/wp-content\/uploads\/2017\/02\/co-78-lam_small-245x220.jpg 245w\" sizes=\"(max-width: 400px) 100vw, 400px\" \/><\/a><\/p>\n<p style=\"text-align: center;\"><strong>&#8220;Lam&#8230;..Totalt lam i benene&#8221;<\/strong><\/p>\n<p style=\"text-align: center;\">Totalt lam i benene<br \/>\nsidder i rullestol<br \/>\nog kan ikke bev\u00e6ge sine ben<br \/>\nalle andre muskler er tiptop<br \/>\nfaktisk flere muskler end andre<br \/>\nbruger munden godt<br \/>\nb\u00e5de p\u00e5 den ene og anden m\u00e5de<\/p>\n<p>\u201cCosta Karlslunde Digte 1981\u201d var en del af et undervisningsprojekt i 1981 p\u00e5\u00a0Karlslunde Skole\u00a0om\u00a0lokalmilj\u00f8er i bl.a. Aved\u00f8re, Lyngby\u00a0og Karlslunde. De her gengivne digte m.m. er fra Karlslunde og omegn\u00a0og udf\u00f8rt af eleverne fra 5, 6 og 7. klasse.<\/p>\n<p style=\"text-align: center;\"><a href=\"http:\/\/photostory.dk\/?page_id=835\">Oversigt Costa Karlslunde Digte 1981. Skoledigte<\/a><\/p>\n","protected":false},"excerpt":{"rendered":"<p>&#8220;Lam&#8230;..Totalt lam i benene&#8221; Totalt lam i benene sidder i rullestol og kan ikke bev\u00e6ge sine ben alle andre muskler er tiptop faktisk flere muskler end andre bruger munden godt b\u00e5de p\u00e5 den ene og anden m\u00e5de \u201cCosta Karlslunde Digte 1981\u201d var en del af et undervisningsprojekt i 1981 p\u00e5\u00a0Karlslunde Skole\u00a0om\u00a0lokalmilj\u00f8er i bl.a. Aved\u00f8re, Lyngby\u00a0og &hellip; <a href=\"https:\/\/www.photostory.dk\/?page_id=3287\" class=\"more-link\">L\u00e6s mere <span class=\"screen-reader-text\">Lam&#8230;..totalt lam i benene<\/span><\/a><\/p>\n","protected":false},"author":1,"featured_media":0,"parent":0,"menu_order":0,"comment_status":"closed","ping_status":"closed","template":"","meta":[],"_links":{"self":[{"href":"https:\/\/www.photostory.dk\/index.php?rest_route=\/wp\/v2\/pages\/3287"}],"collection":[{"href":"https:\/\/www.photostory.dk\/index.php?rest_route=\/wp\/v2\/pages"}],"about":[{"href":"https:\/\/www.photostory.dk\/index.php?rest_route=\/wp\/v2\/types\/page"}],"author":[{"embeddable":true,"href":"https:\/\/www.photostory.dk\/index.php?rest_route=\/wp\/v2\/users\/1"}],"replies":[{"embeddable":true,"href":"https:\/\/www.photostory.dk\/index.php?rest_route=%2Fwp%2Fv2%2Fcomments&post=3287"}],"version-history":[{"count":1,"href":"https:\/\/www.photostory.dk\/index.php?rest_route=\/wp\/v2\/pages\/3287\/revisions"}],"predecessor-version":[{"id":3290,"href":"https:\/\/www.photostory.dk\/index.php?rest_route=\/wp\/v2\/pages\/3287\/revisions\/3290"}],"wp:attachment":[{"href":"https:\/\/www.photostory.dk\/index.php?rest_route=%2Fwp%2Fv2%2Fmedia&parent=3287"}],"curies":[{"name":"wp","href":"https:\/\/api.w.org\/{rel}","templated":true}]}}