{"id":3277,"date":"2017-02-17T13:24:02","date_gmt":"2017-02-17T13:24:02","guid":{"rendered":"http:\/\/photostory.dk\/?page_id=3277"},"modified":"2017-02-17T13:24:02","modified_gmt":"2017-02-17T13:24:02","slug":"digt-hun-doede-hvordan","status":"publish","type":"page","link":"https:\/\/www.photostory.dk\/?page_id=3277","title":{"rendered":"Digt: Hun d\u00f8de. Hvordan?"},"content":{"rendered":"<p><a href=\"http:\/\/photostory.dk\/wp-content\/uploads\/2017\/02\/co-77-hun-doede_small.jpg\"><img decoding=\"async\" loading=\"lazy\" class=\"size-full wp-image-3278 aligncenter\" src=\"http:\/\/photostory.dk\/wp-content\/uploads\/2017\/02\/co-77-hun-doede_small.jpg\" alt=\"\" width=\"400\" height=\"763\" srcset=\"https:\/\/www.photostory.dk\/wp-content\/uploads\/2017\/02\/co-77-hun-doede_small.jpg 400w, https:\/\/www.photostory.dk\/wp-content\/uploads\/2017\/02\/co-77-hun-doede_small-115x220.jpg 115w\" sizes=\"(max-width: 400px) 100vw, 400px\" \/><\/a><\/p>\n<p style=\"text-align: center;\"><strong>Hun d\u00f8de.<\/strong><\/p>\n<p style=\"text-align: center;\">Hun d\u00f8de.<br \/>\nHvordan?<br \/>\nHun blev dr\u00e6bt.<br \/>\nHvorfor?<br \/>\nJeg ved det ikke.<br \/>\nVi savner hende<br \/>\nallesammen<br \/>\nHvorfor lige hende?<br \/>\nVi savner dig.<br \/>\nkom tilbage<br \/>\nHvorfor lige dig?<br \/>\nVi ved det ikke.<\/p>\n<p>\u201cCosta Karlslunde Digte 1981\u201d var en del af et undervisningsprojekt i 1981 p\u00e5\u00a0Karlslunde Skole\u00a0om\u00a0lokalmilj\u00f8er i bl.a. Aved\u00f8re, Lyngby\u00a0og Karlslunde. De her gengivne digte m.m. er fra Karlslunde og omegn\u00a0og udf\u00f8rt af eleverne fra 5, 6 og 7. klasse.<\/p>\n<p style=\"text-align: center;\"><a href=\"http:\/\/photostory.dk\/?page_id=835\">Oversigt Costa Karlslunde Digte 1981. Skoledigte<\/a><\/p>\n","protected":false},"excerpt":{"rendered":"<p>Hun d\u00f8de. Hun d\u00f8de. Hvordan? Hun blev dr\u00e6bt. Hvorfor? Jeg ved det ikke. Vi savner hende allesammen Hvorfor lige hende? Vi savner dig. kom tilbage Hvorfor lige dig? Vi ved det ikke. \u201cCosta Karlslunde Digte 1981\u201d var en del af et undervisningsprojekt i 1981 p\u00e5\u00a0Karlslunde Skole\u00a0om\u00a0lokalmilj\u00f8er i bl.a. Aved\u00f8re, Lyngby\u00a0og Karlslunde. De her gengivne digte &hellip; <a href=\"https:\/\/www.photostory.dk\/?page_id=3277\" class=\"more-link\">L\u00e6s mere <span class=\"screen-reader-text\">Digt: Hun d\u00f8de. Hvordan?<\/span><\/a><\/p>\n","protected":false},"author":1,"featured_media":0,"parent":0,"menu_order":0,"comment_status":"closed","ping_status":"closed","template":"","meta":[],"_links":{"self":[{"href":"https:\/\/www.photostory.dk\/index.php?rest_route=\/wp\/v2\/pages\/3277"}],"collection":[{"href":"https:\/\/www.photostory.dk\/index.php?rest_route=\/wp\/v2\/pages"}],"about":[{"href":"https:\/\/www.photostory.dk\/index.php?rest_route=\/wp\/v2\/types\/page"}],"author":[{"embeddable":true,"href":"https:\/\/www.photostory.dk\/index.php?rest_route=\/wp\/v2\/users\/1"}],"replies":[{"embeddable":true,"href":"https:\/\/www.photostory.dk\/index.php?rest_route=%2Fwp%2Fv2%2Fcomments&post=3277"}],"version-history":[{"count":2,"href":"https:\/\/www.photostory.dk\/index.php?rest_route=\/wp\/v2\/pages\/3277\/revisions"}],"predecessor-version":[{"id":3280,"href":"https:\/\/www.photostory.dk\/index.php?rest_route=\/wp\/v2\/pages\/3277\/revisions\/3280"}],"wp:attachment":[{"href":"https:\/\/www.photostory.dk\/index.php?rest_route=%2Fwp%2Fv2%2Fmedia&parent=3277"}],"curies":[{"name":"wp","href":"https:\/\/api.w.org\/{rel}","templated":true}]}}