{"id":3272,"date":"2017-02-17T13:06:16","date_gmt":"2017-02-17T13:06:16","guid":{"rendered":"http:\/\/photostory.dk\/?page_id=3272"},"modified":"2017-02-17T13:07:05","modified_gmt":"2017-02-17T13:07:05","slug":"foerste-gang-jeg-laerte-at-gaa","status":"publish","type":"page","link":"https:\/\/www.photostory.dk\/?page_id=3272","title":{"rendered":"F\u00f8rste gang jeg l\u00e6rte at g\u00e5"},"content":{"rendered":"<p><a href=\"http:\/\/photostory.dk\/wp-content\/uploads\/2017\/02\/co-77-foerste-gang_small.jpg\"><img decoding=\"async\" loading=\"lazy\" class=\"size-full wp-image-3273 aligncenter\" src=\"http:\/\/photostory.dk\/wp-content\/uploads\/2017\/02\/co-77-foerste-gang_small.jpg\" alt=\"\" width=\"400\" height=\"175\" srcset=\"https:\/\/www.photostory.dk\/wp-content\/uploads\/2017\/02\/co-77-foerste-gang_small.jpg 400w, https:\/\/www.photostory.dk\/wp-content\/uploads\/2017\/02\/co-77-foerste-gang_small-295x129.jpg 295w\" sizes=\"(max-width: 400px) 100vw, 400px\" \/><\/a><\/p>\n<p style=\"text-align: center;\"><strong>F\u00f8rste gang<\/strong><\/p>\n<p style=\"text-align: center;\">F\u00f8rste gang jeg l\u00e6rte at g\u00e5<br \/>\njeg stilte mig op for st\u00e5<br \/>\njeg gik et par skridt<br \/>\nog faldt med et bump.<\/p>\n<p>\u201cCosta Karlslunde Digte 1981\u201d var en del af et undervisningsprojekt i 1981 p\u00e5\u00a0Karlslunde Skole\u00a0om\u00a0lokalmilj\u00f8er i bl.a. Aved\u00f8re, Lyngby\u00a0og Karlslunde. De her gengivne digte m.m. er fra Karlslunde og omegn\u00a0og udf\u00f8rt af eleverne fra 5, 6 og 7. klasse.<\/p>\n<p style=\"text-align: center;\"><a href=\"http:\/\/photostory.dk\/?page_id=835\">Oversigt Costa Karlslunde Digte 1981. Skoledigte<\/a><\/p>\n","protected":false},"excerpt":{"rendered":"<p>F\u00f8rste gang F\u00f8rste gang jeg l\u00e6rte at g\u00e5 jeg stilte mig op for st\u00e5 jeg gik et par skridt og faldt med et bump. \u201cCosta Karlslunde Digte 1981\u201d var en del af et undervisningsprojekt i 1981 p\u00e5\u00a0Karlslunde Skole\u00a0om\u00a0lokalmilj\u00f8er i bl.a. Aved\u00f8re, Lyngby\u00a0og Karlslunde. De her gengivne digte m.m. er fra Karlslunde og omegn\u00a0og udf\u00f8rt af &hellip; <a href=\"https:\/\/www.photostory.dk\/?page_id=3272\" class=\"more-link\">L\u00e6s mere <span class=\"screen-reader-text\">F\u00f8rste gang jeg l\u00e6rte at g\u00e5<\/span><\/a><\/p>\n","protected":false},"author":1,"featured_media":0,"parent":0,"menu_order":0,"comment_status":"closed","ping_status":"closed","template":"","meta":[],"_links":{"self":[{"href":"https:\/\/www.photostory.dk\/index.php?rest_route=\/wp\/v2\/pages\/3272"}],"collection":[{"href":"https:\/\/www.photostory.dk\/index.php?rest_route=\/wp\/v2\/pages"}],"about":[{"href":"https:\/\/www.photostory.dk\/index.php?rest_route=\/wp\/v2\/types\/page"}],"author":[{"embeddable":true,"href":"https:\/\/www.photostory.dk\/index.php?rest_route=\/wp\/v2\/users\/1"}],"replies":[{"embeddable":true,"href":"https:\/\/www.photostory.dk\/index.php?rest_route=%2Fwp%2Fv2%2Fcomments&post=3272"}],"version-history":[{"count":2,"href":"https:\/\/www.photostory.dk\/index.php?rest_route=\/wp\/v2\/pages\/3272\/revisions"}],"predecessor-version":[{"id":3276,"href":"https:\/\/www.photostory.dk\/index.php?rest_route=\/wp\/v2\/pages\/3272\/revisions\/3276"}],"wp:attachment":[{"href":"https:\/\/www.photostory.dk\/index.php?rest_route=%2Fwp%2Fv2%2Fmedia&parent=3272"}],"curies":[{"name":"wp","href":"https:\/\/api.w.org\/{rel}","templated":true}]}}