{"id":3268,"date":"2017-02-17T13:02:32","date_gmt":"2017-02-17T13:02:32","guid":{"rendered":"http:\/\/photostory.dk\/?page_id=3268"},"modified":"2017-02-17T13:02:32","modified_gmt":"2017-02-17T13:02:32","slug":"jeg-har-braellet-braekket-armen-i-dag","status":"publish","type":"page","link":"https:\/\/www.photostory.dk\/?page_id=3268","title":{"rendered":"Jeg har br\u00e6llet &#8211; br\u00e6kket armen i dag"},"content":{"rendered":"<p><a href=\"http:\/\/photostory.dk\/wp-content\/uploads\/2017\/02\/co-77-armen_small.jpg\"><img decoding=\"async\" loading=\"lazy\" class=\"size-full wp-image-3269 aligncenter\" src=\"http:\/\/photostory.dk\/wp-content\/uploads\/2017\/02\/co-77-armen_small.jpg\" alt=\"\" width=\"400\" height=\"337\" srcset=\"https:\/\/www.photostory.dk\/wp-content\/uploads\/2017\/02\/co-77-armen_small.jpg 400w, https:\/\/www.photostory.dk\/wp-content\/uploads\/2017\/02\/co-77-armen_small-261x220.jpg 261w\" sizes=\"(max-width: 400px) 100vw, 400px\" \/><\/a><\/p>\n<p style=\"text-align: center;\"><strong>Armen<\/strong><\/p>\n<p style=\"text-align: center;\">Jeg har br\u00e6llet armen i dag<br \/>\noppe p\u00e5 legemaskinen.<br \/>\nJeg legede Tarzan<br \/>\nog s\u00e5 faldt jeg ned<br \/>\nog landede oven p\u00e5 armen<br \/>\n\u00d8V \u00d8V og \u00d8V<\/p>\n<p>\u201cCosta Karlslunde Digte 1981\u201d var en del af et undervisningsprojekt i 1981 p\u00e5\u00a0Karlslunde Skole\u00a0om\u00a0lokalmilj\u00f8er i bl.a. Aved\u00f8re, Lyngby\u00a0og Karlslunde. De her gengivne digte m.m. er fra Karlslunde og omegn\u00a0og udf\u00f8rt af eleverne fra 5, 6 og 7. klasse.<\/p>\n<p style=\"text-align: center;\"><a href=\"http:\/\/photostory.dk\/?page_id=835\">Oversigt Costa Karlslunde Digte 1981. Skoledigte<\/a><\/p>\n","protected":false},"excerpt":{"rendered":"<p>Armen Jeg har br\u00e6llet armen i dag oppe p\u00e5 legemaskinen. Jeg legede Tarzan og s\u00e5 faldt jeg ned og landede oven p\u00e5 armen \u00d8V \u00d8V og \u00d8V \u201cCosta Karlslunde Digte 1981\u201d var en del af et undervisningsprojekt i 1981 p\u00e5\u00a0Karlslunde Skole\u00a0om\u00a0lokalmilj\u00f8er i bl.a. Aved\u00f8re, Lyngby\u00a0og Karlslunde. De her gengivne digte m.m. er fra Karlslunde og &hellip; <a href=\"https:\/\/www.photostory.dk\/?page_id=3268\" class=\"more-link\">L\u00e6s mere <span class=\"screen-reader-text\">Jeg har br\u00e6llet &#8211; br\u00e6kket armen i dag<\/span><\/a><\/p>\n","protected":false},"author":1,"featured_media":0,"parent":0,"menu_order":0,"comment_status":"closed","ping_status":"closed","template":"","meta":[],"_links":{"self":[{"href":"https:\/\/www.photostory.dk\/index.php?rest_route=\/wp\/v2\/pages\/3268"}],"collection":[{"href":"https:\/\/www.photostory.dk\/index.php?rest_route=\/wp\/v2\/pages"}],"about":[{"href":"https:\/\/www.photostory.dk\/index.php?rest_route=\/wp\/v2\/types\/page"}],"author":[{"embeddable":true,"href":"https:\/\/www.photostory.dk\/index.php?rest_route=\/wp\/v2\/users\/1"}],"replies":[{"embeddable":true,"href":"https:\/\/www.photostory.dk\/index.php?rest_route=%2Fwp%2Fv2%2Fcomments&post=3268"}],"version-history":[{"count":1,"href":"https:\/\/www.photostory.dk\/index.php?rest_route=\/wp\/v2\/pages\/3268\/revisions"}],"predecessor-version":[{"id":3271,"href":"https:\/\/www.photostory.dk\/index.php?rest_route=\/wp\/v2\/pages\/3268\/revisions\/3271"}],"wp:attachment":[{"href":"https:\/\/www.photostory.dk\/index.php?rest_route=%2Fwp%2Fv2%2Fmedia&parent=3268"}],"curies":[{"name":"wp","href":"https:\/\/api.w.org\/{rel}","templated":true}]}}