{"id":3264,"date":"2017-02-17T12:57:51","date_gmt":"2017-02-17T12:57:51","guid":{"rendered":"http:\/\/photostory.dk\/?page_id=3264"},"modified":"2017-02-17T12:57:51","modified_gmt":"2017-02-17T12:57:51","slug":"vi-var-paa-spejderlejr-var-sjovt","status":"publish","type":"page","link":"https:\/\/www.photostory.dk\/?page_id=3264","title":{"rendered":"Vi var p\u00e5 spejderlejr &#8230;. var sjovt"},"content":{"rendered":"<p><a href=\"http:\/\/photostory.dk\/wp-content\/uploads\/2017\/02\/co-76-vi-var-spejderlejr_small.jpg\"><img decoding=\"async\" loading=\"lazy\" class=\"size-full wp-image-3265 aligncenter\" src=\"http:\/\/photostory.dk\/wp-content\/uploads\/2017\/02\/co-76-vi-var-spejderlejr_small.jpg\" alt=\"\" width=\"400\" height=\"736\" srcset=\"https:\/\/www.photostory.dk\/wp-content\/uploads\/2017\/02\/co-76-vi-var-spejderlejr_small.jpg 400w, https:\/\/www.photostory.dk\/wp-content\/uploads\/2017\/02\/co-76-vi-var-spejderlejr_small-120x220.jpg 120w\" sizes=\"(max-width: 400px) 100vw, 400px\" \/><\/a><\/p>\n<p style=\"text-align: center;\"><strong>Spejderlejr<\/strong><\/p>\n<p style=\"text-align: center;\">Vi var p\u00e5 spejderlejr<br \/>\nvar sjovt<br \/>\nvi cyklede til Hvals\u00f8.<br \/>\nJeg gl\u00e6dede mig til<br \/>\nat komme hjem<br \/>\nHjemme.<br \/>\nS\u00e5 kom det<br \/>\nskr\u00e6kkelige<br \/>\nmin far er kommet<br \/>\np\u00e5 hospitalet.<br \/>\nMandag eftermiddag<br \/>\nskal vi bes\u00f8ge min far<br \/>\nvi f\u00e5r at vide<br \/>\nat han har haft en blodprop<br \/>\ni hjertet.<br \/>\nHan kommer hjem,<br \/>\nhar det ikke s\u00e5 godt.<br \/>\nP\u00e5 tirsdag vil han p\u00e5 arbejde.<br \/>\nHan er ikke rigtig klog.<\/p>\n<p>\u201cCosta Karlslunde Digte 1981\u201d var en del af et undervisningsprojekt i 1981 p\u00e5\u00a0Karlslunde Skole\u00a0om\u00a0lokalmilj\u00f8er i bl.a. Aved\u00f8re, Lyngby\u00a0og Karlslunde. De her gengivne digte m.m. er fra Karlslunde og omegn\u00a0og udf\u00f8rt af eleverne fra 5, 6 og 7. klasse.<\/p>\n<p style=\"text-align: center;\"><a href=\"http:\/\/photostory.dk\/?page_id=835\">Oversigt Costa Karlslunde Digte 1981. Skoledigte<\/a><\/p>\n","protected":false},"excerpt":{"rendered":"<p>Spejderlejr Vi var p\u00e5 spejderlejr var sjovt vi cyklede til Hvals\u00f8. Jeg gl\u00e6dede mig til at komme hjem Hjemme. S\u00e5 kom det skr\u00e6kkelige min far er kommet p\u00e5 hospitalet. Mandag eftermiddag skal vi bes\u00f8ge min far vi f\u00e5r at vide at han har haft en blodprop i hjertet. Han kommer hjem, har det ikke s\u00e5 &hellip; <a href=\"https:\/\/www.photostory.dk\/?page_id=3264\" class=\"more-link\">L\u00e6s mere <span class=\"screen-reader-text\">Vi var p\u00e5 spejderlejr &#8230;. var sjovt<\/span><\/a><\/p>\n","protected":false},"author":1,"featured_media":0,"parent":0,"menu_order":0,"comment_status":"closed","ping_status":"closed","template":"","meta":[],"_links":{"self":[{"href":"https:\/\/www.photostory.dk\/index.php?rest_route=\/wp\/v2\/pages\/3264"}],"collection":[{"href":"https:\/\/www.photostory.dk\/index.php?rest_route=\/wp\/v2\/pages"}],"about":[{"href":"https:\/\/www.photostory.dk\/index.php?rest_route=\/wp\/v2\/types\/page"}],"author":[{"embeddable":true,"href":"https:\/\/www.photostory.dk\/index.php?rest_route=\/wp\/v2\/users\/1"}],"replies":[{"embeddable":true,"href":"https:\/\/www.photostory.dk\/index.php?rest_route=%2Fwp%2Fv2%2Fcomments&post=3264"}],"version-history":[{"count":1,"href":"https:\/\/www.photostory.dk\/index.php?rest_route=\/wp\/v2\/pages\/3264\/revisions"}],"predecessor-version":[{"id":3267,"href":"https:\/\/www.photostory.dk\/index.php?rest_route=\/wp\/v2\/pages\/3264\/revisions\/3267"}],"wp:attachment":[{"href":"https:\/\/www.photostory.dk\/index.php?rest_route=%2Fwp%2Fv2%2Fmedia&parent=3264"}],"curies":[{"name":"wp","href":"https:\/\/api.w.org\/{rel}","templated":true}]}}