{"id":3259,"date":"2017-02-17T12:52:11","date_gmt":"2017-02-17T12:52:11","guid":{"rendered":"http:\/\/photostory.dk\/?page_id=3259"},"modified":"2017-02-17T12:52:40","modified_gmt":"2017-02-17T12:52:40","slug":"digtet-om-skolehesten","status":"publish","type":"page","link":"https:\/\/www.photostory.dk\/?page_id=3259","title":{"rendered":"Digtet om skolehesten!"},"content":{"rendered":"<p><a href=\"http:\/\/photostory.dk\/wp-content\/uploads\/2017\/02\/co-75-hesten_small.jpg\"><img decoding=\"async\" loading=\"lazy\" class=\"size-full wp-image-3260 aligncenter\" src=\"http:\/\/photostory.dk\/wp-content\/uploads\/2017\/02\/co-75-hesten_small.jpg\" alt=\"\" width=\"400\" height=\"751\" srcset=\"https:\/\/www.photostory.dk\/wp-content\/uploads\/2017\/02\/co-75-hesten_small.jpg 400w, https:\/\/www.photostory.dk\/wp-content\/uploads\/2017\/02\/co-75-hesten_small-117x220.jpg 117w\" sizes=\"(max-width: 400px) 100vw, 400px\" \/><\/a><\/p>\n<p style=\"text-align: center;\"><strong>Skolehesten<\/strong><\/p>\n<p style=\"text-align: center;\">Hesten har v\u00e6ret skolehest<br \/>\nden er blevet solgt<br \/>\nog er ejerhest.<br \/>\nMan kan m\u00e6rke den<br \/>\nsavner sine kammerater<br \/>\nog selvom den<br \/>\nhar f\u00e5et en stor boks<br \/>\nfaktisk luxus<br \/>\ner den s\u00f8rgelig.<br \/>\nHam der ejer hesten<br \/>\nsuser rundt p\u00e5 den,<br \/>\nsom et stykke leget\u00f8j.<br \/>\nHan mener det sikkert godt.<br \/>\nHesten v\u00e6nner sig nok<br \/>\ntil at v\u00e6re ejerhest,<br \/>\nog jeg h\u00e5ber<br \/>\nhan forst\u00e5r hvordan<br \/>\ndet er at have en hest,<br \/>\nsom har v\u00e6ret skolehest.<\/p>\n<p>\u201cCosta Karlslunde Digte 1981\u201d var en del af et undervisningsprojekt i 1981 p\u00e5\u00a0Karlslunde Skole\u00a0om\u00a0lokalmilj\u00f8er i bl.a. Aved\u00f8re, Lyngby\u00a0og Karlslunde. De her gengivne digte m.m. er fra Karlslunde og omegn\u00a0og udf\u00f8rt af eleverne fra 5, 6 og 7. klasse.<\/p>\n<p style=\"text-align: center;\"><a href=\"http:\/\/photostory.dk\/?page_id=835\">Oversigt Costa Karlslunde Digte 1981. Skoledigte<\/a><\/p>\n","protected":false},"excerpt":{"rendered":"<p>Skolehesten Hesten har v\u00e6ret skolehest den er blevet solgt og er ejerhest. Man kan m\u00e6rke den savner sine kammerater og selvom den har f\u00e5et en stor boks faktisk luxus er den s\u00f8rgelig. Ham der ejer hesten suser rundt p\u00e5 den, som et stykke leget\u00f8j. Han mener det sikkert godt. Hesten v\u00e6nner sig nok til at &hellip; <a href=\"https:\/\/www.photostory.dk\/?page_id=3259\" class=\"more-link\">L\u00e6s mere <span class=\"screen-reader-text\">Digtet om skolehesten!<\/span><\/a><\/p>\n","protected":false},"author":1,"featured_media":0,"parent":0,"menu_order":0,"comment_status":"closed","ping_status":"closed","template":"","meta":[],"_links":{"self":[{"href":"https:\/\/www.photostory.dk\/index.php?rest_route=\/wp\/v2\/pages\/3259"}],"collection":[{"href":"https:\/\/www.photostory.dk\/index.php?rest_route=\/wp\/v2\/pages"}],"about":[{"href":"https:\/\/www.photostory.dk\/index.php?rest_route=\/wp\/v2\/types\/page"}],"author":[{"embeddable":true,"href":"https:\/\/www.photostory.dk\/index.php?rest_route=\/wp\/v2\/users\/1"}],"replies":[{"embeddable":true,"href":"https:\/\/www.photostory.dk\/index.php?rest_route=%2Fwp%2Fv2%2Fcomments&post=3259"}],"version-history":[{"count":2,"href":"https:\/\/www.photostory.dk\/index.php?rest_route=\/wp\/v2\/pages\/3259\/revisions"}],"predecessor-version":[{"id":3263,"href":"https:\/\/www.photostory.dk\/index.php?rest_route=\/wp\/v2\/pages\/3259\/revisions\/3263"}],"wp:attachment":[{"href":"https:\/\/www.photostory.dk\/index.php?rest_route=%2Fwp%2Fv2%2Fmedia&parent=3259"}],"curies":[{"name":"wp","href":"https:\/\/api.w.org\/{rel}","templated":true}]}}