{"id":3254,"date":"2017-02-17T12:48:39","date_gmt":"2017-02-17T12:48:39","guid":{"rendered":"http:\/\/photostory.dk\/?page_id=3254"},"modified":"2017-02-17T12:48:58","modified_gmt":"2017-02-17T12:48:58","slug":"det-er-en-varm-sommerdag","status":"publish","type":"page","link":"https:\/\/www.photostory.dk\/?page_id=3254","title":{"rendered":"Det er en varm sommerdag"},"content":{"rendered":"<p><a href=\"http:\/\/photostory.dk\/wp-content\/uploads\/2017\/02\/co-74-det-varm-sommerdag_small.jpg\"><img decoding=\"async\" loading=\"lazy\" class=\"size-full wp-image-3255 aligncenter\" src=\"http:\/\/photostory.dk\/wp-content\/uploads\/2017\/02\/co-74-det-varm-sommerdag_small.jpg\" alt=\"\" width=\"400\" height=\"295\" srcset=\"https:\/\/www.photostory.dk\/wp-content\/uploads\/2017\/02\/co-74-det-varm-sommerdag_small.jpg 400w, https:\/\/www.photostory.dk\/wp-content\/uploads\/2017\/02\/co-74-det-varm-sommerdag_small-295x218.jpg 295w\" sizes=\"(max-width: 400px) 100vw, 400px\" \/><\/a><\/p>\n<p style=\"text-align: center;\"><strong>Det er en varm sommerdag<\/strong><\/p>\n<p style=\"text-align: center;\">Det er en varm sommerdag<br \/>\nman sveder s\u00e5 det ikke er til at holde ud<br \/>\nman m\u00e5 ikke tage til stranden<br \/>\nalene<br \/>\nder er ingen der gider noget som helst<br \/>\ns\u00e5 f\u00e5r man en is<br \/>\ndet er dejligt<br \/>\nman bliver k\u00f8let af<br \/>\nis<br \/>\nis<br \/>\nis.<\/p>\n<p>\u201cCosta Karlslunde Digte 1981\u201d var en del af et undervisningsprojekt i 1981 p\u00e5\u00a0Karlslunde Skole\u00a0om\u00a0lokalmilj\u00f8er i bl.a. Aved\u00f8re, Lyngby\u00a0og Karlslunde. De her gengivne digte m.m. er fra Karlslunde og omegn\u00a0og udf\u00f8rt af eleverne fra 5, 6 og 7. klasse.<\/p>\n<p style=\"text-align: center;\"><a href=\"http:\/\/photostory.dk\/?page_id=835\">Oversigt Costa Karlslunde Digte 1981. Skoledigte<\/a><\/p>\n","protected":false},"excerpt":{"rendered":"<p>Det er en varm sommerdag Det er en varm sommerdag man sveder s\u00e5 det ikke er til at holde ud man m\u00e5 ikke tage til stranden alene der er ingen der gider noget som helst s\u00e5 f\u00e5r man en is det er dejligt man bliver k\u00f8let af is is is. \u201cCosta Karlslunde Digte 1981\u201d var &hellip; <a href=\"https:\/\/www.photostory.dk\/?page_id=3254\" class=\"more-link\">L\u00e6s mere <span class=\"screen-reader-text\">Det er en varm sommerdag<\/span><\/a><\/p>\n","protected":false},"author":1,"featured_media":0,"parent":0,"menu_order":0,"comment_status":"closed","ping_status":"closed","template":"","meta":[],"_links":{"self":[{"href":"https:\/\/www.photostory.dk\/index.php?rest_route=\/wp\/v2\/pages\/3254"}],"collection":[{"href":"https:\/\/www.photostory.dk\/index.php?rest_route=\/wp\/v2\/pages"}],"about":[{"href":"https:\/\/www.photostory.dk\/index.php?rest_route=\/wp\/v2\/types\/page"}],"author":[{"embeddable":true,"href":"https:\/\/www.photostory.dk\/index.php?rest_route=\/wp\/v2\/users\/1"}],"replies":[{"embeddable":true,"href":"https:\/\/www.photostory.dk\/index.php?rest_route=%2Fwp%2Fv2%2Fcomments&post=3254"}],"version-history":[{"count":2,"href":"https:\/\/www.photostory.dk\/index.php?rest_route=\/wp\/v2\/pages\/3254\/revisions"}],"predecessor-version":[{"id":3258,"href":"https:\/\/www.photostory.dk\/index.php?rest_route=\/wp\/v2\/pages\/3254\/revisions\/3258"}],"wp:attachment":[{"href":"https:\/\/www.photostory.dk\/index.php?rest_route=%2Fwp%2Fv2%2Fmedia&parent=3254"}],"curies":[{"name":"wp","href":"https:\/\/api.w.org\/{rel}","templated":true}]}}