{"id":3234,"date":"2017-02-17T07:43:16","date_gmt":"2017-02-17T07:43:16","guid":{"rendered":"http:\/\/photostory.dk\/?page_id=3234"},"modified":"2017-02-17T07:43:48","modified_gmt":"2017-02-17T07:43:48","slug":"den-foerste-gang-jeg-skulle-i-skole","status":"publish","type":"page","link":"https:\/\/www.photostory.dk\/?page_id=3234","title":{"rendered":"Den f\u00f8rste gang jeg skulle i skole"},"content":{"rendered":"<p style=\"text-align: center;\"><a href=\"http:\/\/photostory.dk\/wp-content\/uploads\/2017\/02\/co-70-den-foerste-gang_small-1.jpg\"><img decoding=\"async\" loading=\"lazy\" class=\"size-full wp-image-3235 aligncenter\" src=\"http:\/\/photostory.dk\/wp-content\/uploads\/2017\/02\/co-70-den-foerste-gang_small-1.jpg\" alt=\"\" width=\"400\" height=\"186\" srcset=\"https:\/\/www.photostory.dk\/wp-content\/uploads\/2017\/02\/co-70-den-foerste-gang_small-1.jpg 400w, https:\/\/www.photostory.dk\/wp-content\/uploads\/2017\/02\/co-70-den-foerste-gang_small-1-295x137.jpg 295w\" sizes=\"(max-width: 400px) 100vw, 400px\" \/><\/a><\/p>\n<p style=\"text-align: center;\"><strong>Den f\u00f8rste gang<\/strong><\/p>\n<p style=\"text-align: center;\">Den f\u00f8rste gang<br \/>\njeg skulle i skole<br \/>\nhusker jeg s\u00e5 tydeligt<br \/>\njeg gl\u00e6ede mig s\u00e5 forf\u00e6rligt meget,<br \/>\nmen da jeg kom til skolen<br \/>\nvar jeg s\u00e5 bange.<\/p>\n<p>\u201cCosta Karlslunde Digte 1981\u201d var en del af et undervisningsprojekt i 1981 p\u00e5\u00a0Karlslunde Skole\u00a0om\u00a0lokalmilj\u00f8er i bl.a. Aved\u00f8re, Lyngby\u00a0og Karlslunde. De her gengivne digte m.m. er fra Karlslunde og omegn\u00a0og udf\u00f8rt af eleverne fra 5, 6 og 7. klasse.<\/p>\n<p style=\"text-align: center;\"><a href=\"http:\/\/photostory.dk\/?page_id=835\">Oversigt Costa Karlslunde Digte 1981. Skoledigte<\/a><\/p>\n","protected":false},"excerpt":{"rendered":"<p>Den f\u00f8rste gang Den f\u00f8rste gang jeg skulle i skole husker jeg s\u00e5 tydeligt jeg gl\u00e6ede mig s\u00e5 forf\u00e6rligt meget, men da jeg kom til skolen var jeg s\u00e5 bange. \u201cCosta Karlslunde Digte 1981\u201d var en del af et undervisningsprojekt i 1981 p\u00e5\u00a0Karlslunde Skole\u00a0om\u00a0lokalmilj\u00f8er i bl.a. Aved\u00f8re, Lyngby\u00a0og Karlslunde. De her gengivne digte m.m. er &hellip; <a href=\"https:\/\/www.photostory.dk\/?page_id=3234\" class=\"more-link\">L\u00e6s mere <span class=\"screen-reader-text\">Den f\u00f8rste gang jeg skulle i skole<\/span><\/a><\/p>\n","protected":false},"author":1,"featured_media":0,"parent":0,"menu_order":0,"comment_status":"closed","ping_status":"closed","template":"","meta":[],"_links":{"self":[{"href":"https:\/\/www.photostory.dk\/index.php?rest_route=\/wp\/v2\/pages\/3234"}],"collection":[{"href":"https:\/\/www.photostory.dk\/index.php?rest_route=\/wp\/v2\/pages"}],"about":[{"href":"https:\/\/www.photostory.dk\/index.php?rest_route=\/wp\/v2\/types\/page"}],"author":[{"embeddable":true,"href":"https:\/\/www.photostory.dk\/index.php?rest_route=\/wp\/v2\/users\/1"}],"replies":[{"embeddable":true,"href":"https:\/\/www.photostory.dk\/index.php?rest_route=%2Fwp%2Fv2%2Fcomments&post=3234"}],"version-history":[{"count":3,"href":"https:\/\/www.photostory.dk\/index.php?rest_route=\/wp\/v2\/pages\/3234\/revisions"}],"predecessor-version":[{"id":3239,"href":"https:\/\/www.photostory.dk\/index.php?rest_route=\/wp\/v2\/pages\/3234\/revisions\/3239"}],"wp:attachment":[{"href":"https:\/\/www.photostory.dk\/index.php?rest_route=%2Fwp%2Fv2%2Fmedia&parent=3234"}],"curies":[{"name":"wp","href":"https:\/\/api.w.org\/{rel}","templated":true}]}}