{"id":3197,"date":"2017-02-16T16:33:57","date_gmt":"2017-02-16T16:33:57","guid":{"rendered":"http:\/\/photostory.dk\/?page_id=3197"},"modified":"2017-02-16T16:33:57","modified_gmt":"2017-02-16T16:33:57","slug":"en-nat-jeg-var-alene","status":"publish","type":"page","link":"https:\/\/www.photostory.dk\/?page_id=3197","title":{"rendered":"&#8220;En nat jeg var alene&#8221;"},"content":{"rendered":"<p><a href=\"http:\/\/photostory.dk\/wp-content\/uploads\/2017\/02\/co-70-en-nat-jeg-var-alene_small.jpg\"><img decoding=\"async\" loading=\"lazy\" class=\"size-full wp-image-3198 aligncenter\" src=\"http:\/\/photostory.dk\/wp-content\/uploads\/2017\/02\/co-70-en-nat-jeg-var-alene_small.jpg\" alt=\"\" width=\"400\" height=\"685\" srcset=\"https:\/\/www.photostory.dk\/wp-content\/uploads\/2017\/02\/co-70-en-nat-jeg-var-alene_small.jpg 400w, https:\/\/www.photostory.dk\/wp-content\/uploads\/2017\/02\/co-70-en-nat-jeg-var-alene_small-128x220.jpg 128w\" sizes=\"(max-width: 400px) 100vw, 400px\" \/><\/a><\/p>\n<p style=\"text-align: center;\"><strong>&#8220;En nat jeg var alene&#8221;<\/strong><\/p>\n<p style=\"text-align: center;\">En nat jeg var alene,<br \/>\nhvor telefonen ringede,<br \/>\njeg tog den ikke<br \/>\nf\u00f8rste gang<br \/>\nfor jeg var bange.<br \/>\nMen til sidst tog jeg den.<br \/>\nDet var en mandestemme,<br \/>\nog den mand sagde,<br \/>\nm\u00e5 jeg godt tale med mor<br \/>\neller far.<br \/>\nNej, for de er ikke hjemme,<br \/>\nsagde jeg.<br \/>\nS\u00e5 spurgte jeg.<br \/>\nHvem taler jeg med,<br \/>\nog s\u00e5 lagde han r\u00f8ret p\u00e5.<br \/>\nS\u00e5 var der g\u00e5et et stykke tid,<br \/>\nog s\u00e5 ringede det p\u00e5 d\u00f8ren &#8211;<br \/>\n&#8211; &#8211; &#8211; &#8211; &#8211; &#8211; &#8211; &#8211; &#8211; &#8211; &#8211; &#8211; &#8211; &#8211; &#8211; &#8211; &#8211; &#8211; &#8211; &#8211; &#8211; &#8211; &#8211; &#8211;<br \/>\nog der kom mor og far hjem.<br \/>\nJeg fortalte alt det, der var sket.<\/p>\n<p>\u201cCosta Karlslunde Digte 1981\u201d var en del af et undervisningsprojekt i 1981 p\u00e5\u00a0Karlslunde Skole\u00a0om\u00a0lokalmilj\u00f8er i bl.a. Aved\u00f8re, Lyngby\u00a0og Karlslunde. De her gengivne digte m.m. er fra Karlslunde og omegn\u00a0og udf\u00f8rt af eleverne fra 5, 6 og 7. klasse.<\/p>\n<p style=\"text-align: center;\"><a href=\"http:\/\/photostory.dk\/?page_id=835\">Oversigt Costa Karlslunde Digte 1981. Skoledigte<\/a><\/p>\n","protected":false},"excerpt":{"rendered":"<p>&#8220;En nat jeg var alene&#8221; En nat jeg var alene, hvor telefonen ringede, jeg tog den ikke f\u00f8rste gang for jeg var bange. Men til sidst tog jeg den. Det var en mandestemme, og den mand sagde, m\u00e5 jeg godt tale med mor eller far. Nej, for de er ikke hjemme, sagde jeg. S\u00e5 spurgte &hellip; <a href=\"https:\/\/www.photostory.dk\/?page_id=3197\" class=\"more-link\">L\u00e6s mere <span class=\"screen-reader-text\">&#8220;En nat jeg var alene&#8221;<\/span><\/a><\/p>\n","protected":false},"author":1,"featured_media":0,"parent":0,"menu_order":0,"comment_status":"closed","ping_status":"closed","template":"","meta":[],"_links":{"self":[{"href":"https:\/\/www.photostory.dk\/index.php?rest_route=\/wp\/v2\/pages\/3197"}],"collection":[{"href":"https:\/\/www.photostory.dk\/index.php?rest_route=\/wp\/v2\/pages"}],"about":[{"href":"https:\/\/www.photostory.dk\/index.php?rest_route=\/wp\/v2\/types\/page"}],"author":[{"embeddable":true,"href":"https:\/\/www.photostory.dk\/index.php?rest_route=\/wp\/v2\/users\/1"}],"replies":[{"embeddable":true,"href":"https:\/\/www.photostory.dk\/index.php?rest_route=%2Fwp%2Fv2%2Fcomments&post=3197"}],"version-history":[{"count":1,"href":"https:\/\/www.photostory.dk\/index.php?rest_route=\/wp\/v2\/pages\/3197\/revisions"}],"predecessor-version":[{"id":3200,"href":"https:\/\/www.photostory.dk\/index.php?rest_route=\/wp\/v2\/pages\/3197\/revisions\/3200"}],"wp:attachment":[{"href":"https:\/\/www.photostory.dk\/index.php?rest_route=%2Fwp%2Fv2%2Fmedia&parent=3197"}],"curies":[{"name":"wp","href":"https:\/\/api.w.org\/{rel}","templated":true}]}}