{"id":3192,"date":"2017-02-16T13:12:55","date_gmt":"2017-02-16T13:12:55","guid":{"rendered":"http:\/\/photostory.dk\/?page_id=3192"},"modified":"2017-02-16T13:13:19","modified_gmt":"2017-02-16T13:13:19","slug":"loerdag-det-er-loerdag","status":"publish","type":"page","link":"https:\/\/www.photostory.dk\/?page_id=3192","title":{"rendered":"&#8220;L\u00f8rdag &#8230;.. Det er l\u00f8rdag&#8221;"},"content":{"rendered":"<p><a href=\"http:\/\/photostory.dk\/wp-content\/uploads\/2017\/02\/co-69-loerdag_small.jpg\"><img decoding=\"async\" loading=\"lazy\" class=\"size-full wp-image-3193 aligncenter\" src=\"http:\/\/photostory.dk\/wp-content\/uploads\/2017\/02\/co-69-loerdag_small.jpg\" alt=\"\" width=\"400\" height=\"348\" srcset=\"https:\/\/www.photostory.dk\/wp-content\/uploads\/2017\/02\/co-69-loerdag_small.jpg 400w, https:\/\/www.photostory.dk\/wp-content\/uploads\/2017\/02\/co-69-loerdag_small-253x220.jpg 253w\" sizes=\"(max-width: 400px) 100vw, 400px\" \/><\/a><\/p>\n<p style=\"text-align: center;\">Costa Karlslunde Digte 1981.\u00a0&#8220;L\u00f8rdag&#8230;..Det er l\u00f8rdag&#8221;<\/p>\n<p style=\"text-align: center;\"><strong>L\u00f8rdag<\/strong><\/p>\n<p style=\"text-align: center;\">Det er l\u00f8rdag.<br \/>\nSkal ud p\u00e5 v\u00e6rkstedet for at rydde op<br \/>\nMen n\u00e5r man g\u00e5r derude,<br \/>\ntaber man lysten.<br \/>\nFor der er s\u00e5 rodet.<\/p>\n<p style=\"text-align: center;\">Man t\u00e6nder for radioen,<br \/>\nog g\u00e5r igang.<br \/>\nMen kan ikke rigtig f\u00e5 lavet noget.<br \/>\nMan g\u00e5r ind igen.<\/p>\n<p>\u201cCosta Karlslunde Digte 1981\u201d var en del af et undervisningsprojekt i 1981 p\u00e5\u00a0Karlslunde Skole\u00a0om\u00a0lokalmilj\u00f8er i bl.a. Aved\u00f8re, Lyngby\u00a0og Karlslunde. De her gengivne digte m.m. er fra Karlslunde og omegn\u00a0og udf\u00f8rt af eleverne fra 5, 6 og 7. klasse.<\/p>\n<p style=\"text-align: center;\"><a href=\"http:\/\/photostory.dk\/?page_id=835\">Oversigt Costa Karlslunde Digte 1981. Skoledigte<\/a><\/p>\n","protected":false},"excerpt":{"rendered":"<p>Costa Karlslunde Digte 1981.\u00a0&#8220;L\u00f8rdag&#8230;..Det er l\u00f8rdag&#8221; L\u00f8rdag Det er l\u00f8rdag. Skal ud p\u00e5 v\u00e6rkstedet for at rydde op Men n\u00e5r man g\u00e5r derude, taber man lysten. For der er s\u00e5 rodet. Man t\u00e6nder for radioen, og g\u00e5r igang. Men kan ikke rigtig f\u00e5 lavet noget. Man g\u00e5r ind igen. \u201cCosta Karlslunde Digte 1981\u201d var en &hellip; <a href=\"https:\/\/www.photostory.dk\/?page_id=3192\" class=\"more-link\">L\u00e6s mere <span class=\"screen-reader-text\">&#8220;L\u00f8rdag &#8230;.. Det er l\u00f8rdag&#8221;<\/span><\/a><\/p>\n","protected":false},"author":1,"featured_media":0,"parent":0,"menu_order":0,"comment_status":"closed","ping_status":"closed","template":"","meta":[],"_links":{"self":[{"href":"https:\/\/www.photostory.dk\/index.php?rest_route=\/wp\/v2\/pages\/3192"}],"collection":[{"href":"https:\/\/www.photostory.dk\/index.php?rest_route=\/wp\/v2\/pages"}],"about":[{"href":"https:\/\/www.photostory.dk\/index.php?rest_route=\/wp\/v2\/types\/page"}],"author":[{"embeddable":true,"href":"https:\/\/www.photostory.dk\/index.php?rest_route=\/wp\/v2\/users\/1"}],"replies":[{"embeddable":true,"href":"https:\/\/www.photostory.dk\/index.php?rest_route=%2Fwp%2Fv2%2Fcomments&post=3192"}],"version-history":[{"count":2,"href":"https:\/\/www.photostory.dk\/index.php?rest_route=\/wp\/v2\/pages\/3192\/revisions"}],"predecessor-version":[{"id":3196,"href":"https:\/\/www.photostory.dk\/index.php?rest_route=\/wp\/v2\/pages\/3192\/revisions\/3196"}],"wp:attachment":[{"href":"https:\/\/www.photostory.dk\/index.php?rest_route=%2Fwp%2Fv2%2Fmedia&parent=3192"}],"curies":[{"name":"wp","href":"https:\/\/api.w.org\/{rel}","templated":true}]}}