{"id":3182,"date":"2017-02-16T13:04:03","date_gmt":"2017-02-16T13:04:03","guid":{"rendered":"http:\/\/photostory.dk\/?page_id=3182"},"modified":"2017-02-16T13:04:03","modified_gmt":"2017-02-16T13:04:03","slug":"stroeget-i-koebenhavn","status":"publish","type":"page","link":"https:\/\/www.photostory.dk\/?page_id=3182","title":{"rendered":"&#8220;Str\u00f8get &#8230;. i K\u00f8benhavn&#8221;"},"content":{"rendered":"<p style=\"text-align: center;\"><a href=\"http:\/\/photostory.dk\/wp-content\/uploads\/2017\/02\/co-68-stroeget_small.jpg\"><img decoding=\"async\" loading=\"lazy\" class=\"size-full wp-image-3183 aligncenter\" src=\"http:\/\/photostory.dk\/wp-content\/uploads\/2017\/02\/co-68-stroeget_small.jpg\" alt=\"\" width=\"400\" height=\"237\" srcset=\"https:\/\/www.photostory.dk\/wp-content\/uploads\/2017\/02\/co-68-stroeget_small.jpg 400w, https:\/\/www.photostory.dk\/wp-content\/uploads\/2017\/02\/co-68-stroeget_small-295x175.jpg 295w\" sizes=\"(max-width: 400px) 100vw, 400px\" \/><\/a><\/p>\n<p style=\"text-align: center;\">&#8220;Str\u00f8get &#8230;. i K\u00f8benhavn&#8221;<\/p>\n<p style=\"text-align: center;\"><strong>Str\u00f8get<\/strong><br \/>\nP\u00e5 Str\u00f8get er der mange butikker<br \/>\nog man kan k\u00f8be t\u00f8j.<br \/>\nDet er dyrt men meget smart.<br \/>\nP\u00e5 Str\u00f8get g\u00e5r der mange m\u00e6rkelige mennesker<br \/>\nEn dag s\u00e5 jeg en med stribede bukser<br \/>\nstriberne gik lodret<br \/>\nStriberne var bl\u00e5, r\u00f8de, gule, hvide og gr\u00f8nne.<br \/>\nMen man kan f\u00e5 en hel dag til at g\u00e5.<\/p>\n<p>\u201cCosta Karlslunde Digte 1981\u201d var en del af et undervisningsprojekt i 1981 p\u00e5\u00a0Karlslunde Skole\u00a0om\u00a0lokalmilj\u00f8er i bl.a. Aved\u00f8re, Lyngby\u00a0og Karlslunde. De her gengivne digte m.m. er fra Karlslunde og omegn\u00a0og udf\u00f8rt af eleverne fra 5, 6 og 7. klasse.<\/p>\n<p style=\"text-align: center;\"><a href=\"http:\/\/photostory.dk\/?page_id=835\">Oversigt Costa Karlslunde Digte 1981. Skoledigte<\/a><\/p>\n","protected":false},"excerpt":{"rendered":"<p>&#8220;Str\u00f8get &#8230;. i K\u00f8benhavn&#8221; Str\u00f8get P\u00e5 Str\u00f8get er der mange butikker og man kan k\u00f8be t\u00f8j. Det er dyrt men meget smart. P\u00e5 Str\u00f8get g\u00e5r der mange m\u00e6rkelige mennesker En dag s\u00e5 jeg en med stribede bukser striberne gik lodret Striberne var bl\u00e5, r\u00f8de, gule, hvide og gr\u00f8nne. Men man kan f\u00e5 en hel dag &hellip; <a href=\"https:\/\/www.photostory.dk\/?page_id=3182\" class=\"more-link\">L\u00e6s mere <span class=\"screen-reader-text\">&#8220;Str\u00f8get &#8230;. i K\u00f8benhavn&#8221;<\/span><\/a><\/p>\n","protected":false},"author":1,"featured_media":0,"parent":0,"menu_order":0,"comment_status":"closed","ping_status":"closed","template":"","meta":[],"_links":{"self":[{"href":"https:\/\/www.photostory.dk\/index.php?rest_route=\/wp\/v2\/pages\/3182"}],"collection":[{"href":"https:\/\/www.photostory.dk\/index.php?rest_route=\/wp\/v2\/pages"}],"about":[{"href":"https:\/\/www.photostory.dk\/index.php?rest_route=\/wp\/v2\/types\/page"}],"author":[{"embeddable":true,"href":"https:\/\/www.photostory.dk\/index.php?rest_route=\/wp\/v2\/users\/1"}],"replies":[{"embeddable":true,"href":"https:\/\/www.photostory.dk\/index.php?rest_route=%2Fwp%2Fv2%2Fcomments&post=3182"}],"version-history":[{"count":1,"href":"https:\/\/www.photostory.dk\/index.php?rest_route=\/wp\/v2\/pages\/3182\/revisions"}],"predecessor-version":[{"id":3185,"href":"https:\/\/www.photostory.dk\/index.php?rest_route=\/wp\/v2\/pages\/3182\/revisions\/3185"}],"wp:attachment":[{"href":"https:\/\/www.photostory.dk\/index.php?rest_route=%2Fwp%2Fv2%2Fmedia&parent=3182"}],"curies":[{"name":"wp","href":"https:\/\/api.w.org\/{rel}","templated":true}]}}