{"id":3176,"date":"2017-02-16T12:57:27","date_gmt":"2017-02-16T12:57:27","guid":{"rendered":"http:\/\/photostory.dk\/?page_id=3176"},"modified":"2017-02-16T12:59:32","modified_gmt":"2017-02-16T12:59:32","slug":"foerste-gang-jeg-fik-et-dyr","status":"publish","type":"page","link":"https:\/\/www.photostory.dk\/?page_id=3176","title":{"rendered":"F\u00f8rste gang jeg fik et dyr"},"content":{"rendered":"<p><a href=\"http:\/\/photostory.dk\/wp-content\/uploads\/2017\/02\/co-67-foerste-gang-dyr_small.jpg\"><img decoding=\"async\" loading=\"lazy\" class=\"size-full wp-image-3177 aligncenter\" src=\"http:\/\/photostory.dk\/wp-content\/uploads\/2017\/02\/co-67-foerste-gang-dyr_small.jpg\" alt=\"\" width=\"400\" height=\"416\" srcset=\"https:\/\/www.photostory.dk\/wp-content\/uploads\/2017\/02\/co-67-foerste-gang-dyr_small.jpg 400w, https:\/\/www.photostory.dk\/wp-content\/uploads\/2017\/02\/co-67-foerste-gang-dyr_small-212x220.jpg 212w\" sizes=\"(max-width: 400px) 100vw, 400px\" \/><\/a><\/p>\n<p style=\"text-align: center;\"><strong>F\u00f8rste gang jeg fik et dyr.<\/strong><\/p>\n<p style=\"text-align: center;\">F\u00f8rste gang jeg fik et dyr<br \/>\ndet var en fugl.<br \/>\nDen fl\u00f8jtede s\u00e5 yndigt,<br \/>\nat man faldt i s\u00f8vn<br \/>\naf det yndige fl\u00f8jt.<br \/>\nDen yndige fugl<br \/>\nvar gr\u00f8n og gul.<\/p>\n<p>\u201cCosta Karlslunde Digte 1981\u201d var en del af et undervisningsprojekt i 1981 p\u00e5\u00a0Karlslunde Skole\u00a0om\u00a0lokalmilj\u00f8er i bl.a. Aved\u00f8re, Lyngby\u00a0og Karlslunde. De her gengivne digte m.m. er fra Karlslunde og omegn\u00a0og udf\u00f8rt af eleverne fra 5, 6 og 7. klasse.<\/p>\n<p style=\"text-align: center;\"><a href=\"http:\/\/photostory.dk\/?page_id=835\">Oversigt Costa Karlslunde Digte 1981. Skoledigte<\/a><\/p>\n","protected":false},"excerpt":{"rendered":"<p>F\u00f8rste gang jeg fik et dyr. F\u00f8rste gang jeg fik et dyr det var en fugl. Den fl\u00f8jtede s\u00e5 yndigt, at man faldt i s\u00f8vn af det yndige fl\u00f8jt. Den yndige fugl var gr\u00f8n og gul. \u201cCosta Karlslunde Digte 1981\u201d var en del af et undervisningsprojekt i 1981 p\u00e5\u00a0Karlslunde Skole\u00a0om\u00a0lokalmilj\u00f8er i bl.a. Aved\u00f8re, Lyngby\u00a0og Karlslunde. &hellip; <a href=\"https:\/\/www.photostory.dk\/?page_id=3176\" class=\"more-link\">L\u00e6s mere <span class=\"screen-reader-text\">F\u00f8rste gang jeg fik et dyr<\/span><\/a><\/p>\n","protected":false},"author":1,"featured_media":0,"parent":0,"menu_order":0,"comment_status":"closed","ping_status":"closed","template":"","meta":[],"_links":{"self":[{"href":"https:\/\/www.photostory.dk\/index.php?rest_route=\/wp\/v2\/pages\/3176"}],"collection":[{"href":"https:\/\/www.photostory.dk\/index.php?rest_route=\/wp\/v2\/pages"}],"about":[{"href":"https:\/\/www.photostory.dk\/index.php?rest_route=\/wp\/v2\/types\/page"}],"author":[{"embeddable":true,"href":"https:\/\/www.photostory.dk\/index.php?rest_route=\/wp\/v2\/users\/1"}],"replies":[{"embeddable":true,"href":"https:\/\/www.photostory.dk\/index.php?rest_route=%2Fwp%2Fv2%2Fcomments&post=3176"}],"version-history":[{"count":3,"href":"https:\/\/www.photostory.dk\/index.php?rest_route=\/wp\/v2\/pages\/3176\/revisions"}],"predecessor-version":[{"id":3181,"href":"https:\/\/www.photostory.dk\/index.php?rest_route=\/wp\/v2\/pages\/3176\/revisions\/3181"}],"wp:attachment":[{"href":"https:\/\/www.photostory.dk\/index.php?rest_route=%2Fwp%2Fv2%2Fmedia&parent=3176"}],"curies":[{"name":"wp","href":"https:\/\/api.w.org\/{rel}","templated":true}]}}