{"id":3166,"date":"2017-02-16T12:48:38","date_gmt":"2017-02-16T12:48:38","guid":{"rendered":"http:\/\/photostory.dk\/?page_id=3166"},"modified":"2017-02-16T12:49:26","modified_gmt":"2017-02-16T12:49:26","slug":"foerste-gang-jeg-kyssede-en-dreng-var-jeg-otte-aar","status":"publish","type":"page","link":"https:\/\/www.photostory.dk\/?page_id=3166","title":{"rendered":"&#8220;F\u00f8rste gang jeg kyssede, en dreng var jeg otte \u00e5r.&#8221;"},"content":{"rendered":"<p style=\"text-align: center;\"><a href=\"http:\/\/photostory.dk\/wp-content\/uploads\/2017\/02\/co-65-foerste-gang_small.jpg\"><img decoding=\"async\" loading=\"lazy\" class=\"size-full wp-image-3167 aligncenter\" src=\"http:\/\/photostory.dk\/wp-content\/uploads\/2017\/02\/co-65-foerste-gang_small.jpg\" alt=\"\" width=\"400\" height=\"269\" srcset=\"https:\/\/www.photostory.dk\/wp-content\/uploads\/2017\/02\/co-65-foerste-gang_small.jpg 400w, https:\/\/www.photostory.dk\/wp-content\/uploads\/2017\/02\/co-65-foerste-gang_small-295x198.jpg 295w\" sizes=\"(max-width: 400px) 100vw, 400px\" \/><\/a>&#8220;F\u00f8rste gang jeg kyssede, en dreng var jeg otte \u00e5r.&#8221;<\/p>\n<p style=\"text-align: center;\"><strong>F\u00f8rste gang<\/strong><\/p>\n<p style=\"text-align: center;\">F\u00f8rste gang jeg kyssede, en dreng var jeg otte \u00e5r.<br \/>\nF\u00f8rste gang jeg holdte en dreng<br \/>\ni h\u00e5nden var jeg tolv.<br \/>\nF\u00f8rste gang jeg fik min cykel<br \/>\nvar jeg fire \u00e5r.<br \/>\nF\u00f8rste gang jeg skrev dette digt var d. 21-5\u201381 p\u00e5 Karlslunde Skole.<\/p>\n<p>\u201cCosta Karlslunde Digte 1981\u201d var en del af et undervisningsprojekt i 1981 p\u00e5\u00a0Karlslunde Skole\u00a0om\u00a0lokalmilj\u00f8er i bl.a. Aved\u00f8re, Lyngby\u00a0og Karlslunde. De her gengivne digte m.m. er fra Karlslunde og omegn\u00a0og udf\u00f8rt af eleverne fra 5, 6 og 7. klasse.<\/p>\n<p style=\"text-align: center;\"><a href=\"http:\/\/photostory.dk\/?page_id=835\">Oversigt Costa Karlslunde Digte 1981. Skoledigte<\/a><\/p>\n","protected":false},"excerpt":{"rendered":"<p>&#8220;F\u00f8rste gang jeg kyssede, en dreng var jeg otte \u00e5r.&#8221; F\u00f8rste gang F\u00f8rste gang jeg kyssede, en dreng var jeg otte \u00e5r. F\u00f8rste gang jeg holdte en dreng i h\u00e5nden var jeg tolv. F\u00f8rste gang jeg fik min cykel var jeg fire \u00e5r. F\u00f8rste gang jeg skrev dette digt var d. 21-5\u201381 p\u00e5 Karlslunde Skole. &hellip; <a href=\"https:\/\/www.photostory.dk\/?page_id=3166\" class=\"more-link\">L\u00e6s mere <span class=\"screen-reader-text\">&#8220;F\u00f8rste gang jeg kyssede, en dreng var jeg otte \u00e5r.&#8221;<\/span><\/a><\/p>\n","protected":false},"author":1,"featured_media":0,"parent":0,"menu_order":0,"comment_status":"closed","ping_status":"closed","template":"","meta":[],"_links":{"self":[{"href":"https:\/\/www.photostory.dk\/index.php?rest_route=\/wp\/v2\/pages\/3166"}],"collection":[{"href":"https:\/\/www.photostory.dk\/index.php?rest_route=\/wp\/v2\/pages"}],"about":[{"href":"https:\/\/www.photostory.dk\/index.php?rest_route=\/wp\/v2\/types\/page"}],"author":[{"embeddable":true,"href":"https:\/\/www.photostory.dk\/index.php?rest_route=\/wp\/v2\/users\/1"}],"replies":[{"embeddable":true,"href":"https:\/\/www.photostory.dk\/index.php?rest_route=%2Fwp%2Fv2%2Fcomments&post=3166"}],"version-history":[{"count":3,"href":"https:\/\/www.photostory.dk\/index.php?rest_route=\/wp\/v2\/pages\/3166\/revisions"}],"predecessor-version":[{"id":3171,"href":"https:\/\/www.photostory.dk\/index.php?rest_route=\/wp\/v2\/pages\/3166\/revisions\/3171"}],"wp:attachment":[{"href":"https:\/\/www.photostory.dk\/index.php?rest_route=%2Fwp%2Fv2%2Fmedia&parent=3166"}],"curies":[{"name":"wp","href":"https:\/\/api.w.org\/{rel}","templated":true}]}}