{"id":3154,"date":"2017-02-16T06:49:37","date_gmt":"2017-02-16T06:49:37","guid":{"rendered":"http:\/\/photostory.dk\/?page_id=3154"},"modified":"2017-02-16T06:49:37","modified_gmt":"2017-02-16T06:49:37","slug":"digtet-om-tvillinger-foedt-3-10-1976","status":"publish","type":"page","link":"https:\/\/www.photostory.dk\/?page_id=3154","title":{"rendered":"Digtet om tvillinger f\u00f8dt 3-10-1976"},"content":{"rendered":"<p><a href=\"http:\/\/photostory.dk\/wp-content\/uploads\/2017\/02\/co-64-tvillinger_small.jpg\"><img decoding=\"async\" loading=\"lazy\" class=\"size-full wp-image-3155 aligncenter\" src=\"http:\/\/photostory.dk\/wp-content\/uploads\/2017\/02\/co-64-tvillinger_small.jpg\" alt=\"\" width=\"400\" height=\"572\" srcset=\"https:\/\/www.photostory.dk\/wp-content\/uploads\/2017\/02\/co-64-tvillinger_small.jpg 400w, https:\/\/www.photostory.dk\/wp-content\/uploads\/2017\/02\/co-64-tvillinger_small-154x220.jpg 154w\" sizes=\"(max-width: 400px) 100vw, 400px\" \/><\/a><\/p>\n<p style=\"text-align: center;\"><strong>Tvillinger<\/strong><\/p>\n<p style=\"text-align: center;\">Jeg var 8 \u00e5r da min mor fik tvillinger<br \/>\ni de sidste 2 m\u00e5neder var hun meget tr\u00e6t<br \/>\nderfor m\u00e5tte jeg lave lidt.<br \/>\nMin mormor og farmor<br \/>\nskiftedes til at komme p\u00e5 bes\u00f8g<br \/>\ns\u00e5 min mor kunne hvile ud.<\/p>\n<p style=\"text-align: center;\">Ugerne gik og min mor skulle til unders\u00f8gelse<br \/>\nhun fik at vide at hun skulle indl\u00e6gges<br \/>\n9 dage havde hun v\u00e6ret indlagt<br \/>\ns\u00e5 hun kom hjem p\u00e5 weekend<br \/>\ndagen efter 3-10-1976 f\u00f8dte min mor 2 piger.<\/p>\n<p style=\"text-align: center;\">Efter en uge kom de hjem<br \/>\nder var en stor velkomstkomite<br \/>\nDet f\u00f8rste \u00e5r var der et stort postyr<br \/>\njeg m\u00e5tte hj\u00e6lpe med sutteflaskerne<br \/>\neller ogs\u00e5 skulle jeg pusle dem.<\/p>\n<p style=\"text-align: center;\">Nu er de 4\u00bd<br \/>\nog er meget fr\u00e6kke<br \/>\nman kan ikke have sine skoleb\u00f8ger i fred<br \/>\nog det udvikler sig ofte til problemer<br \/>\nmen de er alligevel meget s\u00f8de.<\/p>\n<p>\u201cCosta Karlslunde Digte 1981\u201d var en del af et undervisningsprojekt i 1981 p\u00e5\u00a0Karlslunde Skole\u00a0om\u00a0lokalmilj\u00f8er i bl.a. Aved\u00f8re, Lyngby\u00a0og Karlslunde. De her gengivne digte m.m. er fra Karlslunde og omegn\u00a0og udf\u00f8rt af eleverne fra 5, 6 og 7. klasse.<\/p>\n<p style=\"text-align: center;\"><a href=\"http:\/\/photostory.dk\/?page_id=835\">Oversigt Costa Karlslunde Digte 1981. Skoledigte<\/a><\/p>\n","protected":false},"excerpt":{"rendered":"<p>Tvillinger Jeg var 8 \u00e5r da min mor fik tvillinger i de sidste 2 m\u00e5neder var hun meget tr\u00e6t derfor m\u00e5tte jeg lave lidt. Min mormor og farmor skiftedes til at komme p\u00e5 bes\u00f8g s\u00e5 min mor kunne hvile ud. Ugerne gik og min mor skulle til unders\u00f8gelse hun fik at vide at hun skulle &hellip; <a href=\"https:\/\/www.photostory.dk\/?page_id=3154\" class=\"more-link\">L\u00e6s mere <span class=\"screen-reader-text\">Digtet om tvillinger f\u00f8dt 3-10-1976<\/span><\/a><\/p>\n","protected":false},"author":1,"featured_media":0,"parent":0,"menu_order":0,"comment_status":"closed","ping_status":"closed","template":"","meta":[],"_links":{"self":[{"href":"https:\/\/www.photostory.dk\/index.php?rest_route=\/wp\/v2\/pages\/3154"}],"collection":[{"href":"https:\/\/www.photostory.dk\/index.php?rest_route=\/wp\/v2\/pages"}],"about":[{"href":"https:\/\/www.photostory.dk\/index.php?rest_route=\/wp\/v2\/types\/page"}],"author":[{"embeddable":true,"href":"https:\/\/www.photostory.dk\/index.php?rest_route=\/wp\/v2\/users\/1"}],"replies":[{"embeddable":true,"href":"https:\/\/www.photostory.dk\/index.php?rest_route=%2Fwp%2Fv2%2Fcomments&post=3154"}],"version-history":[{"count":2,"href":"https:\/\/www.photostory.dk\/index.php?rest_route=\/wp\/v2\/pages\/3154\/revisions"}],"predecessor-version":[{"id":3158,"href":"https:\/\/www.photostory.dk\/index.php?rest_route=\/wp\/v2\/pages\/3154\/revisions\/3158"}],"wp:attachment":[{"href":"https:\/\/www.photostory.dk\/index.php?rest_route=%2Fwp%2Fv2%2Fmedia&parent=3154"}],"curies":[{"name":"wp","href":"https:\/\/api.w.org\/{rel}","templated":true}]}}