{"id":3143,"date":"2017-02-16T06:36:09","date_gmt":"2017-02-16T06:36:09","guid":{"rendered":"http:\/\/photostory.dk\/?page_id=3143"},"modified":"2017-02-16T06:36:09","modified_gmt":"2017-02-16T06:36:09","slug":"costa-karlslunde-digt-1981-koere","status":"publish","type":"page","link":"https:\/\/www.photostory.dk\/?page_id=3143","title":{"rendered":"\u201cCosta Karlslunde Digt 1981\u201d K\u00f8re"},"content":{"rendered":"<p style=\"text-align: center;\"><a href=\"http:\/\/photostory.dk\/wp-content\/uploads\/2017\/02\/co-62-koere-hjem_small.jpg\"><img decoding=\"async\" loading=\"lazy\" class=\"size-full wp-image-3144 aligncenter\" src=\"http:\/\/photostory.dk\/wp-content\/uploads\/2017\/02\/co-62-koere-hjem_small.jpg\" alt=\"\" width=\"400\" height=\"320\" srcset=\"https:\/\/www.photostory.dk\/wp-content\/uploads\/2017\/02\/co-62-koere-hjem_small.jpg 400w, https:\/\/www.photostory.dk\/wp-content\/uploads\/2017\/02\/co-62-koere-hjem_small-275x220.jpg 275w\" sizes=\"(max-width: 400px) 100vw, 400px\" \/><\/a><strong>K\u00f8re<\/strong><br \/>\nhjem fra arbejde<br \/>\ng\u00e5 ud i haven<br \/>\nfuld nabo kommer ind<br \/>\nv\u00e6lter flagstangen<br \/>\nHandicappet<\/p>\n<p>\u201cCosta Karlslunde Digte 1981\u201d var en del af et undervisningsprojekt i 1981 p\u00e5\u00a0Karlslunde Skole\u00a0om\u00a0lokalmilj\u00f8er i bl.a. Aved\u00f8re, Lyngby\u00a0og Karlslunde. De her gengivne digte m.m. er fra Karlslunde og omegn\u00a0og udf\u00f8rt af eleverne fra 5, 6 og 7. klasse.<\/p>\n<p style=\"text-align: center;\"><a href=\"http:\/\/photostory.dk\/?page_id=835\">Oversigt Costa Karlslunde Digte 1981. Skoledigte<\/a><\/p>\n","protected":false},"excerpt":{"rendered":"<p>K\u00f8re hjem fra arbejde g\u00e5 ud i haven fuld nabo kommer ind v\u00e6lter flagstangen Handicappet \u201cCosta Karlslunde Digte 1981\u201d var en del af et undervisningsprojekt i 1981 p\u00e5\u00a0Karlslunde Skole\u00a0om\u00a0lokalmilj\u00f8er i bl.a. Aved\u00f8re, Lyngby\u00a0og Karlslunde. De her gengivne digte m.m. er fra Karlslunde og omegn\u00a0og udf\u00f8rt af eleverne fra 5, 6 og 7. klasse. Oversigt Costa &hellip; <a href=\"https:\/\/www.photostory.dk\/?page_id=3143\" class=\"more-link\">L\u00e6s mere <span class=\"screen-reader-text\">\u201cCosta Karlslunde Digt 1981\u201d K\u00f8re<\/span><\/a><\/p>\n","protected":false},"author":1,"featured_media":0,"parent":0,"menu_order":0,"comment_status":"closed","ping_status":"closed","template":"","meta":[],"_links":{"self":[{"href":"https:\/\/www.photostory.dk\/index.php?rest_route=\/wp\/v2\/pages\/3143"}],"collection":[{"href":"https:\/\/www.photostory.dk\/index.php?rest_route=\/wp\/v2\/pages"}],"about":[{"href":"https:\/\/www.photostory.dk\/index.php?rest_route=\/wp\/v2\/types\/page"}],"author":[{"embeddable":true,"href":"https:\/\/www.photostory.dk\/index.php?rest_route=\/wp\/v2\/users\/1"}],"replies":[{"embeddable":true,"href":"https:\/\/www.photostory.dk\/index.php?rest_route=%2Fwp%2Fv2%2Fcomments&post=3143"}],"version-history":[{"count":2,"href":"https:\/\/www.photostory.dk\/index.php?rest_route=\/wp\/v2\/pages\/3143\/revisions"}],"predecessor-version":[{"id":3147,"href":"https:\/\/www.photostory.dk\/index.php?rest_route=\/wp\/v2\/pages\/3143\/revisions\/3147"}],"wp:attachment":[{"href":"https:\/\/www.photostory.dk\/index.php?rest_route=%2Fwp%2Fv2%2Fmedia&parent=3143"}],"curies":[{"name":"wp","href":"https:\/\/api.w.org\/{rel}","templated":true}]}}