{"id":3137,"date":"2017-02-16T06:31:29","date_gmt":"2017-02-16T06:31:29","guid":{"rendered":"http:\/\/photostory.dk\/?page_id=3137"},"modified":"2017-02-16T06:32:27","modified_gmt":"2017-02-16T06:32:27","slug":"alene-hjemme","status":"publish","type":"page","link":"https:\/\/www.photostory.dk\/?page_id=3137","title":{"rendered":"Skoledigt 1981: Alene hjemme"},"content":{"rendered":"<p><a href=\"http:\/\/photostory.dk\/wp-content\/uploads\/2017\/02\/co-62-alene-hjemme_small.jpg\"><img decoding=\"async\" loading=\"lazy\" class=\"size-full wp-image-3138 aligncenter\" src=\"http:\/\/photostory.dk\/wp-content\/uploads\/2017\/02\/co-62-alene-hjemme_small.jpg\" alt=\"\" width=\"400\" height=\"492\" srcset=\"https:\/\/www.photostory.dk\/wp-content\/uploads\/2017\/02\/co-62-alene-hjemme_small.jpg 400w, https:\/\/www.photostory.dk\/wp-content\/uploads\/2017\/02\/co-62-alene-hjemme_small-179x220.jpg 179w\" sizes=\"(max-width: 400px) 100vw, 400px\" \/><\/a><\/p>\n<p style=\"text-align: center;\"><strong>Alene hjemme<\/strong><\/p>\n<p style=\"text-align: center;\">For\u00e6ldrene er g\u00e5et.<br \/>\nEr man s\u00e5 heldt alene?<br \/>\nLydene rundt i huset karl lyde,<br \/>\nsom om man ikke er alene.<br \/>\nVandhanden drypper,<br \/>\ngulvet knirker o.s.v.<br \/>\nFjernsynet k\u00f8rer,<br \/>\ndet er beroligene.<br \/>\nI sofaen er man lysv\u00e5gen,<br \/>\nholder \u00f8je med alt,<br \/>\nser ud ad vinduet,<br \/>\ndet er m\u00f8rkt,<br \/>\nsikke et gys man f\u00e5r.<br \/>\nHvert et sted man g\u00e5r i huset,<br \/>\ner man nerv\u00f8s,<br \/>\nkigger frem og tilbage.<br \/>\nPludselig h\u00f8res en bil ind ad indk\u00f8relsen,<br \/>\nlidt efter en n\u00f8jle i d\u00f8ren.<br \/>\n&#8220;S\u00e5.&#8221;<\/p>\n<p>\u201cCosta Karlslunde Digte 1981\u201d var en del af et undervisningsprojekt i 1981 p\u00e5\u00a0Karlslunde Skole\u00a0om\u00a0lokalmilj\u00f8er i bl.a. Aved\u00f8re, Lyngby\u00a0og Karlslunde. De her gengivne digte m.m. er fra Karlslunde og omegn\u00a0og udf\u00f8rt af eleverne fra 5, 6 og 7. klasse.<\/p>\n<p style=\"text-align: center;\"><a href=\"http:\/\/photostory.dk\/?page_id=835\">Oversigt Costa Karlslunde Digte 1981. Skoledigte<\/a><\/p>\n","protected":false},"excerpt":{"rendered":"<p>Alene hjemme For\u00e6ldrene er g\u00e5et. Er man s\u00e5 heldt alene? Lydene rundt i huset karl lyde, som om man ikke er alene. Vandhanden drypper, gulvet knirker o.s.v. Fjernsynet k\u00f8rer, det er beroligene. I sofaen er man lysv\u00e5gen, holder \u00f8je med alt, ser ud ad vinduet, det er m\u00f8rkt, sikke et gys man f\u00e5r. Hvert et &hellip; <a href=\"https:\/\/www.photostory.dk\/?page_id=3137\" class=\"more-link\">L\u00e6s mere <span class=\"screen-reader-text\">Skoledigt 1981: Alene hjemme<\/span><\/a><\/p>\n","protected":false},"author":1,"featured_media":0,"parent":0,"menu_order":0,"comment_status":"closed","ping_status":"closed","template":"","meta":[],"_links":{"self":[{"href":"https:\/\/www.photostory.dk\/index.php?rest_route=\/wp\/v2\/pages\/3137"}],"collection":[{"href":"https:\/\/www.photostory.dk\/index.php?rest_route=\/wp\/v2\/pages"}],"about":[{"href":"https:\/\/www.photostory.dk\/index.php?rest_route=\/wp\/v2\/types\/page"}],"author":[{"embeddable":true,"href":"https:\/\/www.photostory.dk\/index.php?rest_route=\/wp\/v2\/users\/1"}],"replies":[{"embeddable":true,"href":"https:\/\/www.photostory.dk\/index.php?rest_route=%2Fwp%2Fv2%2Fcomments&post=3137"}],"version-history":[{"count":3,"href":"https:\/\/www.photostory.dk\/index.php?rest_route=\/wp\/v2\/pages\/3137\/revisions"}],"predecessor-version":[{"id":3142,"href":"https:\/\/www.photostory.dk\/index.php?rest_route=\/wp\/v2\/pages\/3137\/revisions\/3142"}],"wp:attachment":[{"href":"https:\/\/www.photostory.dk\/index.php?rest_route=%2Fwp%2Fv2%2Fmedia&parent=3137"}],"curies":[{"name":"wp","href":"https:\/\/api.w.org\/{rel}","templated":true}]}}