{"id":3132,"date":"2017-02-16T06:26:17","date_gmt":"2017-02-16T06:26:17","guid":{"rendered":"http:\/\/photostory.dk\/?page_id=3132"},"modified":"2017-02-16T06:27:09","modified_gmt":"2017-02-16T06:27:09","slug":"skoledigt-1981-jeg-ville-kysse-dig","status":"publish","type":"page","link":"https:\/\/www.photostory.dk\/?page_id=3132","title":{"rendered":"Skoledigt 1981: Jeg ville kysse dig."},"content":{"rendered":"<p><a href=\"http:\/\/photostory.dk\/wp-content\/uploads\/2017\/02\/co-61-jeg-ville-kysse-dig_small.jpg\"><img decoding=\"async\" loading=\"lazy\" class=\"size-full wp-image-3133 aligncenter\" src=\"http:\/\/photostory.dk\/wp-content\/uploads\/2017\/02\/co-61-jeg-ville-kysse-dig_small.jpg\" alt=\"\" width=\"400\" height=\"655\" srcset=\"https:\/\/www.photostory.dk\/wp-content\/uploads\/2017\/02\/co-61-jeg-ville-kysse-dig_small.jpg 400w, https:\/\/www.photostory.dk\/wp-content\/uploads\/2017\/02\/co-61-jeg-ville-kysse-dig_small-134x220.jpg 134w\" sizes=\"(max-width: 400px) 100vw, 400px\" \/><\/a><\/p>\n<p style=\"text-align: center;\"><strong>Jeg ville kysse dig.<\/strong><\/p>\n<p style=\"text-align: center;\">Der var engang en mand<br \/>\nsom hedder Peter Poulsen<br \/>\nog han er 40 \u00e5r i dag 1981.<\/p>\n<p style=\"text-align: center;\">Da Peter var 10 \u00e5r<br \/>\nvar han for elsket i en pige<br \/>\nP\u00e5 11 \u00e5r og hun hed Sofie<br \/>\nOg hun hade lange lyse fletninger<br \/>\ns\u00e5 sagde han til hende<br \/>\nSofie jeg frier til dig<br \/>\nog jeg ville kysse dig<br \/>\n100 af gang ogs\u00e5 skal vi<br \/>\nhave 2 b\u00f8rn.<br \/>\nMen det skulle jeg ikke sige<br \/>\nfor hun gav mig en lussing<br \/>\nog sage: jeg vil ikke komme<br \/>\nsammen med dig n\u00e5r du siger<br \/>\ns\u00e5dan n\u00e5dt<br \/>\nog s\u00e5 stak hun af hjemme fra<br \/>\nfra og s\u00e5 jeg ikke mer til<br \/>\nhende.<\/p>\n<p>\u201cCosta Karlslunde Digte 1981\u201d var en del af et undervisningsprojekt i 1981 p\u00e5\u00a0Karlslunde Skole\u00a0om\u00a0lokalmilj\u00f8er i bl.a. Aved\u00f8re, Lyngby\u00a0og Karlslunde. De her gengivne digte m.m. er fra Karlslunde og omegn\u00a0og udf\u00f8rt af eleverne fra 5, 6 og 7. klasse.<\/p>\n<p style=\"text-align: center;\"><a href=\"http:\/\/photostory.dk\/?page_id=835\">Oversigt Costa Karlslunde Digte 1981. Skoledigte<\/a><\/p>\n","protected":false},"excerpt":{"rendered":"<p>Jeg ville kysse dig. Der var engang en mand som hedder Peter Poulsen og han er 40 \u00e5r i dag 1981. Da Peter var 10 \u00e5r var han for elsket i en pige P\u00e5 11 \u00e5r og hun hed Sofie Og hun hade lange lyse fletninger s\u00e5 sagde han til hende Sofie jeg frier til &hellip; <a href=\"https:\/\/www.photostory.dk\/?page_id=3132\" class=\"more-link\">L\u00e6s mere <span class=\"screen-reader-text\">Skoledigt 1981: Jeg ville kysse dig.<\/span><\/a><\/p>\n","protected":false},"author":1,"featured_media":0,"parent":0,"menu_order":0,"comment_status":"closed","ping_status":"closed","template":"","meta":[],"_links":{"self":[{"href":"https:\/\/www.photostory.dk\/index.php?rest_route=\/wp\/v2\/pages\/3132"}],"collection":[{"href":"https:\/\/www.photostory.dk\/index.php?rest_route=\/wp\/v2\/pages"}],"about":[{"href":"https:\/\/www.photostory.dk\/index.php?rest_route=\/wp\/v2\/types\/page"}],"author":[{"embeddable":true,"href":"https:\/\/www.photostory.dk\/index.php?rest_route=\/wp\/v2\/users\/1"}],"replies":[{"embeddable":true,"href":"https:\/\/www.photostory.dk\/index.php?rest_route=%2Fwp%2Fv2%2Fcomments&post=3132"}],"version-history":[{"count":2,"href":"https:\/\/www.photostory.dk\/index.php?rest_route=\/wp\/v2\/pages\/3132\/revisions"}],"predecessor-version":[{"id":3136,"href":"https:\/\/www.photostory.dk\/index.php?rest_route=\/wp\/v2\/pages\/3132\/revisions\/3136"}],"wp:attachment":[{"href":"https:\/\/www.photostory.dk\/index.php?rest_route=%2Fwp%2Fv2%2Fmedia&parent=3132"}],"curies":[{"name":"wp","href":"https:\/\/api.w.org\/{rel}","templated":true}]}}