{"id":3107,"date":"2017-02-15T22:46:22","date_gmt":"2017-02-15T22:46:22","guid":{"rendered":"http:\/\/photostory.dk\/?page_id=3107"},"modified":"2017-02-15T22:46:22","modified_gmt":"2017-02-15T22:46:22","slug":"digtet-om-skraldespanden-1981","status":"publish","type":"page","link":"https:\/\/www.photostory.dk\/?page_id=3107","title":{"rendered":"Digtet om &#8220;Skraldespanden&#8221; 1981"},"content":{"rendered":"<p style=\"text-align: center;\"><a href=\"http:\/\/photostory.dk\/wp-content\/uploads\/2017\/02\/co-57-skraldespanden_small.jpg\"><img decoding=\"async\" loading=\"lazy\" class=\"size-full wp-image-3108 aligncenter\" src=\"http:\/\/photostory.dk\/wp-content\/uploads\/2017\/02\/co-57-skraldespanden_small.jpg\" alt=\"\" width=\"400\" height=\"577\" srcset=\"https:\/\/www.photostory.dk\/wp-content\/uploads\/2017\/02\/co-57-skraldespanden_small.jpg 400w, https:\/\/www.photostory.dk\/wp-content\/uploads\/2017\/02\/co-57-skraldespanden_small-153x220.jpg 153w\" sizes=\"(max-width: 400px) 100vw, 400px\" \/><\/a><br \/>\n<strong>Skraldespanden<\/strong><\/p>\n<p style=\"text-align: center;\">Der var engang en mand<br \/>\nder havde en skraldespand<br \/>\nn\u00e5r den s\u00e5 var var fuld<br \/>\nfaldt den tit omkuld<\/p>\n<p style=\"text-align: center;\">En dag kom manden ud<br \/>\ns\u00e5 var skraldespanden fuld<br \/>\ns\u00e5 v\u00e6ltede den omkuld<br \/>\nog maden slog sin tud.<\/p>\n<p style=\"text-align: center;\">Men en dag kom manden<br \/>\nog sagde til spanden<br \/>\ndu skal v\u00e6re s\u00f8d<br \/>\nellers bliver du &#8220;bl\u00f8d&#8221;.<\/p>\n<p>\u201cCosta Karlslunde Digte 1981\u201d var en del af et undervisningsprojekt i 1981 p\u00e5\u00a0Karlslunde Skole\u00a0om\u00a0lokalmilj\u00f8er i bl.a. Aved\u00f8re, Lyngby\u00a0og Karlslunde. De her gengivne digte m.m. er fra Karlslunde og omegn\u00a0og udf\u00f8rt af eleverne fra 5, 6 og 7. klasse.<\/p>\n<p style=\"text-align: center;\"><a href=\"http:\/\/photostory.dk\/?page_id=835\">Oversigt Costa Karlslunde Digte 1981. Skoledigte<\/a><\/p>\n","protected":false},"excerpt":{"rendered":"<p>Skraldespanden Der var engang en mand der havde en skraldespand n\u00e5r den s\u00e5 var var fuld faldt den tit omkuld En dag kom manden ud s\u00e5 var skraldespanden fuld s\u00e5 v\u00e6ltede den omkuld og maden slog sin tud. Men en dag kom manden og sagde til spanden du skal v\u00e6re s\u00f8d ellers bliver du &#8220;bl\u00f8d&#8221;. &hellip; <a href=\"https:\/\/www.photostory.dk\/?page_id=3107\" class=\"more-link\">L\u00e6s mere <span class=\"screen-reader-text\">Digtet om &#8220;Skraldespanden&#8221; 1981<\/span><\/a><\/p>\n","protected":false},"author":1,"featured_media":0,"parent":0,"menu_order":0,"comment_status":"closed","ping_status":"closed","template":"","meta":[],"_links":{"self":[{"href":"https:\/\/www.photostory.dk\/index.php?rest_route=\/wp\/v2\/pages\/3107"}],"collection":[{"href":"https:\/\/www.photostory.dk\/index.php?rest_route=\/wp\/v2\/pages"}],"about":[{"href":"https:\/\/www.photostory.dk\/index.php?rest_route=\/wp\/v2\/types\/page"}],"author":[{"embeddable":true,"href":"https:\/\/www.photostory.dk\/index.php?rest_route=\/wp\/v2\/users\/1"}],"replies":[{"embeddable":true,"href":"https:\/\/www.photostory.dk\/index.php?rest_route=%2Fwp%2Fv2%2Fcomments&post=3107"}],"version-history":[{"count":1,"href":"https:\/\/www.photostory.dk\/index.php?rest_route=\/wp\/v2\/pages\/3107\/revisions"}],"predecessor-version":[{"id":3110,"href":"https:\/\/www.photostory.dk\/index.php?rest_route=\/wp\/v2\/pages\/3107\/revisions\/3110"}],"wp:attachment":[{"href":"https:\/\/www.photostory.dk\/index.php?rest_route=%2Fwp%2Fv2%2Fmedia&parent=3107"}],"curies":[{"name":"wp","href":"https:\/\/api.w.org\/{rel}","templated":true}]}}