{"id":3103,"date":"2017-02-15T22:41:14","date_gmt":"2017-02-15T22:41:14","guid":{"rendered":"http:\/\/photostory.dk\/?page_id=3103"},"modified":"2017-02-15T22:42:06","modified_gmt":"2017-02-15T22:42:06","slug":"costa-karlslunde-digt-1981-bilen","status":"publish","type":"page","link":"https:\/\/www.photostory.dk\/?page_id=3103","title":{"rendered":"Costa Karlslunde Digt 1981: Bilen"},"content":{"rendered":"<p><a href=\"http:\/\/photostory.dk\/wp-content\/uploads\/2017\/02\/co-56-bilen_small.jpg\"><img decoding=\"async\" loading=\"lazy\" class=\"size-full wp-image-3104 aligncenter\" src=\"http:\/\/photostory.dk\/wp-content\/uploads\/2017\/02\/co-56-bilen_small.jpg\" alt=\"\" width=\"400\" height=\"266\" srcset=\"https:\/\/www.photostory.dk\/wp-content\/uploads\/2017\/02\/co-56-bilen_small.jpg 400w, https:\/\/www.photostory.dk\/wp-content\/uploads\/2017\/02\/co-56-bilen_small-295x196.jpg 295w\" sizes=\"(max-width: 400px) 100vw, 400px\" \/><\/a><\/p>\n<p style=\"text-align: center;\"><strong>Bilen<\/strong><\/p>\n<p style=\"text-align: center;\">Den f\u00f8rste bil der blev opfundet<br \/>\nvar en bil der kunne k\u00f8re<br \/>\nden kunne k\u00f8re 100 meter<br \/>\np\u00e5 en time og ti minutter.<\/p>\n<p style=\"text-align: center;\">Dens horn var en gummisko<br \/>\ndens hjul lignede en gyngehest<br \/>\nog dens bremser var en bamse<br \/>\nsom var\u00a0m\u00e6rket med kiss eller to.<\/p>\n<p>\u201cCosta Karlslunde Digte 1981\u201d var en del af et undervisningsprojekt i 1981 p\u00e5\u00a0Karlslunde Skole\u00a0om\u00a0lokalmilj\u00f8er i bl.a. Aved\u00f8re, Lyngby\u00a0og Karlslunde. De her gengivne digte m.m. er fra Karlslunde og omegn\u00a0og udf\u00f8rt af eleverne fra 5, 6 og 7. klasse.<\/p>\n<p style=\"text-align: center;\"><a href=\"http:\/\/photostory.dk\/?page_id=835\">Oversigt Costa Karlslunde Digte 1981. Skoledigte<\/a><\/p>\n","protected":false},"excerpt":{"rendered":"<p>Bilen Den f\u00f8rste bil der blev opfundet var en bil der kunne k\u00f8re den kunne k\u00f8re 100 meter p\u00e5 en time og ti minutter. Dens horn var en gummisko dens hjul lignede en gyngehest og dens bremser var en bamse som var\u00a0m\u00e6rket med kiss eller to. \u201cCosta Karlslunde Digte 1981\u201d var en del af et &hellip; <a href=\"https:\/\/www.photostory.dk\/?page_id=3103\" class=\"more-link\">L\u00e6s mere <span class=\"screen-reader-text\">Costa Karlslunde Digt 1981: Bilen<\/span><\/a><\/p>\n","protected":false},"author":1,"featured_media":0,"parent":0,"menu_order":0,"comment_status":"closed","ping_status":"closed","template":"","meta":[],"_links":{"self":[{"href":"https:\/\/www.photostory.dk\/index.php?rest_route=\/wp\/v2\/pages\/3103"}],"collection":[{"href":"https:\/\/www.photostory.dk\/index.php?rest_route=\/wp\/v2\/pages"}],"about":[{"href":"https:\/\/www.photostory.dk\/index.php?rest_route=\/wp\/v2\/types\/page"}],"author":[{"embeddable":true,"href":"https:\/\/www.photostory.dk\/index.php?rest_route=\/wp\/v2\/users\/1"}],"replies":[{"embeddable":true,"href":"https:\/\/www.photostory.dk\/index.php?rest_route=%2Fwp%2Fv2%2Fcomments&post=3103"}],"version-history":[{"count":1,"href":"https:\/\/www.photostory.dk\/index.php?rest_route=\/wp\/v2\/pages\/3103\/revisions"}],"predecessor-version":[{"id":3106,"href":"https:\/\/www.photostory.dk\/index.php?rest_route=\/wp\/v2\/pages\/3103\/revisions\/3106"}],"wp:attachment":[{"href":"https:\/\/www.photostory.dk\/index.php?rest_route=%2Fwp%2Fv2%2Fmedia&parent=3103"}],"curies":[{"name":"wp","href":"https:\/\/api.w.org\/{rel}","templated":true}]}}