{"id":3098,"date":"2017-02-15T22:35:32","date_gmt":"2017-02-15T22:35:32","guid":{"rendered":"http:\/\/photostory.dk\/?page_id=3098"},"modified":"2017-02-15T22:36:37","modified_gmt":"2017-02-15T22:36:37","slug":"modemyren","status":"publish","type":"page","link":"https:\/\/www.photostory.dk\/?page_id=3098","title":{"rendered":"Skoledigt 1981: Modemyren"},"content":{"rendered":"<p><a href=\"http:\/\/photostory.dk\/wp-content\/uploads\/2017\/02\/co-56-modemyren_small.jpg\"><img decoding=\"async\" loading=\"lazy\" class=\"size-full wp-image-3099 aligncenter\" src=\"http:\/\/photostory.dk\/wp-content\/uploads\/2017\/02\/co-56-modemyren_small.jpg\" alt=\"\" width=\"400\" height=\"385\" srcset=\"https:\/\/www.photostory.dk\/wp-content\/uploads\/2017\/02\/co-56-modemyren_small.jpg 400w, https:\/\/www.photostory.dk\/wp-content\/uploads\/2017\/02\/co-56-modemyren_small-229x220.jpg 229w\" sizes=\"(max-width: 400px) 100vw, 400px\" \/><\/a><\/p>\n<p style=\"text-align: center;\"><strong>Modemyren<\/strong><\/p>\n<p style=\"text-align: center;\">Myren hedder Kaj<br \/>\nog blev f\u00f8dt i maj.<br \/>\nDen var af en s\u00e6rlig art<br \/>\ns\u00e5 den kunne lide at v\u00e6re smart.<\/p>\n<p style=\"text-align: center;\">Kaj var ude at dykke<br \/>\nmen s\u00e5 skete der en ulykke.<br \/>\nKaj fik en b\u00f8de<br \/>\ns\u00e5 han faldt om og d\u00f8de.<\/p>\n<p>\u201cCosta Karlslunde Digte 1981\u201d var en del af et undervisningsprojekt i 1981 p\u00e5\u00a0Karlslunde Skole\u00a0om\u00a0lokalmilj\u00f8er i bl.a. Aved\u00f8re, Lyngby\u00a0og Karlslunde. De her gengivne digte m.m. er fra Karlslunde og omegn\u00a0og udf\u00f8rt af eleverne fra 5, 6 og 7. klasse.<\/p>\n<p style=\"text-align: center;\"><a href=\"http:\/\/photostory.dk\/?page_id=835\">Oversigt Costa Karlslunde Digte 1981. Skoledigte<\/a><\/p>\n","protected":false},"excerpt":{"rendered":"<p>Modemyren Myren hedder Kaj og blev f\u00f8dt i maj. Den var af en s\u00e6rlig art s\u00e5 den kunne lide at v\u00e6re smart. Kaj var ude at dykke men s\u00e5 skete der en ulykke. Kaj fik en b\u00f8de s\u00e5 han faldt om og d\u00f8de. \u201cCosta Karlslunde Digte 1981\u201d var en del af et undervisningsprojekt i 1981 &hellip; <a href=\"https:\/\/www.photostory.dk\/?page_id=3098\" class=\"more-link\">L\u00e6s mere <span class=\"screen-reader-text\">Skoledigt 1981: Modemyren<\/span><\/a><\/p>\n","protected":false},"author":1,"featured_media":0,"parent":0,"menu_order":0,"comment_status":"closed","ping_status":"closed","template":"","meta":[],"_links":{"self":[{"href":"https:\/\/www.photostory.dk\/index.php?rest_route=\/wp\/v2\/pages\/3098"}],"collection":[{"href":"https:\/\/www.photostory.dk\/index.php?rest_route=\/wp\/v2\/pages"}],"about":[{"href":"https:\/\/www.photostory.dk\/index.php?rest_route=\/wp\/v2\/types\/page"}],"author":[{"embeddable":true,"href":"https:\/\/www.photostory.dk\/index.php?rest_route=\/wp\/v2\/users\/1"}],"replies":[{"embeddable":true,"href":"https:\/\/www.photostory.dk\/index.php?rest_route=%2Fwp%2Fv2%2Fcomments&post=3098"}],"version-history":[{"count":2,"href":"https:\/\/www.photostory.dk\/index.php?rest_route=\/wp\/v2\/pages\/3098\/revisions"}],"predecessor-version":[{"id":3102,"href":"https:\/\/www.photostory.dk\/index.php?rest_route=\/wp\/v2\/pages\/3098\/revisions\/3102"}],"wp:attachment":[{"href":"https:\/\/www.photostory.dk\/index.php?rest_route=%2Fwp%2Fv2%2Fmedia&parent=3098"}],"curies":[{"name":"wp","href":"https:\/\/api.w.org\/{rel}","templated":true}]}}