{"id":3076,"date":"2017-02-15T16:54:02","date_gmt":"2017-02-15T16:54:02","guid":{"rendered":"http:\/\/photostory.dk\/?page_id=3076"},"modified":"2017-02-15T22:32:03","modified_gmt":"2017-02-15T22:32:03","slug":"der-er-et-lille-hus","status":"publish","type":"page","link":"https:\/\/www.photostory.dk\/?page_id=3076","title":{"rendered":"Digt 1981: Der er et lille hus"},"content":{"rendered":"<p><a href=\"http:\/\/photostory.dk\/wp-content\/uploads\/2017\/02\/co-55-der-er-et-lille-hus_small.jpg\"><img decoding=\"async\" loading=\"lazy\" class=\"size-full wp-image-3077 aligncenter\" src=\"http:\/\/photostory.dk\/wp-content\/uploads\/2017\/02\/co-55-der-er-et-lille-hus_small.jpg\" alt=\"\" width=\"400\" height=\"468\" srcset=\"https:\/\/www.photostory.dk\/wp-content\/uploads\/2017\/02\/co-55-der-er-et-lille-hus_small.jpg 400w, https:\/\/www.photostory.dk\/wp-content\/uploads\/2017\/02\/co-55-der-er-et-lille-hus_small-188x220.jpg 188w\" sizes=\"(max-width: 400px) 100vw, 400px\" \/><\/a><\/p>\n<p style=\"text-align: center;\"><strong>Der er et lille hus<\/strong><\/p>\n<p style=\"text-align: center;\">Der er et lille hus<br \/>\nder bor s\u00e5 mange mus<br \/>\nde har s\u00e5 mange lus<br \/>\ndet er et gammelt hus.<\/p>\n<p style=\"text-align: center;\">F\u00f8rste gang jeg var til fest<br \/>\nm\u00f8dte jeg en gammel hest<br \/>\nden var brun den var gr\u00f8n<br \/>\nden havde ingen b\u00f8rneb\u00f8rn<\/p>\n<p style=\"text-align: center;\">\u00d8jne kan smile<br \/>\nmunden kan le<br \/>\nhvad man h\u00f8rer i hjertet<br \/>\nkan ingen se.<\/p>\n<p>\u201cCosta Karlslunde Digte 1981\u201d var en del af et undervisningsprojekt i 1981 p\u00e5\u00a0Karlslunde Skole\u00a0om\u00a0lokalmilj\u00f8er i bl.a. Aved\u00f8re, Lyngby\u00a0og Karlslunde. De her gengivne digte m.m. er fra Karlslunde og omegn\u00a0og udf\u00f8rt af eleverne fra 5, 6 og 7. klasse.<\/p>\n<p style=\"text-align: center;\"><a href=\"http:\/\/photostory.dk\/?page_id=835\">Oversigt Costa Karlslunde Digte 1981. Skoledigte<\/a><\/p>\n","protected":false},"excerpt":{"rendered":"<p>Der er et lille hus Der er et lille hus der bor s\u00e5 mange mus de har s\u00e5 mange lus det er et gammelt hus. F\u00f8rste gang jeg var til fest m\u00f8dte jeg en gammel hest den var brun den var gr\u00f8n den havde ingen b\u00f8rneb\u00f8rn \u00d8jne kan smile munden kan le hvad man h\u00f8rer &hellip; <a href=\"https:\/\/www.photostory.dk\/?page_id=3076\" class=\"more-link\">L\u00e6s mere <span class=\"screen-reader-text\">Digt 1981: Der er et lille hus<\/span><\/a><\/p>\n","protected":false},"author":1,"featured_media":0,"parent":0,"menu_order":0,"comment_status":"closed","ping_status":"closed","template":"","meta":[],"_links":{"self":[{"href":"https:\/\/www.photostory.dk\/index.php?rest_route=\/wp\/v2\/pages\/3076"}],"collection":[{"href":"https:\/\/www.photostory.dk\/index.php?rest_route=\/wp\/v2\/pages"}],"about":[{"href":"https:\/\/www.photostory.dk\/index.php?rest_route=\/wp\/v2\/types\/page"}],"author":[{"embeddable":true,"href":"https:\/\/www.photostory.dk\/index.php?rest_route=\/wp\/v2\/users\/1"}],"replies":[{"embeddable":true,"href":"https:\/\/www.photostory.dk\/index.php?rest_route=%2Fwp%2Fv2%2Fcomments&post=3076"}],"version-history":[{"count":7,"href":"https:\/\/www.photostory.dk\/index.php?rest_route=\/wp\/v2\/pages\/3076\/revisions"}],"predecessor-version":[{"id":3097,"href":"https:\/\/www.photostory.dk\/index.php?rest_route=\/wp\/v2\/pages\/3076\/revisions\/3097"}],"wp:attachment":[{"href":"https:\/\/www.photostory.dk\/index.php?rest_route=%2Fwp%2Fv2%2Fmedia&parent=3076"}],"curies":[{"name":"wp","href":"https:\/\/api.w.org\/{rel}","templated":true}]}}