{"id":3058,"date":"2017-02-15T09:32:18","date_gmt":"2017-02-15T09:32:18","guid":{"rendered":"http:\/\/photostory.dk\/?page_id=3058"},"modified":"2017-02-15T09:32:43","modified_gmt":"2017-02-15T09:32:43","slug":"digtet-om-de-soede-hunde","status":"publish","type":"page","link":"https:\/\/www.photostory.dk\/?page_id=3058","title":{"rendered":"Digtet om &#8220;De s\u00f8de hunde&#8221;"},"content":{"rendered":"<p><a href=\"http:\/\/photostory.dk\/wp-content\/uploads\/2017\/02\/co-54-de-soede-hunde_small.jpg\"><img decoding=\"async\" loading=\"lazy\" class=\"size-full wp-image-3059 aligncenter\" src=\"http:\/\/photostory.dk\/wp-content\/uploads\/2017\/02\/co-54-de-soede-hunde_small.jpg\" alt=\"\" width=\"400\" height=\"440\" srcset=\"https:\/\/www.photostory.dk\/wp-content\/uploads\/2017\/02\/co-54-de-soede-hunde_small.jpg 400w, https:\/\/www.photostory.dk\/wp-content\/uploads\/2017\/02\/co-54-de-soede-hunde_small-200x220.jpg 200w\" sizes=\"(max-width: 400px) 100vw, 400px\" \/><\/a><\/p>\n<p style=\"text-align: center;\"><strong>De s\u00f8de hunde<\/strong><\/p>\n<p style=\"text-align: center;\">Der er mange s\u00f8de hunde<br \/>\nog de er meget sunde<br \/>\nDe f\u00e5r meget mad<br \/>\nog er tit i bad<\/p>\n<p style=\"text-align: center;\">De er tit i vandet<br \/>\nfor de er kendt her i landet<br \/>\nN\u00e5r de er blevet t\u00f8rret<br \/>\nskal de ogs\u00e5 sm\u00f8res.<\/p>\n<p>\u201cCosta Karlslunde Digte 1981\u201d var en del af et undervisningsprojekt i 1981 p\u00e5\u00a0Karlslunde Skole\u00a0om\u00a0lokalmilj\u00f8er i bl.a. Aved\u00f8re, Lyngby\u00a0og Karlslunde. De her gengivne digte m.m. er fra Karlslunde og omegn\u00a0og udf\u00f8rt af eleverne fra 5, 6 og 7. klasse.<\/p>\n<p style=\"text-align: center;\"><a href=\"http:\/\/photostory.dk\/?page_id=835\">Oversigt Costa Karlslunde Digte 1981. Skoledigte<\/a><\/p>\n","protected":false},"excerpt":{"rendered":"<p>De s\u00f8de hunde Der er mange s\u00f8de hunde og de er meget sunde De f\u00e5r meget mad og er tit i bad De er tit i vandet for de er kendt her i landet N\u00e5r de er blevet t\u00f8rret skal de ogs\u00e5 sm\u00f8res. \u201cCosta Karlslunde Digte 1981\u201d var en del af et undervisningsprojekt i 1981 &hellip; <a href=\"https:\/\/www.photostory.dk\/?page_id=3058\" class=\"more-link\">L\u00e6s mere <span class=\"screen-reader-text\">Digtet om &#8220;De s\u00f8de hunde&#8221;<\/span><\/a><\/p>\n","protected":false},"author":1,"featured_media":0,"parent":0,"menu_order":0,"comment_status":"closed","ping_status":"closed","template":"","meta":[],"_links":{"self":[{"href":"https:\/\/www.photostory.dk\/index.php?rest_route=\/wp\/v2\/pages\/3058"}],"collection":[{"href":"https:\/\/www.photostory.dk\/index.php?rest_route=\/wp\/v2\/pages"}],"about":[{"href":"https:\/\/www.photostory.dk\/index.php?rest_route=\/wp\/v2\/types\/page"}],"author":[{"embeddable":true,"href":"https:\/\/www.photostory.dk\/index.php?rest_route=\/wp\/v2\/users\/1"}],"replies":[{"embeddable":true,"href":"https:\/\/www.photostory.dk\/index.php?rest_route=%2Fwp%2Fv2%2Fcomments&post=3058"}],"version-history":[{"count":2,"href":"https:\/\/www.photostory.dk\/index.php?rest_route=\/wp\/v2\/pages\/3058\/revisions"}],"predecessor-version":[{"id":3062,"href":"https:\/\/www.photostory.dk\/index.php?rest_route=\/wp\/v2\/pages\/3058\/revisions\/3062"}],"wp:attachment":[{"href":"https:\/\/www.photostory.dk\/index.php?rest_route=%2Fwp%2Fv2%2Fmedia&parent=3058"}],"curies":[{"name":"wp","href":"https:\/\/api.w.org\/{rel}","templated":true}]}}