{"id":3054,"date":"2017-02-15T09:28:11","date_gmt":"2017-02-15T09:28:11","guid":{"rendered":"http:\/\/photostory.dk\/?page_id=3054"},"modified":"2017-02-15T09:28:11","modified_gmt":"2017-02-15T09:28:11","slug":"digtet-om-den-sure-mand","status":"publish","type":"page","link":"https:\/\/www.photostory.dk\/?page_id=3054","title":{"rendered":"Digtet om &#8220;Den sure mand&#8221;"},"content":{"rendered":"<p><a href=\"http:\/\/photostory.dk\/wp-content\/uploads\/2017\/02\/co-53-den-sure-mand_small.jpg\"><img decoding=\"async\" loading=\"lazy\" class=\"size-full wp-image-3055 aligncenter\" src=\"http:\/\/photostory.dk\/wp-content\/uploads\/2017\/02\/co-53-den-sure-mand_small.jpg\" alt=\"\" width=\"400\" height=\"298\" srcset=\"https:\/\/www.photostory.dk\/wp-content\/uploads\/2017\/02\/co-53-den-sure-mand_small.jpg 400w, https:\/\/www.photostory.dk\/wp-content\/uploads\/2017\/02\/co-53-den-sure-mand_small-295x220.jpg 295w\" sizes=\"(max-width: 400px) 100vw, 400px\" \/><\/a><\/p>\n<p style=\"text-align: center;\"><b>Den sure mand<\/b><\/p>\n<p style=\"text-align: center;\">Der var engang en sur mand<br \/>\nder var g\u00e5et i det forkerte land.<br \/>\nDa han var kommet i land,<br \/>\nm\u00f8dte han en mand.<br \/>\nHan spurgte om vej,<br \/>\nmen det endte i leg.<br \/>\nDe blev gode venner,<br \/>\ns\u00e5 det hele endte i gode ender.<\/p>\n<p>\u201cCosta Karlslunde Digte 1981\u201d var en del af et undervisningsprojekt i 1981 p\u00e5\u00a0Karlslunde Skole\u00a0om\u00a0lokalmilj\u00f8er i bl.a. Aved\u00f8re, Lyngby\u00a0og Karlslunde. De her gengivne digte m.m. er fra Karlslunde og omegn\u00a0og udf\u00f8rt af eleverne fra 5, 6 og 7. klasse.<\/p>\n<p style=\"text-align: center;\"><a href=\"http:\/\/photostory.dk\/?page_id=835\">Oversigt Costa Karlslunde Digte 1981. Skoledigte<\/a><\/p>\n","protected":false},"excerpt":{"rendered":"<p>Den sure mand Der var engang en sur mand der var g\u00e5et i det forkerte land. Da han var kommet i land, m\u00f8dte han en mand. Han spurgte om vej, men det endte i leg. De blev gode venner, s\u00e5 det hele endte i gode ender. \u201cCosta Karlslunde Digte 1981\u201d var en del af et &hellip; <a href=\"https:\/\/www.photostory.dk\/?page_id=3054\" class=\"more-link\">L\u00e6s mere <span class=\"screen-reader-text\">Digtet om &#8220;Den sure mand&#8221;<\/span><\/a><\/p>\n","protected":false},"author":1,"featured_media":0,"parent":0,"menu_order":0,"comment_status":"closed","ping_status":"closed","template":"","meta":[],"_links":{"self":[{"href":"https:\/\/www.photostory.dk\/index.php?rest_route=\/wp\/v2\/pages\/3054"}],"collection":[{"href":"https:\/\/www.photostory.dk\/index.php?rest_route=\/wp\/v2\/pages"}],"about":[{"href":"https:\/\/www.photostory.dk\/index.php?rest_route=\/wp\/v2\/types\/page"}],"author":[{"embeddable":true,"href":"https:\/\/www.photostory.dk\/index.php?rest_route=\/wp\/v2\/users\/1"}],"replies":[{"embeddable":true,"href":"https:\/\/www.photostory.dk\/index.php?rest_route=%2Fwp%2Fv2%2Fcomments&post=3054"}],"version-history":[{"count":1,"href":"https:\/\/www.photostory.dk\/index.php?rest_route=\/wp\/v2\/pages\/3054\/revisions"}],"predecessor-version":[{"id":3057,"href":"https:\/\/www.photostory.dk\/index.php?rest_route=\/wp\/v2\/pages\/3054\/revisions\/3057"}],"wp:attachment":[{"href":"https:\/\/www.photostory.dk\/index.php?rest_route=%2Fwp%2Fv2%2Fmedia&parent=3054"}],"curies":[{"name":"wp","href":"https:\/\/api.w.org\/{rel}","templated":true}]}}