{"id":3049,"date":"2017-02-15T09:23:48","date_gmt":"2017-02-15T09:23:48","guid":{"rendered":"http:\/\/photostory.dk\/?page_id=3049"},"modified":"2017-02-15T09:24:18","modified_gmt":"2017-02-15T09:24:18","slug":"skoledigt-fra-karlslunde-skole-stranden","status":"publish","type":"page","link":"https:\/\/www.photostory.dk\/?page_id=3049","title":{"rendered":"Skoledigt fra Karlslunde Skole: Stranden"},"content":{"rendered":"<p><a href=\"http:\/\/photostory.dk\/wp-content\/uploads\/2017\/02\/co-53-stranden_small.jpg\"><img decoding=\"async\" loading=\"lazy\" class=\"size-full wp-image-3050 aligncenter\" src=\"http:\/\/photostory.dk\/wp-content\/uploads\/2017\/02\/co-53-stranden_small.jpg\" alt=\"\" width=\"400\" height=\"325\" srcset=\"https:\/\/www.photostory.dk\/wp-content\/uploads\/2017\/02\/co-53-stranden_small.jpg 400w, https:\/\/www.photostory.dk\/wp-content\/uploads\/2017\/02\/co-53-stranden_small-271x220.jpg 271w\" sizes=\"(max-width: 400px) 100vw, 400px\" \/><\/a><\/p>\n<p style=\"text-align: center;\"><strong>Stranden<\/strong><\/p>\n<p style=\"text-align: center;\">P\u00e5 stranden er der sand<br \/>\nog der l\u00e5 en mand.<br \/>\nHan l\u00e5 p\u00e5 et t\u00e6ppe<br \/>\nmen der l\u00e5 nogle k\u00e6ppe.<br \/>\nS\u00e5 tog han sit t\u00e6ppe<br \/>\nog gik hen til nogle b\u00e6kke.<\/p>\n<p>\u201cCosta Karlslunde Digte 1981\u201d var en del af et undervisningsprojekt i 1981 p\u00e5\u00a0Karlslunde Skole\u00a0om\u00a0lokalmilj\u00f8er i bl.a. Aved\u00f8re, Lyngby\u00a0og Karlslunde. De her gengivne digte m.m. er fra Karlslunde og omegn\u00a0og udf\u00f8rt af eleverne fra 5, 6 og 7. klasse.<\/p>\n<p style=\"text-align: center;\"><a href=\"http:\/\/photostory.dk\/?page_id=835\">Oversigt Costa Karlslunde Digte 1981. Skoledigte<\/a><\/p>\n","protected":false},"excerpt":{"rendered":"<p>Stranden P\u00e5 stranden er der sand og der l\u00e5 en mand. Han l\u00e5 p\u00e5 et t\u00e6ppe men der l\u00e5 nogle k\u00e6ppe. S\u00e5 tog han sit t\u00e6ppe og gik hen til nogle b\u00e6kke. \u201cCosta Karlslunde Digte 1981\u201d var en del af et undervisningsprojekt i 1981 p\u00e5\u00a0Karlslunde Skole\u00a0om\u00a0lokalmilj\u00f8er i bl.a. Aved\u00f8re, Lyngby\u00a0og Karlslunde. De her gengivne digte &hellip; <a href=\"https:\/\/www.photostory.dk\/?page_id=3049\" class=\"more-link\">L\u00e6s mere <span class=\"screen-reader-text\">Skoledigt fra Karlslunde Skole: Stranden<\/span><\/a><\/p>\n","protected":false},"author":1,"featured_media":0,"parent":0,"menu_order":0,"comment_status":"closed","ping_status":"closed","template":"","meta":[],"_links":{"self":[{"href":"https:\/\/www.photostory.dk\/index.php?rest_route=\/wp\/v2\/pages\/3049"}],"collection":[{"href":"https:\/\/www.photostory.dk\/index.php?rest_route=\/wp\/v2\/pages"}],"about":[{"href":"https:\/\/www.photostory.dk\/index.php?rest_route=\/wp\/v2\/types\/page"}],"author":[{"embeddable":true,"href":"https:\/\/www.photostory.dk\/index.php?rest_route=\/wp\/v2\/users\/1"}],"replies":[{"embeddable":true,"href":"https:\/\/www.photostory.dk\/index.php?rest_route=%2Fwp%2Fv2%2Fcomments&post=3049"}],"version-history":[{"count":2,"href":"https:\/\/www.photostory.dk\/index.php?rest_route=\/wp\/v2\/pages\/3049\/revisions"}],"predecessor-version":[{"id":3053,"href":"https:\/\/www.photostory.dk\/index.php?rest_route=\/wp\/v2\/pages\/3049\/revisions\/3053"}],"wp:attachment":[{"href":"https:\/\/www.photostory.dk\/index.php?rest_route=%2Fwp%2Fv2%2Fmedia&parent=3049"}],"curies":[{"name":"wp","href":"https:\/\/api.w.org\/{rel}","templated":true}]}}