{"id":3028,"date":"2017-02-15T06:08:41","date_gmt":"2017-02-15T06:08:41","guid":{"rendered":"http:\/\/photostory.dk\/?page_id=3028"},"modified":"2017-02-15T06:10:16","modified_gmt":"2017-02-15T06:10:16","slug":"p-digt-poelsemanden-patrik-puttede-poelserne","status":"publish","type":"page","link":"https:\/\/www.photostory.dk\/?page_id=3028","title":{"rendered":"P-digt: P\u00f8lsemanden Patrik puttede p\u00f8lserne &#8230;."},"content":{"rendered":"<p><a href=\"http:\/\/photostory.dk\/wp-content\/uploads\/2017\/02\/co-52-p-digt_small.jpg\"><img decoding=\"async\" loading=\"lazy\" class=\"size-full wp-image-3029 aligncenter\" src=\"http:\/\/photostory.dk\/wp-content\/uploads\/2017\/02\/co-52-p-digt_small.jpg\" alt=\"\" width=\"400\" height=\"496\" srcset=\"https:\/\/www.photostory.dk\/wp-content\/uploads\/2017\/02\/co-52-p-digt_small.jpg 400w, https:\/\/www.photostory.dk\/wp-content\/uploads\/2017\/02\/co-52-p-digt_small-177x220.jpg 177w\" sizes=\"(max-width: 400px) 100vw, 400px\" \/><\/a><\/p>\n<p style=\"text-align: center;\"><strong>P-digt<\/strong><\/p>\n<p style=\"text-align: center;\">P\u00f8lsemanden Patrik puttede p\u00f8lserne<br \/>\np\u00e5 panden. Prisen p\u00e5 p\u00f8lserne pr pund passede. P\u00f8lsernes pris passede p\u00e5 Patriks pengepung. Pludselig p\u00f8lsede<br \/>\nPeter p\u00e5 potten puha. Patrik pudsede<br \/>\np\u00f8lsevognen pludselig pyntede p\u00f8lsevognen.<br \/>\nPr\u00e6sten pr\u00e6senterede p\u00f8lsemanden Patrik,<br \/>\npludselig p\u00f8lsede puddlen Palle p\u00e5<br \/>\npr\u00e6stens p\u00e6ne pl\u00e6ne. Pr\u00e6sten plaffede<br \/>\npuddlen Palle p\u00e5 panden, pudlen<br \/>\nPalle peb Patrik puttede pudsekluden<br \/>\np\u00e5 puddlens pande. P\u00e5skedag passer<br \/>\nPatrik p\u00e5 Peter, Peter pludre. Patrik<br \/>\npakker p\u00f8lsevognen pludselig punktere<br \/>\np\u00f8lsevognen. Patrik pumper punkteringen pinsedag.<\/p>\n<p style=\"text-align: center;\">Nej hvor kan man blive tr\u00e6t af P&#8230;.<\/p>\n<p>\u201cCosta Karlslunde Digte 1981\u201d var en del af et undervisningsprojekt i 1981 p\u00e5\u00a0Karlslunde Skole\u00a0om\u00a0lokalmilj\u00f8er i bl.a. Aved\u00f8re, Lyngby\u00a0og Karlslunde. De her gengivne digte m.m. er fra Karlslunde og omegn\u00a0og udf\u00f8rt af eleverne fra 5, 6 og 7. klasse.<\/p>\n<p style=\"text-align: center;\"><a href=\"http:\/\/photostory.dk\/?page_id=835\">Oversigt Costa Karlslunde Digte 1981. Skoledigte<\/a><\/p>\n","protected":false},"excerpt":{"rendered":"<p>P-digt P\u00f8lsemanden Patrik puttede p\u00f8lserne p\u00e5 panden. Prisen p\u00e5 p\u00f8lserne pr pund passede. P\u00f8lsernes pris passede p\u00e5 Patriks pengepung. Pludselig p\u00f8lsede Peter p\u00e5 potten puha. Patrik pudsede p\u00f8lsevognen pludselig pyntede p\u00f8lsevognen. Pr\u00e6sten pr\u00e6senterede p\u00f8lsemanden Patrik, pludselig p\u00f8lsede puddlen Palle p\u00e5 pr\u00e6stens p\u00e6ne pl\u00e6ne. Pr\u00e6sten plaffede puddlen Palle p\u00e5 panden, pudlen Palle peb Patrik puttede pudsekluden &hellip; <a href=\"https:\/\/www.photostory.dk\/?page_id=3028\" class=\"more-link\">L\u00e6s mere <span class=\"screen-reader-text\">P-digt: P\u00f8lsemanden Patrik puttede p\u00f8lserne &#8230;.<\/span><\/a><\/p>\n","protected":false},"author":1,"featured_media":0,"parent":0,"menu_order":0,"comment_status":"closed","ping_status":"closed","template":"","meta":[],"_links":{"self":[{"href":"https:\/\/www.photostory.dk\/index.php?rest_route=\/wp\/v2\/pages\/3028"}],"collection":[{"href":"https:\/\/www.photostory.dk\/index.php?rest_route=\/wp\/v2\/pages"}],"about":[{"href":"https:\/\/www.photostory.dk\/index.php?rest_route=\/wp\/v2\/types\/page"}],"author":[{"embeddable":true,"href":"https:\/\/www.photostory.dk\/index.php?rest_route=\/wp\/v2\/users\/1"}],"replies":[{"embeddable":true,"href":"https:\/\/www.photostory.dk\/index.php?rest_route=%2Fwp%2Fv2%2Fcomments&post=3028"}],"version-history":[{"count":2,"href":"https:\/\/www.photostory.dk\/index.php?rest_route=\/wp\/v2\/pages\/3028\/revisions"}],"predecessor-version":[{"id":3032,"href":"https:\/\/www.photostory.dk\/index.php?rest_route=\/wp\/v2\/pages\/3028\/revisions\/3032"}],"wp:attachment":[{"href":"https:\/\/www.photostory.dk\/index.php?rest_route=%2Fwp%2Fv2%2Fmedia&parent=3028"}],"curies":[{"name":"wp","href":"https:\/\/api.w.org\/{rel}","templated":true}]}}