{"id":3013,"date":"2017-02-15T05:50:11","date_gmt":"2017-02-15T05:50:11","guid":{"rendered":"http:\/\/photostory.dk\/?page_id=3013"},"modified":"2017-02-15T05:50:40","modified_gmt":"2017-02-15T05:50:40","slug":"digt-om-brevskrivning-i-skolen-1981","status":"publish","type":"page","link":"https:\/\/www.photostory.dk\/?page_id=3013","title":{"rendered":"Digt: Om brevskrivning i skolen 1981"},"content":{"rendered":"<p style=\"text-align: center;\"><a href=\"http:\/\/photostory.dk\/wp-content\/uploads\/2017\/02\/co-49-om-brevskrivning_small.jpg\"><img decoding=\"async\" loading=\"lazy\" class=\"size-full wp-image-3014 aligncenter\" src=\"http:\/\/photostory.dk\/wp-content\/uploads\/2017\/02\/co-49-om-brevskrivning_small.jpg\" alt=\"\" width=\"400\" height=\"608\" srcset=\"https:\/\/www.photostory.dk\/wp-content\/uploads\/2017\/02\/co-49-om-brevskrivning_small.jpg 400w, https:\/\/www.photostory.dk\/wp-content\/uploads\/2017\/02\/co-49-om-brevskrivning_small-145x220.jpg 145w\" sizes=\"(max-width: 400px) 100vw, 400px\" \/><\/a><\/p>\n<p style=\"text-align: center;\"><strong>Om brevskrivning<\/strong><\/p>\n<p style=\"text-align: center;\">Breve her og breve der,<br \/>\nde g\u00e5r gennem klassen,<br \/>\nde handler om forskellige ting,<br \/>\nnogle handler f.eks. om,<br \/>\nk\u00e6rester, hvem der er dumme.<br \/>\nhvem der er s\u00f8de.<\/p>\n<p style=\"text-align: center;\">N\u00e5r jeg skriver breve<br \/>\nbruger jeg almindeligt papir,<br \/>\nn\u00e5r personen svarer,<br \/>\ner jeg altid sp\u00e6ndt,<br \/>\nvi sidder ret s\u00e5 dumt,<br \/>\nbrevene skal igennem,<br \/>\nmange h\u00e6nder.<\/p>\n<p style=\"text-align: center;\">Vores l\u00e6rere er imod.<br \/>\nal form for brevskrivning,<br \/>\ndet h\u00e6nder at,<br \/>\nvores l\u00e6rer f\u00e5r,<br \/>\nfat i brevene,<br \/>\nmen de bliver,<br \/>\naldrig l\u00e6st op.<\/p>\n<p>\u201cCosta Karlslunde Digte 1981\u201d var en del af et undervisningsprojekt i 1981 p\u00e5\u00a0Karlslunde Skole\u00a0om\u00a0lokalmilj\u00f8er i bl.a. Aved\u00f8re, Lyngby\u00a0og Karlslunde. De her gengivne digte m.m. er fra Karlslunde og omegn\u00a0og udf\u00f8rt af eleverne fra 5, 6 og 7. klasse.<\/p>\n<p style=\"text-align: center;\"><a href=\"http:\/\/photostory.dk\/?page_id=835\">Oversigt Costa Karlslunde Digte 1981. Skoledigte<\/a><\/p>\n","protected":false},"excerpt":{"rendered":"<p>Om brevskrivning Breve her og breve der, de g\u00e5r gennem klassen, de handler om forskellige ting, nogle handler f.eks. om, k\u00e6rester, hvem der er dumme. hvem der er s\u00f8de. N\u00e5r jeg skriver breve bruger jeg almindeligt papir, n\u00e5r personen svarer, er jeg altid sp\u00e6ndt, vi sidder ret s\u00e5 dumt, brevene skal igennem, mange h\u00e6nder. Vores &hellip; <a href=\"https:\/\/www.photostory.dk\/?page_id=3013\" class=\"more-link\">L\u00e6s mere <span class=\"screen-reader-text\">Digt: Om brevskrivning i skolen 1981<\/span><\/a><\/p>\n","protected":false},"author":1,"featured_media":0,"parent":0,"menu_order":0,"comment_status":"closed","ping_status":"closed","template":"","meta":[],"_links":{"self":[{"href":"https:\/\/www.photostory.dk\/index.php?rest_route=\/wp\/v2\/pages\/3013"}],"collection":[{"href":"https:\/\/www.photostory.dk\/index.php?rest_route=\/wp\/v2\/pages"}],"about":[{"href":"https:\/\/www.photostory.dk\/index.php?rest_route=\/wp\/v2\/types\/page"}],"author":[{"embeddable":true,"href":"https:\/\/www.photostory.dk\/index.php?rest_route=\/wp\/v2\/users\/1"}],"replies":[{"embeddable":true,"href":"https:\/\/www.photostory.dk\/index.php?rest_route=%2Fwp%2Fv2%2Fcomments&post=3013"}],"version-history":[{"count":2,"href":"https:\/\/www.photostory.dk\/index.php?rest_route=\/wp\/v2\/pages\/3013\/revisions"}],"predecessor-version":[{"id":3017,"href":"https:\/\/www.photostory.dk\/index.php?rest_route=\/wp\/v2\/pages\/3013\/revisions\/3017"}],"wp:attachment":[{"href":"https:\/\/www.photostory.dk\/index.php?rest_route=%2Fwp%2Fv2%2Fmedia&parent=3013"}],"curies":[{"name":"wp","href":"https:\/\/api.w.org\/{rel}","templated":true}]}}