{"id":3008,"date":"2017-02-15T05:44:22","date_gmt":"2017-02-15T05:44:22","guid":{"rendered":"http:\/\/photostory.dk\/?page_id=3008"},"modified":"2017-02-15T05:45:12","modified_gmt":"2017-02-15T05:45:12","slug":"digt-skolesaet","status":"publish","type":"page","link":"https:\/\/www.photostory.dk\/?page_id=3008","title":{"rendered":"Skoledigte 1981: Skoles\u00e6t"},"content":{"rendered":"<p><a href=\"http:\/\/photostory.dk\/wp-content\/uploads\/2017\/02\/co-48-skolesaet_small.jpg\"><img decoding=\"async\" loading=\"lazy\" class=\"size-full wp-image-3009 aligncenter\" src=\"http:\/\/photostory.dk\/wp-content\/uploads\/2017\/02\/co-48-skolesaet_small.jpg\" alt=\"\" width=\"400\" height=\"642\" srcset=\"https:\/\/www.photostory.dk\/wp-content\/uploads\/2017\/02\/co-48-skolesaet_small.jpg 400w, https:\/\/www.photostory.dk\/wp-content\/uploads\/2017\/02\/co-48-skolesaet_small-137x220.jpg 137w\" sizes=\"(max-width: 400px) 100vw, 400px\" \/><\/a><\/p>\n<p style=\"text-align: center;\">Tegning: tyk blyant, lineal, viskel\u00e6der, bog om digte<\/p>\n<p style=\"text-align: center;\"><strong>Skoles\u00e6t<\/strong><\/p>\n<p style=\"text-align: center;\">Man kan ikke komme igang<br \/>\npludselig er den der bare<br \/>\nman skriver og man skriver<br \/>\nog pludselig har men uden man har opdaget det<br \/>\nskrevet to sider.<br \/>\nS\u00e5 kan man heller ikke mere.<br \/>\nS\u00e5dan g\u00e5r det tit i klassen, n\u00e5r jeg ikke gider h\u00f8re efter<br \/>\neller fordi jeg ikke kan f\u00f8lge med.<\/p>\n<p>\u201cCosta Karlslunde Digte 1981\u201d var en del af et undervisningsprojekt i 1981 p\u00e5\u00a0Karlslunde Skole\u00a0om\u00a0lokalmilj\u00f8er i bl.a. Aved\u00f8re, Lyngby\u00a0og Karlslunde. De her gengivne digte m.m. er fra Karlslunde og omegn\u00a0og udf\u00f8rt af eleverne fra 5, 6 og 7. klasse.<\/p>\n<p style=\"text-align: center;\"><a href=\"http:\/\/photostory.dk\/?page_id=835\">Oversigt Costa Karlslunde Digte 1981. Skoledigte<\/a><\/p>\n","protected":false},"excerpt":{"rendered":"<p>Tegning: tyk blyant, lineal, viskel\u00e6der, bog om digte Skoles\u00e6t Man kan ikke komme igang pludselig er den der bare man skriver og man skriver og pludselig har men uden man har opdaget det skrevet to sider. S\u00e5 kan man heller ikke mere. S\u00e5dan g\u00e5r det tit i klassen, n\u00e5r jeg ikke gider h\u00f8re efter eller &hellip; <a href=\"https:\/\/www.photostory.dk\/?page_id=3008\" class=\"more-link\">L\u00e6s mere <span class=\"screen-reader-text\">Skoledigte 1981: Skoles\u00e6t<\/span><\/a><\/p>\n","protected":false},"author":1,"featured_media":0,"parent":0,"menu_order":0,"comment_status":"closed","ping_status":"closed","template":"","meta":[],"_links":{"self":[{"href":"https:\/\/www.photostory.dk\/index.php?rest_route=\/wp\/v2\/pages\/3008"}],"collection":[{"href":"https:\/\/www.photostory.dk\/index.php?rest_route=\/wp\/v2\/pages"}],"about":[{"href":"https:\/\/www.photostory.dk\/index.php?rest_route=\/wp\/v2\/types\/page"}],"author":[{"embeddable":true,"href":"https:\/\/www.photostory.dk\/index.php?rest_route=\/wp\/v2\/users\/1"}],"replies":[{"embeddable":true,"href":"https:\/\/www.photostory.dk\/index.php?rest_route=%2Fwp%2Fv2%2Fcomments&post=3008"}],"version-history":[{"count":2,"href":"https:\/\/www.photostory.dk\/index.php?rest_route=\/wp\/v2\/pages\/3008\/revisions"}],"predecessor-version":[{"id":3012,"href":"https:\/\/www.photostory.dk\/index.php?rest_route=\/wp\/v2\/pages\/3008\/revisions\/3012"}],"wp:attachment":[{"href":"https:\/\/www.photostory.dk\/index.php?rest_route=%2Fwp%2Fv2%2Fmedia&parent=3008"}],"curies":[{"name":"wp","href":"https:\/\/api.w.org\/{rel}","templated":true}]}}