{"id":3003,"date":"2017-02-15T05:38:12","date_gmt":"2017-02-15T05:38:12","guid":{"rendered":"http:\/\/photostory.dk\/?page_id=3003"},"modified":"2017-02-15T05:38:43","modified_gmt":"2017-02-15T05:38:43","slug":"klassen-man-sidder-og-kigger-ud-af-vinduet","status":"publish","type":"page","link":"https:\/\/www.photostory.dk\/?page_id=3003","title":{"rendered":"Klassen &#8230;.  Man sidder og kigger ud af vinduet"},"content":{"rendered":"<p><strong><a href=\"http:\/\/photostory.dk\/wp-content\/uploads\/2017\/02\/co-47.klassen_small.jpg\"><img decoding=\"async\" loading=\"lazy\" class=\"size-full wp-image-3004 aligncenter\" src=\"http:\/\/photostory.dk\/wp-content\/uploads\/2017\/02\/co-47.klassen_small.jpg\" alt=\"\" width=\"400\" height=\"546\" srcset=\"https:\/\/www.photostory.dk\/wp-content\/uploads\/2017\/02\/co-47.klassen_small.jpg 400w, https:\/\/www.photostory.dk\/wp-content\/uploads\/2017\/02\/co-47.klassen_small-161x220.jpg 161w\" sizes=\"(max-width: 400px) 100vw, 400px\" \/><\/a><\/strong><\/p>\n<p style=\"text-align: center;\"><strong>Klassen!<\/strong><\/p>\n<p style=\"text-align: center;\">Man sidder og kigger ud af vinduet<br \/>\nder er pludren i klassen<br \/>\nman gumler fl\u00f8deboller<br \/>\nsom en har delt ud<br \/>\nNogle sidder og glor<br \/>\nandre laver noget<br \/>\ns\u00e5dan g\u00e5r det tit<br \/>\ni vores klasse<\/p>\n<p style=\"text-align: center;\">L\u00e6reren kommer ind<br \/>\nhan er glad<br \/>\nmen lige s\u00e5 snart han st\u00e5r i<br \/>\nklassen bliver han sur<br \/>\nfordi vi larmer<br \/>\nhan s\u00e6tter sig ned<br \/>\nventer p\u00e5 at vi tier stiller<br \/>\nvi kigger p\u00e5 ham<br \/>\nforbavset over at han ikke<br \/>\nbegynder at r\u00e5be<br \/>\nsom han plejer<br \/>\nder er stille<br \/>\ntimen begynder ellers som<br \/>\nden plejer<br \/>\nder er stille<br \/>\nda timen sluttede<br \/>\ngik han bare<br \/>\nuden et ord.<\/p>\n<p>\u201cCosta Karlslunde Digte 1981\u201d var en del af et undervisningsprojekt i 1981 p\u00e5\u00a0Karlslunde Skole\u00a0om\u00a0lokalmilj\u00f8er i bl.a. Aved\u00f8re, Lyngby\u00a0og Karlslunde. De her gengivne digte m.m. er fra Karlslunde og omegn\u00a0og udf\u00f8rt af eleverne fra 5, 6 og 7. klasse.<\/p>\n<p style=\"text-align: center;\"><a href=\"http:\/\/photostory.dk\/?page_id=835\">Oversigt Costa Karlslunde Digte 1981. Skoledigte<\/a><\/p>\n","protected":false},"excerpt":{"rendered":"<p>Klassen! Man sidder og kigger ud af vinduet der er pludren i klassen man gumler fl\u00f8deboller som en har delt ud Nogle sidder og glor andre laver noget s\u00e5dan g\u00e5r det tit i vores klasse L\u00e6reren kommer ind han er glad men lige s\u00e5 snart han st\u00e5r i klassen bliver han sur fordi vi larmer &hellip; <a href=\"https:\/\/www.photostory.dk\/?page_id=3003\" class=\"more-link\">L\u00e6s mere <span class=\"screen-reader-text\">Klassen &#8230;.  Man sidder og kigger ud af vinduet<\/span><\/a><\/p>\n","protected":false},"author":1,"featured_media":0,"parent":0,"menu_order":0,"comment_status":"closed","ping_status":"closed","template":"","meta":[],"_links":{"self":[{"href":"https:\/\/www.photostory.dk\/index.php?rest_route=\/wp\/v2\/pages\/3003"}],"collection":[{"href":"https:\/\/www.photostory.dk\/index.php?rest_route=\/wp\/v2\/pages"}],"about":[{"href":"https:\/\/www.photostory.dk\/index.php?rest_route=\/wp\/v2\/types\/page"}],"author":[{"embeddable":true,"href":"https:\/\/www.photostory.dk\/index.php?rest_route=\/wp\/v2\/users\/1"}],"replies":[{"embeddable":true,"href":"https:\/\/www.photostory.dk\/index.php?rest_route=%2Fwp%2Fv2%2Fcomments&post=3003"}],"version-history":[{"count":2,"href":"https:\/\/www.photostory.dk\/index.php?rest_route=\/wp\/v2\/pages\/3003\/revisions"}],"predecessor-version":[{"id":3007,"href":"https:\/\/www.photostory.dk\/index.php?rest_route=\/wp\/v2\/pages\/3003\/revisions\/3007"}],"wp:attachment":[{"href":"https:\/\/www.photostory.dk\/index.php?rest_route=%2Fwp%2Fv2%2Fmedia&parent=3003"}],"curies":[{"name":"wp","href":"https:\/\/api.w.org\/{rel}","templated":true}]}}