{"id":30,"date":"2016-12-11T23:01:20","date_gmt":"2016-12-11T23:01:20","guid":{"rendered":"http:\/\/photostory.dk\/?page_id=30"},"modified":"2017-01-08T22:20:30","modified_gmt":"2017-01-08T22:20:30","slug":"odense-og-omegn","status":"publish","type":"page","link":"https:\/\/www.photostory.dk\/?page_id=30","title":{"rendered":"Odense"},"content":{"rendered":"<p><a href=\"http:\/\/www.hcandersen-homepage.dk\/\"><img decoding=\"async\" loading=\"lazy\" class=\"aligncenter wp-image-754 size-full\" src=\"http:\/\/photostory.dk\/wp-content\/uploads\/2016\/12\/odense-eventyrets-by2.jpg\" width=\"450\" height=\"82\" srcset=\"https:\/\/www.photostory.dk\/wp-content\/uploads\/2016\/12\/odense-eventyrets-by2.jpg 450w, https:\/\/www.photostory.dk\/wp-content\/uploads\/2016\/12\/odense-eventyrets-by2-295x54.jpg 295w\" sizes=\"(max-width: 450px) 100vw, 450px\" \/><\/a><\/p>\n<ul>\n<li style=\"text-align: left;\"><a href=\"http:\/\/photostory.dk\/?page_id=1435\">De kongelige gravm\u00e6ler i Gr\u00e5br\u00f8dre Kirke i Odense 1-9<\/a><\/li>\n<li style=\"text-align: left;\"><a href=\"http:\/\/photostory.dk\/?page_id=767\">Eventyrets by \u2013 Odense<\/a><\/li>\n<li id=\"menu-item-720\" class=\"menu-item menu-item-type-post_type menu-item-object-page menu-item-720\"><a href=\"http:\/\/photostory.dk\/?page_id=713\">Ammoniakkuglen p\u00e5 Odense Havn 25. juni 2006<\/a><\/li>\n<li id=\"menu-item-765\" class=\"menu-item menu-item-type-post_type menu-item-object-page menu-item-765\"><a href=\"http:\/\/photostory.dk\/?page_id=758\">Thomas B. Thriges Gade i Odense f\u00f8r og nu<\/a><\/li>\n<li><a href=\"http:\/\/www.hcandersen-homepage.dk\">Alt om H. C. Andersen<\/a><\/li>\n<li><\/li>\n<\/ul>\n<p>&nbsp;<\/p>\n<p>&nbsp;<\/p>\n","protected":false},"excerpt":{"rendered":"<p>De kongelige gravm\u00e6ler i Gr\u00e5br\u00f8dre Kirke i Odense 1-9 Eventyrets by \u2013 Odense Ammoniakkuglen p\u00e5 Odense Havn 25. juni 2006 Thomas B. Thriges Gade i Odense f\u00f8r og nu Alt om H. C. Andersen &nbsp; &nbsp;<\/p>\n","protected":false},"author":1,"featured_media":0,"parent":0,"menu_order":0,"comment_status":"closed","ping_status":"closed","template":"","meta":[],"_links":{"self":[{"href":"https:\/\/www.photostory.dk\/index.php?rest_route=\/wp\/v2\/pages\/30"}],"collection":[{"href":"https:\/\/www.photostory.dk\/index.php?rest_route=\/wp\/v2\/pages"}],"about":[{"href":"https:\/\/www.photostory.dk\/index.php?rest_route=\/wp\/v2\/types\/page"}],"author":[{"embeddable":true,"href":"https:\/\/www.photostory.dk\/index.php?rest_route=\/wp\/v2\/users\/1"}],"replies":[{"embeddable":true,"href":"https:\/\/www.photostory.dk\/index.php?rest_route=%2Fwp%2Fv2%2Fcomments&post=30"}],"version-history":[{"count":15,"href":"https:\/\/www.photostory.dk\/index.php?rest_route=\/wp\/v2\/pages\/30\/revisions"}],"predecessor-version":[{"id":1552,"href":"https:\/\/www.photostory.dk\/index.php?rest_route=\/wp\/v2\/pages\/30\/revisions\/1552"}],"wp:attachment":[{"href":"https:\/\/www.photostory.dk\/index.php?rest_route=%2Fwp%2Fv2%2Fmedia&parent=30"}],"curies":[{"name":"wp","href":"https:\/\/api.w.org\/{rel}","templated":true}]}}