{"id":2998,"date":"2017-02-15T05:28:49","date_gmt":"2017-02-15T05:28:49","guid":{"rendered":"http:\/\/photostory.dk\/?page_id=2998"},"modified":"2017-02-15T05:29:20","modified_gmt":"2017-02-15T05:29:20","slug":"digt-noget-om-karlslunde-skole","status":"publish","type":"page","link":"https:\/\/www.photostory.dk\/?page_id=2998","title":{"rendered":"Digt: Noget om Karlslunde Skole"},"content":{"rendered":"<p style=\"text-align: center;\"><a href=\"http:\/\/photostory.dk\/wp-content\/uploads\/2017\/02\/co-46-noget-om-karlslundeskole_small.jpg\"><img decoding=\"async\" loading=\"lazy\" class=\"size-full wp-image-2999 aligncenter\" src=\"http:\/\/photostory.dk\/wp-content\/uploads\/2017\/02\/co-46-noget-om-karlslundeskole_small.jpg\" alt=\"\" width=\"400\" height=\"484\" srcset=\"https:\/\/www.photostory.dk\/wp-content\/uploads\/2017\/02\/co-46-noget-om-karlslundeskole_small.jpg 400w, https:\/\/www.photostory.dk\/wp-content\/uploads\/2017\/02\/co-46-noget-om-karlslundeskole_small-182x220.jpg 182w\" sizes=\"(max-width: 400px) 100vw, 400px\" \/><\/a><\/p>\n<p style=\"text-align: center;\"><strong>Noget om Karlslunde Skole<\/strong><\/p>\n<p style=\"text-align: center;\">P\u00e5 denne skole har vi to bygninger<br \/>\nden nye og den gamle<br \/>\nden gamle er for b\u00f8rnehaveklasse<br \/>\ntil og med 6 klasse,<br \/>\nden nye er for 7 klasse<br \/>\ntil og med 10 klasse.<br \/>\nDenne skole er ret s\u00e5 god<br \/>\ntil visse tider, og ret s\u00e5 streng<br \/>\ntil andre tider.<br \/>\nL\u00e6rerne sk\u00e6lder n\u00e6sten altid ud,<br \/>\ni vores klasse tror jeg ikke jeg<br \/>\nhar oplevet ret mange timer hvor<br \/>\nl\u00e6ren ikke har sk\u00e6lt ud.<br \/>\nStore problemer ordnet elevr\u00e5det.<br \/>\nDet var en fort\u00e6lling om vores skole.<\/p>\n<p>\u201cCosta Karlslunde Digte 1981\u201d var en del af et undervisningsprojekt i 1981 p\u00e5\u00a0Karlslunde Skole\u00a0om\u00a0lokalmilj\u00f8er i bl.a. Aved\u00f8re, Lyngby\u00a0og Karlslunde. De her gengivne digte m.m. er fra Karlslunde og omegn\u00a0og udf\u00f8rt af eleverne fra 5, 6 og 7. klasse.<\/p>\n<p style=\"text-align: center;\"><a href=\"http:\/\/photostory.dk\/?page_id=835\">Oversigt Costa Karlslunde Digte 1981. Skoledigte<\/a><\/p>\n","protected":false},"excerpt":{"rendered":"<p>Noget om Karlslunde Skole P\u00e5 denne skole har vi to bygninger den nye og den gamle den gamle er for b\u00f8rnehaveklasse til og med 6 klasse, den nye er for 7 klasse til og med 10 klasse. Denne skole er ret s\u00e5 god til visse tider, og ret s\u00e5 streng til andre tider. L\u00e6rerne sk\u00e6lder &hellip; <a href=\"https:\/\/www.photostory.dk\/?page_id=2998\" class=\"more-link\">L\u00e6s mere <span class=\"screen-reader-text\">Digt: Noget om Karlslunde Skole<\/span><\/a><\/p>\n","protected":false},"author":1,"featured_media":0,"parent":0,"menu_order":0,"comment_status":"closed","ping_status":"closed","template":"","meta":[],"_links":{"self":[{"href":"https:\/\/www.photostory.dk\/index.php?rest_route=\/wp\/v2\/pages\/2998"}],"collection":[{"href":"https:\/\/www.photostory.dk\/index.php?rest_route=\/wp\/v2\/pages"}],"about":[{"href":"https:\/\/www.photostory.dk\/index.php?rest_route=\/wp\/v2\/types\/page"}],"author":[{"embeddable":true,"href":"https:\/\/www.photostory.dk\/index.php?rest_route=\/wp\/v2\/users\/1"}],"replies":[{"embeddable":true,"href":"https:\/\/www.photostory.dk\/index.php?rest_route=%2Fwp%2Fv2%2Fcomments&post=2998"}],"version-history":[{"count":2,"href":"https:\/\/www.photostory.dk\/index.php?rest_route=\/wp\/v2\/pages\/2998\/revisions"}],"predecessor-version":[{"id":3002,"href":"https:\/\/www.photostory.dk\/index.php?rest_route=\/wp\/v2\/pages\/2998\/revisions\/3002"}],"wp:attachment":[{"href":"https:\/\/www.photostory.dk\/index.php?rest_route=%2Fwp%2Fv2%2Fmedia&parent=2998"}],"curies":[{"name":"wp","href":"https:\/\/api.w.org\/{rel}","templated":true}]}}